{"id":46632,"date":"2020-08-17T17:59:55","date_gmt":"2020-08-17T17:59:55","guid":{"rendered":"https:\/\/lnbr.cnpem.br\/?page_id=46632"},"modified":"2023-01-12T11:35:02","modified_gmt":"2023-01-12T11:35:02","slug":"training-opportunities","status":"publish","type":"page","link":"https:\/\/lnbr.cnpem.br\/en\/training-opportunities\/","title":{"rendered":"LNBR | Training opportunities"},"content":{"rendered":"<section class=\"wpb-content-wrapper\"><p>[vc_row][vc_column width=&#8221;3\/4&#8243;][vc_column_text]<\/p>\n<p style=\"text-align: justify;\">We promote regular courses focusing on <strong>synthetic biology<\/strong>, <strong>bioreactors operation,<\/strong> and <strong>biomass characterization<\/strong>. Free, hands-on, and in-depth, these classes are offered on different dates.<\/p>\n<p>[\/vc_column_text][vc_row_inner][vc_column_inner]<div class=\"hr-thin style-line\" style=\"width: 100%;border-top-width: 1px;\"><\/div>[\/vc_column_inner][\/vc_row_inner][vc_empty_space height=&#8221;15px&#8221;][vc_row_inner][vc_column_inner width=&#8221;1\/2&#8243;]<div class=\"ult-new-ib ult-ib-effect-style1  ult-ib-resp  \" data-min-width=\"768\" data-max-width=\"900\" style=\"background:#0a0a0a;\" data-opacity=\"0.6\" data-hover-opacity=\"0.4\" ><img decoding=\"async\" class=\"ult-new-ib-img\" style=\"opacity:0.6;\" alt=\"null\" src=\"https:\/\/lnbr.cnpem.br\/wp-content\/uploads\/2021\/08\/treinamento-synthetic-biology-biologia-sintetica.png\"   \/><div id=\"interactive-banner-wrap-5663\" class=\"ult-new-ib-desc\" style=\"\"><h2 class=\"ult-new-ib-title ult-responsive\"  data-ultimate-target='#interactive-banner-wrap-5663 .ult-new-ib-title'  data-responsive-json-new='{\"font-size\":\"desktop:30px;\",\"line-height\":\"\"}'  style=\"font-weight:bold;\">Synthetic Biology<\/h2><div class=\"ult-new-ib-content ult-responsive\"  data-ultimate-target='#interactive-banner-wrap-5663 .ult-new-ib-content'  data-responsive-json-new='{\"font-size\":\"desktop:15px;\",\"line-height\":\"\"}'  style=\"font-weight:normal;\"><p>A course dedicated to Synthetic Biology, highlighting tools and approaches for building microbial platforms to address a wide range of biotechnological processes<\/p><\/div><\/div><a class=\"ult-new-ib-link\" href=\"https:\/\/pages.cnpem.br\/cursobiologiasintetica\/\" target=\"_blank\" rel=\"noopener\"  ><\/a><\/div><div class=\"hr-thin style-line hr-left\" style=\"width: 15%;border-color: #81d742;border-top-width: 5px;\"><\/div>[\/vc_column_inner][vc_column_inner width=&#8221;1\/2&#8243;]<div class=\"ult-new-ib ult-ib-effect-style1  ult-ib-resp  \" data-min-width=\"768\" data-max-width=\"900\" style=\"background:#0a0a0a;\" data-opacity=\"0.6\" data-hover-opacity=\"0.4\" ><img decoding=\"async\" class=\"ult-new-ib-img\" style=\"opacity:0.6;\" alt=\"null\" src=\"https:\/\/lnbr.cnpem.br\/wp-content\/uploads\/2020\/07\/2020-07-24-08_06_45-\u00daLTIMAS-EDI\u00c7\u00d5ES-\u2013-Curso-para-Opera\u00e7\u00e3o-de-Biorreatores-de-Bancada.png\"   \/><div id=\"interactive-banner-wrap-7769\" class=\"ult-new-ib-desc\" style=\"\"><h2 class=\"ult-new-ib-title ult-responsive\"  data-ultimate-target='#interactive-banner-wrap-7769 .ult-new-ib-title'  data-responsive-json-new='{\"font-size\":\"desktop:30px;\",\"line-height\":\"\"}'  style=\"font-weight:bold;\">Bioreactors Operation<\/h2><div class=\"ult-new-ib-content ult-responsive\"  data-ultimate-target='#interactive-banner-wrap-7769 .ult-new-ib-content'  data-responsive-json-new='{\"font-size\":\"desktop:15px;\",\"line-height\":\"\"}'  style=\"font-weight:normal;\"><p>A free, in-depth, hands-on course that addresses theoretical concepts involving the type and classification of bioreactors with emphasis on mechanically stirred bioreactors<\/p><\/div><\/div><a class=\"ult-new-ib-link\" href=\"https:\/\/pages.cnpem.br\/biorreatores\/\" target=\"_blank\" rel=\"noopener\"  ><\/a><\/div><div class=\"hr-thin style-line hr-left\" style=\"width: 15%;border-color: #81d742;border-top-width: 5px;\"><\/div>[\/vc_column_inner][\/vc_row_inner][vc_row_inner][vc_column_inner width=&#8221;1\/2&#8243;]<div class=\"ult-new-ib ult-ib-effect-style1  ult-ib-resp  \" data-min-width=\"768\" data-max-width=\"900\" style=\"background:#0a0a0a;\" data-opacity=\"0.6\" data-hover-opacity=\"0.4\" ><img decoding=\"async\" class=\"ult-new-ib-img\" style=\"opacity:0.6;\" alt=\"null\" src=\"https:\/\/lnbr.cnpem.br\/wp-content\/uploads\/2020\/07\/Caracterizacao.jpg\"   \/><div id=\"interactive-banner-wrap-9515\" class=\"ult-new-ib-desc\" style=\"\"><h2 class=\"ult-new-ib-title ult-responsive\"  data-ultimate-target='#interactive-banner-wrap-9515 .ult-new-ib-title'  data-responsive-json-new='{\"font-size\":\"desktop:30px;\",\"line-height\":\"\"}'  style=\"font-weight:bold;\">Biomass Characterization<\/h2><div class=\"ult-new-ib-content ult-responsive\"  data-ultimate-target='#interactive-banner-wrap-9515 .ult-new-ib-content'  data-responsive-json-new='{\"font-size\":\"desktop:15px;\",\"line-height\":\"\"}'  style=\"font-weight:normal;\"><p>A free course that targets undergraduate and graduate students and professionals working in research and teaching institutions whose studies are related to biomass processing<\/p><\/div><\/div><a class=\"ult-new-ib-link\" href=\"https:\/\/pages.cnpem.br\/cursodecaracterizacao\/\" target=\"_blank\" rel=\"noopener\"  ><\/a><\/div><div class=\"hr-thin style-line hr-left\" style=\"width: 15%;border-color: #81d742;border-top-width: 5px;\"><\/div>[\/vc_column_inner][vc_column_inner width=&#8221;1\/2&#8243;][\/vc_column_inner][\/vc_row_inner][\/vc_column][vc_column width=&#8221;1\/4&#8243;][vc_accordion active_tab=&#8221;1&#8243; collapsible=&#8221;yes&#8221; style=&#8221;2&#8243;][vc_accordion_tab title=&#8221;USERS&#8221;][vc_custom_heading text=&#8221;Open-access Facilities&#8221; font_container=&#8221;tag:p|text_align:left&#8221; google_fonts=&#8221;font_family:Open%20Sans%3A300%2C300italic%2Cregular%2Citalic%2C600%2C600italic%2C700%2C700italic%2C800%2C800italic|font_style:400%20regular%3A400%3Anormal&#8221; link=&#8221;url:https%3A%2F%2Fpages.cnpem.br%2Flnbrteste%2Ffacilities%2F|title:LNBR%20%7C%20Open-access%20facilities||&#8221;][vc_custom_heading text=&#8221;Training Opportunities&#8221; font_container=&#8221;tag:p|text_align:left&#8221; google_fonts=&#8221;font_family:Open%20Sans%3A300%2C300italic%2Cregular%2Citalic%2C600%2C600italic%2C700%2C700italic%2C800%2C800italic|font_style:400%20regular%3A400%3Anormal&#8221; link=&#8221;url:https%3A%2F%2Fpages.cnpem.br%2Flnbrteste%2Ftraining-opportunities%2F|title:LNBR%20%7C%20Training%20opportunities||&#8221;][vc_custom_heading text=&#8221;Workshops &amp; Conferences&#8221; font_container=&#8221;tag:p|text_align:left&#8221; google_fonts=&#8221;font_family:Open%20Sans%3A300%2C300italic%2Cregular%2Citalic%2C600%2C600italic%2C700%2C700italic%2C800%2C800italic|font_style:400%20regular%3A400%3Anormal&#8221; link=&#8221;url:https%3A%2F%2Fpages.cnpem.br%2Flnbrteste%2Fworkshops-conferences%2F|title:LNBR%20%7C%20Workshops%20%26%20conferences||&#8221;][\/vc_accordion_tab][\/vc_accordion]<div class=\"hr-thin style-line\" style=\"width: 100%;border-color: #606060;border-top-width: 5px;\"><\/div>[vc_accordion active_tab=&#8221;1&#8243; collapsible=&#8221;yes&#8221; style=&#8221;2&#8243;][vc_accordion_tab title=&#8221;CONTACT US&#8221;][vc_column_text]<strong>General Inquiries<br \/>\n<\/strong>Erik N. Medina<br \/>\n+55 19 3512-3138<br \/>\n<a href=\"mailto:erik.medina@cnpem.br\">erik.medina@cnpem.br<\/a>[\/vc_column_text][\/vc_accordion_tab][\/vc_accordion]<div class=\"hr-thin style-line\" style=\"width: 100%;border-color: #606060;border-top-width: 5px;\"><\/div>[vc_accordion active_tab=&#8221;false&#8221; collapsible=&#8221;yes&#8221; style=&#8221;2&#8243;][vc_accordion_tab title=&#8221;SHARE&#8221;][vc_column_text]<\/p>\n<div class=\"single-share-box\">\n<div class=\"share-buttons\"><a class=\"linkedin\" title=\"LinkedIn\" href=\"https:\/\/www.linkedin.com\/shareArticle?mini=true&amp;url=https%3A%2F%2Fpages.cnpem.br%2Flnbrteste%2Flideranca%2F&amp;title=Lideran%C3%A7a&amp;summary=&amp;source=LNBR\" target=\"_blank\" rel=\"noopener noreferrer\"><span class=\"social-text\">Share on LinkedIn<\/span><span class=\"screen-reader-text\">Share on LinkedIn<\/span><\/a><br \/>\n<a class=\"facebook\" title=\"Facebook\" href=\"http:\/\/www.facebook.com\/sharer.php?u=https%3A%2F%2Fpages.cnpem.br%2Flnbrteste%2Flideranca%2F&amp;t=Lideran%C3%A7a\" target=\"_blank\" rel=\"noopener noreferrer\"><span class=\"social-text\">Share on Facebook<\/span><span class=\"screen-reader-text\">Share on Facebook<\/span><\/a><br \/>\n<a class=\"twitter\" title=\"Twitter\" href=\"https:\/\/twitter.com\/share?url=https%3A%2F%2Fpages.cnpem.br%2Flnbrteste%2Flideranca%2F&amp;text=Lideran%C3%A7a\" target=\"_blank\" rel=\"noopener noreferrer\"><span class=\"social-text\">Tweet<\/span><span class=\"screen-reader-text\">Share on Twitter<\/span><\/a><br \/>\n<a class=\"whatsapp\" title=\"WhatsApp\" href=\"https:\/\/api.whatsapp.com\/send?text=Lideran%C3%A7a%20-%20https%3A%2F%2Fpages.cnpem.br%2Flnbrteste%2Flideranca%2F\" target=\"_blank\" rel=\"noopener noreferrer\" data-action=\"share\/whatsapp\/share\"><span class=\"social-text\">Share on WhatsApp<\/span><span class=\"screen-reader-text\">Share on WhatsApp<\/span><\/a><\/div>\n<p><!-- #content -->[\/vc_column_text][\/vc_accordion_tab][\/vc_accordion]<div class=\"hr-thin style-line\" style=\"width: 100%;border-color: #606060;border-top-width: 5px;\"><\/div>[\/vc_column][\/vc_row]<\/p>\n<\/div>\n<\/section>","protected":false},"excerpt":{"rendered":"<p>[vc_row][vc_column width=&#8221;3\/4&#8243;][vc_column_text] We promote regular courses focusing on synthetic biology, bioreactors operation, and biomass characterization. Free, hands-on, and in-depth, these classes are offered on different dates. [\/vc_column_text][vc_row_inner][vc_column_inner][\/vc_column_inner][\/vc_row_inner][vc_empty_space height=&#8221;15px&#8221;][vc_row_inner][vc_column_inner width=&#8221;1\/2&#8243;][\/vc_column_inner][vc_column_inner width=&#8221;1\/2&#8243;][\/vc_column_inner][\/vc_row_inner][vc_row_inner][vc_column_inner width=&#8221;1\/2&#8243;][\/vc_column_inner][vc_column_inner width=&#8221;1\/2&#8243;][\/vc_column_inner][\/vc_row_inner][\/vc_column][vc_column width=&#8221;1\/4&#8243;][vc_accordion active_tab=&#8221;1&#8243; collapsible=&#8221;yes&#8221; style=&#8221;2&#8243;][vc_accordion_tab title=&#8221;USERS&#8221;][vc_custom_heading text=&#8221;Open-access Facilities&#8221; font_container=&#8221;tag:p|text_align:left&#8221; google_fonts=&#8221;font_family:Open%20Sans%3A300%2C300italic%2Cregular%2Citalic%2C600%2C600italic%2C700%2C700italic%2C800%2C800italic|font_style:400%20regular%3A400%3Anormal&#8221; link=&#8221;url:https%3A%2F%2Fpages.cnpem.br%2Flnbrteste%2Ffacilities%2F|title:LNBR%20%7C%20Open-access%20facilities||&#8221;][vc_custom_heading text=&#8221;Training Opportunities&#8221; font_container=&#8221;tag:p|text_align:left&#8221; google_fonts=&#8221;font_family:Open%20Sans%3A300%2C300italic%2Cregular%2Citalic%2C600%2C600italic%2C700%2C700italic%2C800%2C800italic|font_style:400%20regular%3A400%3Anormal&#8221; link=&#8221;url:https%3A%2F%2Fpages.cnpem.br%2Flnbrteste%2Ftraining-opportunities%2F|title:LNBR%20%7C%20Training%20opportunities||&#8221;][vc_custom_heading text=&#8221;Workshops &amp; Conferences&#8221; font_container=&#8221;tag:p|text_align:left&#8221; google_fonts=&#8221;font_family:Open%20Sans%3A300%2C300italic%2Cregular%2Citalic%2C600%2C600italic%2C700%2C700italic%2C800%2C800italic|font_style:400%20regular%3A400%3Anormal&#8221; link=&#8221;url:https%3A%2F%2Fpages.cnpem.br%2Flnbrteste%2Fworkshops-conferences%2F|title:LNBR%20%7C%20Workshops%20%26%20conferences||&#8221;][\/vc_accordion_tab][\/vc_accordion][vc_accordion active_tab=&#8221;1&#8243; collapsible=&#8221;yes&#8221;&hellip;<\/p>\n","protected":false},"author":3,"featured_media":0,"parent":0,"menu_order":0,"comment_status":"closed","ping_status":"closed","template":"","meta":{"_acf_changed":false,"_monsterinsights_skip_tracking":false,"_monsterinsights_sitenote_active":false,"_monsterinsights_sitenote_note":"","_monsterinsights_sitenote_category":0,"footnotes":"","_links_to":"","_links_to_target":""},"class_list":["post-46632","page","type-page","status-publish","hentry","description-off"],"acf":[],"_links":{"self":[{"href":"https:\/\/lnbr.cnpem.br\/en\/wp-json\/wp\/v2\/pages\/46632","targetHints":{"allow":["GET"]}}],"collection":[{"href":"https:\/\/lnbr.cnpem.br\/en\/wp-json\/wp\/v2\/pages"}],"about":[{"href":"https:\/\/lnbr.cnpem.br\/en\/wp-json\/wp\/v2\/types\/page"}],"author":[{"embeddable":true,"href":"https:\/\/lnbr.cnpem.br\/en\/wp-json\/wp\/v2\/users\/3"}],"replies":[{"embeddable":true,"href":"https:\/\/lnbr.cnpem.br\/en\/wp-json\/wp\/v2\/comments?post=46632"}],"version-history":[{"count":0,"href":"https:\/\/lnbr.cnpem.br\/en\/wp-json\/wp\/v2\/pages\/46632\/revisions"}],"wp:attachment":[{"href":"https:\/\/lnbr.cnpem.br\/en\/wp-json\/wp\/v2\/media?parent=46632"}],"curies":[{"name":"wp","href":"https:\/\/api.w.org\/{rel}","templated":true}]}}