{"id":46655,"date":"2020-08-17T18:00:15","date_gmt":"2020-08-17T18:00:15","guid":{"rendered":"https:\/\/lnbr.cnpem.br\/?page_id=46655"},"modified":"2020-08-18T04:11:39","modified_gmt":"2020-08-18T04:11:39","slug":"research-facilities","status":"publish","type":"page","link":"https:\/\/lnbr.cnpem.br\/en\/research-facilities\/","title":{"rendered":"LNBR | Research Facilities"},"content":{"rendered":"<section class=\"wpb-content-wrapper\"><p>[vc_row][vc_column width=&#8221;3\/4&#8243;][vc_column_text]<\/p>\n<p style=\"text-align: justify;\">At CNPEM we acquired competencies and mastered techniques for the development of biological platforms:<\/p>\n<section class=\"av_textblock_section \">\n<div class=\"avia_textblock \">\n<ul>\n<li style=\"text-align: justify;\">Structural and molecular biology: synchrotron-based crystallography, electronic microscopy (including cryo-EM) and bioimaging capabilities,<\/li>\n<li style=\"text-align: justify;\">Multiomics, multi metaomic approaches and analytical capabilities: genomics, transcriptomics, metabolomics and proteomics,<\/li>\n<li style=\"text-align: justify;\">Synthetic biology: biological engineering, bioinformatics and computational biocatalysis (Molecular Dynamics and Quantum Mechanics).<\/li>\n<\/ul>\n<p>Research equipment for the development of biological platforms is either available at LNBR or at its sister Laboratories at CNPEM.<\/p>\n<\/div>\n<\/section>\n<div id=\"gtx-trans\" style=\"position: absolute; left: 560px; top: 29px;\">\n<div class=\"gtx-trans-icon\"><\/div>\n<\/div>\n<p>[\/vc_column_text][vc_column_text]<span style=\"font-size: 14pt;\"><strong>Main equipment at LNBR facilities<\/strong><\/span><\/p>\n<div id=\"gtx-trans\" style=\"position: absolute; left: 16px; top: -19px;\">\n<div class=\"gtx-trans-icon\"><\/div>\n<\/div>\n<p>[\/vc_column_text][vc_row_inner][vc_column_inner width=&#8221;1\/3&#8243;]<div class=\"ult-new-ib ult-ib-effect-style1  ult-ib-resp  \" data-min-width=\"768\" data-max-width=\"900\" style=\"background:#0c0c0c;\" data-opacity=\"0.6\" data-hover-opacity=\"0.4\" ><img decoding=\"async\" class=\"ult-new-ib-img\" style=\"opacity:0.6;\" alt=\"null\" src=\"https:\/\/lnbr.cnpem.br\/wp-content\/uploads\/2020\/07\/HTS.png\"   \/><div id=\"interactive-banner-wrap-6874\" class=\"ult-new-ib-desc\" style=\"\"><h2 class=\"ult-new-ib-title ult-responsive\"  data-ultimate-target='#interactive-banner-wrap-6874 .ult-new-ib-title'  data-responsive-json-new='{\"font-size\":\"desktop:20px;\",\"line-height\":\"\"}'  style=\"font-weight:bold;\">High-Throughput Sequencing<\/h2><div class=\"ult-new-ib-content ult-responsive\"  data-ultimate-target='#interactive-banner-wrap-6874 .ult-new-ib-content'  data-responsive-json-new='{\"font-size\":\"desktop:12px;\",\"line-height\":\"\"}'  style=\"font-weight:normal;\"><p>Genome sequencing, evaluation of the gene expression of various biological systems<\/p><\/div><\/div><a class=\"ult-new-ib-link\"  ><\/a><\/div>[\/vc_column_inner][vc_column_inner width=&#8221;1\/3&#8243;]<div class=\"ult-new-ib ult-ib-effect-style1  ult-ib-resp  \" data-min-width=\"768\" data-max-width=\"900\" style=\"background:#0c0c0c;\" data-opacity=\"0.6\" data-hover-opacity=\"0.4\" ><img decoding=\"async\" class=\"ult-new-ib-img\" style=\"opacity:0.6;\" alt=\"null\" src=\"https:\/\/lnbr.cnpem.br\/wp-content\/uploads\/2020\/07\/Capillary_4.png\"   \/><div id=\"interactive-banner-wrap-7388\" class=\"ult-new-ib-desc\" style=\"\"><h2 class=\"ult-new-ib-title ult-responsive\"  data-ultimate-target='#interactive-banner-wrap-7388 .ult-new-ib-title'  data-responsive-json-new='{\"font-size\":\"desktop:20px;\",\"line-height\":\"\"}'  style=\"font-weight:bold;\">Capillary Electrophoresis System<\/h2><div class=\"ult-new-ib-content ult-responsive\"  data-ultimate-target='#interactive-banner-wrap-7388 .ult-new-ib-content'  data-responsive-json-new='{\"font-size\":\"desktop:12px;\",\"line-height\":\"\"}'  style=\"font-weight:normal;\"><p>Determination of profile of carbohydrates from hydrolysis by glycosidic enzymes<\/p><\/div><\/div><\/div>[\/vc_column_inner][vc_column_inner width=&#8221;1\/3&#8243;]<div class=\"ult-new-ib ult-ib-effect-style1  ult-ib-resp  \" data-min-width=\"768\" data-max-width=\"900\" style=\"background:#0c0c0c;\" data-opacity=\"0.6\" data-hover-opacity=\"0.4\" ><img decoding=\"async\" class=\"ult-new-ib-img\" style=\"opacity:0.6;\" alt=\"null\" src=\"https:\/\/lnbr.cnpem.br\/wp-content\/uploads\/2020\/07\/Mass_Spectrometry_1.png\"   \/><div id=\"interactive-banner-wrap-2759\" class=\"ult-new-ib-desc\" style=\"\"><h2 class=\"ult-new-ib-title ult-responsive\"  data-ultimate-target='#interactive-banner-wrap-2759 .ult-new-ib-title'  data-responsive-json-new='{\"font-size\":\"desktop:20px;\",\"line-height\":\"\"}'  style=\"font-weight:bold;\">Mass Spectrometry<\/h2><div class=\"ult-new-ib-content ult-responsive\"  data-ultimate-target='#interactive-banner-wrap-2759 .ult-new-ib-content'  data-responsive-json-new='{\"font-size\":\"desktop:12px;\",\"line-height\":\"\"}'  style=\"font-weight:normal;\"><p>Mass spectrometry coupled to liquid and gas chromatography to identify and quantify of metabolites in complex biological samples<\/p><\/div><\/div><a class=\"ult-new-ib-link\"  ><\/a><\/div>[\/vc_column_inner][\/vc_row_inner][vc_row_inner][vc_column_inner width=&#8221;1\/3&#8243;]<div class=\"ult-new-ib ult-ib-effect-style1  ult-ib-resp  \" data-min-width=\"768\" data-max-width=\"900\" style=\"background:#0c0c0c;\" data-opacity=\"0.6\" data-hover-opacity=\"0.4\" ><img decoding=\"async\" class=\"ult-new-ib-img\" style=\"opacity:0.6;\" alt=\"null\" src=\"https:\/\/lnbr.cnpem.br\/wp-content\/uploads\/2020\/07\/Spectro.png\"   \/><div id=\"interactive-banner-wrap-3282\" class=\"ult-new-ib-desc\" style=\"\"><h2 class=\"ult-new-ib-title ult-responsive\"  data-ultimate-target='#interactive-banner-wrap-3282 .ult-new-ib-title'  data-responsive-json-new='{\"font-size\":\"desktop:20px;\",\"line-height\":\"\"}'  style=\"font-weight:bold;\">Spectrophotometry<\/h2><div class=\"ult-new-ib-content ult-responsive\"  data-ultimate-target='#interactive-banner-wrap-3282 .ult-new-ib-content'  data-responsive-json-new='{\"font-size\":\"desktop:12px;\",\"line-height\":\"\"}'  style=\"font-weight:normal;\"><p>Determination of composition of the secondary structure of macromolecules and investigation of thermostability<\/p><\/div><\/div><a class=\"ult-new-ib-link\"  ><\/a><\/div>[\/vc_column_inner][vc_column_inner width=&#8221;1\/3&#8243;]<div class=\"ult-new-ib ult-ib-effect-style1  ult-ib-resp  \" data-min-width=\"768\" data-max-width=\"900\" style=\"background:#0c0c0c;\" data-opacity=\"0.6\" data-hover-opacity=\"0.4\" ><img decoding=\"async\" class=\"ult-new-ib-img\" style=\"opacity:0.6;\" alt=\"null\" src=\"https:\/\/lnbr.cnpem.br\/wp-content\/uploads\/2020\/07\/HOME_david-clode-75CxJTYeUYs-unsplash-scaled-1.jpg\"   \/><div id=\"interactive-banner-wrap-8679\" class=\"ult-new-ib-desc\" style=\"\"><h2 class=\"ult-new-ib-title ult-responsive\"  data-ultimate-target='#interactive-banner-wrap-8679 .ult-new-ib-title'  data-responsive-json-new='{\"font-size\":\"desktop:20px;\",\"line-height\":\"\"}'  style=\"font-weight:bold;\">Spectrofluorimeter<\/h2><div class=\"ult-new-ib-content ult-responsive\"  data-ultimate-target='#interactive-banner-wrap-8679 .ult-new-ib-content'  data-responsive-json-new='{\"font-size\":\"desktop:12px;\",\"line-height\":\"\"}'  style=\"font-weight:normal;\"><p>Characterization of intrinsic and extrinsic fluorescence, phosphorescence, bio and chemiluminescence of macromolecules<\/p><\/div><\/div><a class=\"ult-new-ib-link\"  ><\/a><\/div>[\/vc_column_inner][vc_column_inner width=&#8221;1\/3&#8243;]<div class=\"ult-new-ib ult-ib-effect-style1  ult-ib-resp  \" data-min-width=\"768\" data-max-width=\"900\" style=\"background:#0c0c0c;\" data-opacity=\"0.6\" data-hover-opacity=\"0.4\" ><img decoding=\"async\" class=\"ult-new-ib-img\" style=\"opacity:0.6;\" alt=\"null\" src=\"https:\/\/lnbr.cnpem.br\/wp-content\/uploads\/2020\/07\/Cap_DLS.png\"   \/><div id=\"interactive-banner-wrap-7176\" class=\"ult-new-ib-desc\" style=\"\"><h2 class=\"ult-new-ib-title ult-responsive\"  data-ultimate-target='#interactive-banner-wrap-7176 .ult-new-ib-title'  data-responsive-json-new='{\"font-size\":\"desktop:20px;\",\"line-height\":\"\"}'  style=\"font-weight:bold;\">Dynamic Light Scattering<\/h2><div class=\"ult-new-ib-content ult-responsive\"  data-ultimate-target='#interactive-banner-wrap-7176 .ult-new-ib-content'  data-responsive-json-new='{\"font-size\":\"desktop:12px;\",\"line-height\":\"\"}'  style=\"font-weight:normal;\"><p>Determination of the structural homogeneity of molecules in solution<\/p><\/div><\/div><a class=\"ult-new-ib-link\"  ><\/a><\/div>[\/vc_column_inner][\/vc_row_inner][vc_row_inner][vc_column_inner width=&#8221;1\/3&#8243;]<div class=\"ult-new-ib ult-ib-effect-style1  ult-ib-resp  \" data-min-width=\"768\" data-max-width=\"900\" style=\"background:#0c0c0c;\" data-opacity=\"0.6\" data-hover-opacity=\"0.4\" ><img decoding=\"async\" class=\"ult-new-ib-img\" style=\"opacity:0.6;\" alt=\"null\" src=\"https:\/\/lnbr.cnpem.br\/wp-content\/uploads\/2020\/07\/Reactors_20L_2.png\"   \/><div id=\"interactive-banner-wrap-1963\" class=\"ult-new-ib-desc\" style=\"\"><h2 class=\"ult-new-ib-title ult-responsive\"  data-ultimate-target='#interactive-banner-wrap-1963 .ult-new-ib-title'  data-responsive-json-new='{\"font-size\":\"desktop:20px;\",\"line-height\":\"\"}'  style=\"font-weight:bold;\">Automated Bioreactors (up to 20L)<\/h2><div class=\"ult-new-ib-content ult-responsive\"  data-ultimate-target='#interactive-banner-wrap-1963 .ult-new-ib-content'  data-responsive-json-new='{\"font-size\":\"desktop:12px;\",\"line-height\":\"\"}'  style=\"font-weight:normal;\"><p>Cultivation and characterization of microorganisms (fungi, bacteria, and yeasts), enzymatic hydrolysis, and alcoholic fermentation and support equipment for microbial propagation and biomolecule analysis (NB-1)<\/p><\/div><\/div><a class=\"ult-new-ib-link\"  ><\/a><\/div>[\/vc_column_inner][vc_column_inner width=&#8221;1\/3&#8243;]<div class=\"ult-new-ib ult-ib-effect-style1  ult-ib-resp  \" data-min-width=\"768\" data-max-width=\"900\" style=\"background:#0c0c0c;\" data-opacity=\"0.6\" data-hover-opacity=\"0.4\" ><img decoding=\"async\" class=\"ult-new-ib-img\" style=\"opacity:0.6;\" alt=\"null\" src=\"https:\/\/lnbr.cnpem.br\/wp-content\/uploads\/2020\/07\/Ph_Ch_1.png\"   \/><div id=\"interactive-banner-wrap-5411\" class=\"ult-new-ib-desc\" style=\"\"><h2 class=\"ult-new-ib-title ult-responsive\"  data-ultimate-target='#interactive-banner-wrap-5411 .ult-new-ib-title'  data-responsive-json-new='{\"font-size\":\"desktop:20px;\",\"line-height\":\"\"}'  style=\"font-weight:bold;\">Physciochemical Equipment<\/h2><div class=\"ult-new-ib-content ult-responsive\"  data-ultimate-target='#interactive-banner-wrap-5411 .ult-new-ib-content'  data-responsive-json-new='{\"font-size\":\"desktop:12px;\",\"line-height\":\"\"}'  style=\"font-weight:normal;\"><p>Fractionation and milling systems, chemical synthesis, separation and purification of products, chemical catalysis employing reactors capable of operating in a wide range of pressure\/temperature, solvents, and pH<\/p><\/div><\/div><a class=\"ult-new-ib-link\"  ><\/a><\/div>[\/vc_column_inner][vc_column_inner width=&#8221;1\/3&#8243;]<div class=\"ult-new-ib ult-ib-effect-style1  ult-ib-resp  \" data-min-width=\"768\" data-max-width=\"900\" style=\"background:#0c0c0c;\" data-opacity=\"0.6\" data-hover-opacity=\"0.4\" ><img decoding=\"async\" class=\"ult-new-ib-img\" style=\"opacity:0.6;\" alt=\"null\" src=\"https:\/\/lnbr.cnpem.br\/wp-content\/uploads\/2020\/07\/PPDP_1.png\"   \/><div id=\"interactive-banner-wrap-1544\" class=\"ult-new-ib-desc\" style=\"\"><h2 class=\"ult-new-ib-title ult-responsive\"  data-ultimate-target='#interactive-banner-wrap-1544 .ult-new-ib-title'  data-responsive-json-new='{\"font-size\":\"desktop:20px;\",\"line-height\":\"\"}'  style=\"font-weight:bold;\">Pilot Plant<\/h2><div class=\"ult-new-ib-content ult-responsive\"  data-ultimate-target='#interactive-banner-wrap-1544 .ult-new-ib-content'  data-responsive-json-new='{\"font-size\":\"desktop:12px;\",\"line-height\":\"\"}'  style=\"font-weight:normal;\"><p>Verification and demonstration, on a semi-industrial scale (300 L) of the robustness and stability of technological biotechnological platforms<\/p><\/div><\/div><\/div>[\/vc_column_inner][\/vc_row_inner][vc_row_inner][vc_column_inner width=&#8221;1\/3&#8243;]<div class=\"ult-new-ib ult-ib-effect-style1  ult-ib-resp  \" data-min-width=\"768\" data-max-width=\"900\" style=\"background:#0c0c0c;\" data-opacity=\"0.6\" data-hover-opacity=\"0.4\" ><img decoding=\"async\" class=\"ult-new-ib-img\" style=\"opacity:0.6;\" alt=\"null\" src=\"https:\/\/lnbr.cnpem.br\/wp-content\/uploads\/2020\/07\/Casa-de-Vegeta\u00e7\u00e3o-scaled-1.jpg\"   \/><div id=\"interactive-banner-wrap-3395\" class=\"ult-new-ib-desc\" style=\"\"><h2 class=\"ult-new-ib-title ult-responsive\"  data-ultimate-target='#interactive-banner-wrap-3395 .ult-new-ib-title'  data-responsive-json-new='{\"font-size\":\"desktop:20px;\",\"line-height\":\"\"}'  style=\"font-weight:bold;\">Greenhouse<\/h2><div class=\"ult-new-ib-content ult-responsive\"  data-ultimate-target='#interactive-banner-wrap-3395 .ult-new-ib-content'  data-responsive-json-new='{\"font-size\":\"desktop:12px;\",\"line-height\":\"\"}'  style=\"font-weight:normal;\"><p>Controlled environment for biotechnological developments for agriculture<\/p><\/div><\/div><a class=\"ult-new-ib-link\"  ><\/a><\/div>[\/vc_column_inner][\/vc_row_inner]<div class=\"hr-thin style-line\" style=\"width: 100%;border-top-width: 1px;\"><\/div>[vc_column_text]<span style=\"font-size: 14pt;\"><strong>Other equipment at CNPEM<\/strong><\/span>[\/vc_column_text][vc_row_inner][vc_column_inner width=&#8221;1\/3&#8243;]<div class=\"ult-new-ib ult-ib-effect-style1  ult-ib-resp  \" data-min-width=\"768\" data-max-width=\"900\" style=\"background:#0c0c0c;\" data-opacity=\"0.6\" data-hover-opacity=\"0.4\" ><img decoding=\"async\" class=\"ult-new-ib-img\" style=\"opacity:0.6;\" alt=\"null\" src=\"https:\/\/lnbr.cnpem.br\/wp-content\/uploads\/2020\/07\/cnpem-sirius.jpg\"   \/><div id=\"interactive-banner-wrap-3567\" class=\"ult-new-ib-desc\" style=\"\"><h2 class=\"ult-new-ib-title ult-responsive\"  data-ultimate-target='#interactive-banner-wrap-3567 .ult-new-ib-title'  data-responsive-json-new='{\"font-size\":\"desktop:20px;\",\"line-height\":\"\"}'  style=\"font-weight:bold;\">Sirius - Synchrotron Light Source<\/h2><div class=\"ult-new-ib-content ult-responsive\"  data-ultimate-target='#interactive-banner-wrap-3567 .ult-new-ib-content'  data-responsive-json-new='{\"font-size\":\"desktop:12px;\",\"line-height\":\"\"}'  style=\"font-weight:normal;\"><p>Sirius, a nova fonte de luz s\u00edncrotron brasileira, \u00e9 a maior e mais complexa infraestrutura de pesquisa j\u00e1 constru\u00edda no Pa\u00eds.<\/p><\/div><\/div><a class=\"ult-new-ib-link\" href=\"https:\/\/www.lnls.cnpem.br\/sirius\/\" target=\"_blank\" rel=\"noopener\"  ><\/a><\/div>[\/vc_column_inner][vc_column_inner width=&#8221;1\/3&#8243;]<div class=\"ult-new-ib ult-ib-effect-style1  ult-ib-resp  \" data-min-width=\"768\" data-max-width=\"900\" style=\"background:#0c0c0c;\" data-opacity=\"0.6\" data-hover-opacity=\"0.4\" ><img decoding=\"async\" class=\"ult-new-ib-img\" style=\"opacity:0.6;\" alt=\"null\" src=\"https:\/\/lnbr.cnpem.br\/wp-content\/uploads\/2020\/07\/NuclearMag2.jpg\"   \/><div id=\"interactive-banner-wrap-3524\" class=\"ult-new-ib-desc\" style=\"\"><h2 class=\"ult-new-ib-title ult-responsive\"  data-ultimate-target='#interactive-banner-wrap-3524 .ult-new-ib-title'  data-responsive-json-new='{\"font-size\":\"desktop:20px;\",\"line-height\":\"\"}'  style=\"font-weight:bold;\">RMN<\/h2><div class=\"ult-new-ib-content ult-responsive\"  data-ultimate-target='#interactive-banner-wrap-3524 .ult-new-ib-content'  data-responsive-json-new='{\"font-size\":\"desktop:12px;\",\"line-height\":\"\"}'  style=\"font-weight:normal;\"><p>Fractionation and milling systems, chemical synthesis, separation and purification of products, chemical catalysis employing reactors capable of operating in a wide range of pressure\/temperature, solvents, and pH<\/p><\/div><\/div><a class=\"ult-new-ib-link\" href=\"https:\/\/lnbio.cnpem.br\/facilities\/nuclear-magnetic-resonance\/\" target=\"_blank\" rel=\"noopener\"  ><\/a><\/div>[\/vc_column_inner][vc_column_inner width=&#8221;1\/3&#8243;]<div class=\"ult-new-ib ult-ib-effect-style1  ult-ib-resp  \" data-min-width=\"768\" data-max-width=\"900\" style=\"background:#0c0c0c;\" data-opacity=\"0.6\" data-hover-opacity=\"0.4\" ><img decoding=\"async\" class=\"ult-new-ib-img\" style=\"opacity:0.6;\" alt=\"null\" src=\"https:\/\/lnbr.cnpem.br\/wp-content\/uploads\/2020\/07\/TITANrsz_311__gxt4881.jpg\"   \/><div id=\"interactive-banner-wrap-5640\" class=\"ult-new-ib-desc\" style=\"\"><h2 class=\"ult-new-ib-title ult-responsive\"  data-ultimate-target='#interactive-banner-wrap-5640 .ult-new-ib-title'  data-responsive-json-new='{\"font-size\":\"desktop:20px;\",\"line-height\":\"\"}'  style=\"font-weight:bold;\">Cryomicroscopy<\/h2><div class=\"ult-new-ib-content ult-responsive\"  data-ultimate-target='#interactive-banner-wrap-5640 .ult-new-ib-content'  data-responsive-json-new='{\"font-size\":\"desktop:12px;\",\"line-height\":\"\"}'  style=\"font-weight:normal;\"><p>Verification and demonstration, on a semi-industrial scale (300 L) of the robustness and stability of technological biotechnological platforms<\/p><\/div><\/div><a class=\"ult-new-ib-link\" href=\"https:\/\/lnnano.cnpem.br\/for-users\/\" target=\"_blank\" rel=\"noopener\"  ><\/a><\/div>[\/vc_column_inner][\/vc_row_inner][\/vc_column][vc_column width=&#8221;1\/4&#8243;][vc_accordion active_tab=&#8221;false&#8221; collapsible=&#8221;yes&#8221; style=&#8221;2&#8243;][vc_accordion_tab title=&#8221;RESEARCH&#8221;][vc_custom_heading text=&#8221;Research Divisions&#8221; font_container=&#8221;tag:p|text_align:left&#8221; google_fonts=&#8221;font_family:Open%20Sans%3A300%2C300italic%2Cregular%2Citalic%2C600%2C600italic%2C700%2C700italic%2C800%2C800italic|font_style:400%20regular%3A400%3Anormal&#8221; link=&#8221;url:https%3A%2F%2Fpages.cnpem.br%2Flnbrteste%2Fresearch%2Fdivisions%2F|title:LNBR%20%7C%20Research%20Divisions||&#8221;][vc_custom_heading text=&#8221;Research Facilities&#8221; font_container=&#8221;tag:p|text_align:left&#8221; google_fonts=&#8221;font_family:Open%20Sans%3A300%2C300italic%2Cregular%2Citalic%2C600%2C600italic%2C700%2C700italic%2C800%2C800italic|font_style:400%20regular%3A400%3Anormal&#8221; link=&#8221;url:https%3A%2F%2Fpages.cnpem.br%2Flnbrteste%2Fresearch-facilities%2F|title:LNBR%20%7C%20Research%20Facilities||&#8221;][vc_custom_heading text=&#8221;Research Highlights&#8221; font_container=&#8221;tag:p|text_align:left&#8221; google_fonts=&#8221;font_family:Open%20Sans%3A300%2C300italic%2Cregular%2Citalic%2C600%2C600italic%2C700%2C700italic%2C800%2C800italic|font_style:400%20regular%3A400%3Anormal&#8221; link=&#8221;url:https%3A%2F%2Fpages.cnpem.br%2Flnbrteste%2Fresearch-highlights%2F|title:LNBR%20%7C%20Research%20Highlights||&#8221;][vc_custom_heading text=&#8221;Scientific Publications&#8221; font_container=&#8221;tag:p|text_align:left&#8221; google_fonts=&#8221;font_family:Open%20Sans%3A300%2C300italic%2Cregular%2Citalic%2C600%2C600italic%2C700%2C700italic%2C800%2C800italic|font_style:400%20regular%3A400%3Anormal&#8221; link=&#8221;url:https%3A%2F%2Fpages.cnpem.br%2Flnbrteste%2Fscientific-publications%2F|title:LNBR%20%7C%20Scientific%20Publications||&#8221;][\/vc_accordion_tab][\/vc_accordion]<div class=\"hr-thin style-line\" style=\"width: 100%;border-color: #606060;border-top-width: 5px;\"><\/div>[vc_accordion active_tab=&#8221;1&#8243; collapsible=&#8221;yes&#8221; style=&#8221;2&#8243;][vc_accordion_tab title=&#8221;CONTACT US&#8221;][vc_column_text]<strong>General LNBR Inquiries<br \/>\n<\/strong>+55 19 3512-1000<br \/>\n<a href=\"mailto:lnbrcomunica@cnpem.br\">lnbrcomunica@cnpem.br<\/a>[\/vc_column_text][\/vc_accordion_tab][\/vc_accordion]<div class=\"hr-thin style-line\" style=\"width: 100%;border-color: #606060;border-top-width: 5px;\"><\/div>[vc_accordion active_tab=&#8221;false&#8221; collapsible=&#8221;yes&#8221; style=&#8221;2&#8243;][vc_accordion_tab title=&#8221;SHARE&#8221;][vc_column_text]<\/p>\n<div class=\"single-share-box\">\n<div class=\"share-buttons\"><a class=\"linkedin\" title=\"LinkedIn\" href=\"https:\/\/www.linkedin.com\/shareArticle?mini=true&amp;url=https%3A%2F%2Fpages.cnpem.br%2Flnbrteste%2Flideranca%2F&amp;title=Lideran%C3%A7a&amp;summary=&amp;source=LNBR\" target=\"_blank\" rel=\"noopener noreferrer\"><span class=\"social-text\">Share on LinkedIn<\/span><span class=\"screen-reader-text\">Share on LinkedIn<\/span><\/a><br \/>\n<a class=\"facebook\" title=\"Facebook\" href=\"http:\/\/www.facebook.com\/sharer.php?u=https%3A%2F%2Fpages.cnpem.br%2Flnbrteste%2Flideranca%2F&amp;t=Lideran%C3%A7a\" target=\"_blank\" rel=\"noopener noreferrer\"><span class=\"social-text\">Share on Facebook<\/span><span class=\"screen-reader-text\">Share on Facebook<\/span><\/a><br \/>\n<a class=\"twitter\" title=\"Twitter\" href=\"https:\/\/twitter.com\/share?url=https%3A%2F%2Fpages.cnpem.br%2Flnbrteste%2Flideranca%2F&amp;text=Lideran%C3%A7a\" target=\"_blank\" rel=\"noopener noreferrer\"><span class=\"social-text\">Tweet<\/span><span class=\"screen-reader-text\">Share on Twitter<\/span><\/a><br \/>\n<a class=\"whatsapp\" title=\"WhatsApp\" href=\"https:\/\/api.whatsapp.com\/send?text=Lideran%C3%A7a%20-%20https%3A%2F%2Fpages.cnpem.br%2Flnbrteste%2Flideranca%2F\" target=\"_blank\" rel=\"noopener noreferrer\" data-action=\"share\/whatsapp\/share\"><span class=\"social-text\">Share on WhatsApp<\/span><span class=\"screen-reader-text\">Share on WhatsApp<\/span><\/a><\/div>\n<p><!-- #content -->[\/vc_column_text][\/vc_accordion_tab][\/vc_accordion][\/vc_column][\/vc_row]<\/p>\n<\/div>\n<\/section>","protected":false},"excerpt":{"rendered":"<p>[vc_row][vc_column width=&#8221;3\/4&#8243;][vc_column_text] At CNPEM we acquired competencies and mastered techniques for the development of biological platforms: Structural and molecular biology: synchrotron-based crystallography, electronic microscopy (including cryo-EM) and bioimaging capabilities, Multiomics, multi metaomic approaches and analytical capabilities: genomics, transcriptomics, metabolomics and proteomics, Synthetic biology: biological engineering, bioinformatics and computational biocatalysis (Molecular Dynamics and Quantum Mechanics). Research&hellip;<\/p>\n","protected":false},"author":3,"featured_media":0,"parent":0,"menu_order":0,"comment_status":"closed","ping_status":"closed","template":"","meta":{"_acf_changed":false,"_monsterinsights_skip_tracking":false,"_monsterinsights_sitenote_active":false,"_monsterinsights_sitenote_note":"","_monsterinsights_sitenote_category":0,"footnotes":"","_links_to":"","_links_to_target":""},"class_list":["post-46655","page","type-page","status-publish","hentry","description-off"],"acf":[],"_links":{"self":[{"href":"https:\/\/lnbr.cnpem.br\/en\/wp-json\/wp\/v2\/pages\/46655","targetHints":{"allow":["GET"]}}],"collection":[{"href":"https:\/\/lnbr.cnpem.br\/en\/wp-json\/wp\/v2\/pages"}],"about":[{"href":"https:\/\/lnbr.cnpem.br\/en\/wp-json\/wp\/v2\/types\/page"}],"author":[{"embeddable":true,"href":"https:\/\/lnbr.cnpem.br\/en\/wp-json\/wp\/v2\/users\/3"}],"replies":[{"embeddable":true,"href":"https:\/\/lnbr.cnpem.br\/en\/wp-json\/wp\/v2\/comments?post=46655"}],"version-history":[{"count":0,"href":"https:\/\/lnbr.cnpem.br\/en\/wp-json\/wp\/v2\/pages\/46655\/revisions"}],"wp:attachment":[{"href":"https:\/\/lnbr.cnpem.br\/en\/wp-json\/wp\/v2\/media?parent=46655"}],"curies":[{"name":"wp","href":"https:\/\/api.w.org\/{rel}","templated":true}]}}