{"id":46660,"date":"2020-08-17T18:00:15","date_gmt":"2020-08-17T18:00:15","guid":{"rendered":"https:\/\/lnbr.cnpem.br\/?page_id=46660"},"modified":"2020-08-20T19:56:33","modified_gmt":"2020-08-20T19:56:33","slug":"issue-papers","status":"publish","type":"page","link":"https:\/\/lnbr.cnpem.br\/en\/sucre-project\/dissemination\/issue-papers\/","title":{"rendered":"LNBR | SUCRE&#8217;s Issue Papers"},"content":{"rendered":"<section class=\"wpb-content-wrapper\"><p>[vc_row][vc_column width=&#8221;3\/4&#8243;][vc_column_text]<\/p>\n<p style=\"text-align: justify;\"><span style=\"font-size: 14pt;\"><strong>Issue Papers<\/strong><\/span><\/p>\n<p style=\"text-align: justify;\">Download all five SUCRE Project issue papers and check its references bellow.<\/p>\n<p>[\/vc_column_text][vc_row_inner][vc_column_inner width=&#8221;1\/5&#8243;]<style type=\"text\/css\" data-type=\"the7_shortcodes-inline-css\">.shortcode-single-image-wrap.shortcode-single-image-8bd83fbf2a47a98de59b37061e647bb0.enable-bg-rollover .rollover i,\n.shortcode-single-image-wrap.shortcode-single-image-8bd83fbf2a47a98de59b37061e647bb0.enable-bg-rollover .rollover-video i {\n  background: ;\n  background: -webkit-linear-gradient();\n  background: linear-gradient();\n}\n.shortcode-single-image-wrap.shortcode-single-image-8bd83fbf2a47a98de59b37061e647bb0 .rollover-icon {\n  font-size: 32px;\n  color: #ffffff;\n  min-width: 44px;\n  min-height: 44px;\n  line-height: 44px;\n  border-radius: 100px;\n  border-style: solid;\n  border-width: 0px;\n}\n.dt-icon-bg-on.shortcode-single-image-wrap.shortcode-single-image-8bd83fbf2a47a98de59b37061e647bb0 .rollover-icon {\n  background: rgba(255,255,255,0.3);\n  box-shadow: none;\n}\n<\/style><div class=\"shortcode-single-image-wrap shortcode-single-image-8bd83fbf2a47a98de59b37061e647bb0 alignnone  enable-bg-rollover dt-icon-bg-off\" style=\"margin-top:0px; margin-bottom:0px; margin-left:0px; margin-right:0px; width:500px;\"><div class=\"shortcode-single-image\"><div class=\"fancy-media-wrap\" style=\"\"><a href=\"https:\/\/lnbr.cnpem.br\/wp-content\/uploads\/2020\/07\/1.Straw-Processing-and-Burning.pdf\" class=\" layzr-bg rollover\" style=\"\" target=\"_blank\" rel=\"noopener\" aria-label=\"Image\"><img fetchpriority=\"high\" decoding=\"async\" class=\"preload-me lazy-load aspect\" src=\"data:image\/svg+xml,%3Csvg%20xmlns%3D&#39;http%3A%2F%2Fwww.w3.org%2F2000%2Fsvg&#39;%20viewBox%3D&#39;0%200%20500%20706&#39;%2F%3E\" data-src=\"https:\/\/lnbr.cnpem.br\/wp-content\/uploads\/2020\/07\/1.-Capa-Recovery-Routes-500x706.png\" data-srcset=\"https:\/\/lnbr.cnpem.br\/wp-content\/uploads\/2020\/07\/1.-Capa-Recovery-Routes-500x706.png 500w, https:\/\/lnbr.cnpem.br\/wp-content\/uploads\/2020\/07\/1.-Capa-Recovery-Routes.png 551w\" loading=\"eager\" style=\"--ratio: 500 \/ 706\" sizes=\"(max-width: 500px) 100vw, 500px\" width=\"500\" height=\"706\"  data-dt-location=\"https:\/\/lnbr.cnpem.br\/en\/1-capa-recovery-routes\/\" alt=\"\" \/><\/a><\/div><\/div><\/div>[\/vc_column_inner][vc_column_inner width=&#8221;1\/5&#8243;]<style type=\"text\/css\" data-type=\"the7_shortcodes-inline-css\">.shortcode-single-image-wrap.shortcode-single-image-9355d634faf458b74600371715fee864.enable-bg-rollover .rollover i,\n.shortcode-single-image-wrap.shortcode-single-image-9355d634faf458b74600371715fee864.enable-bg-rollover .rollover-video i {\n  background: ;\n  background: -webkit-linear-gradient();\n  background: linear-gradient();\n}\n.shortcode-single-image-wrap.shortcode-single-image-9355d634faf458b74600371715fee864 .rollover-icon {\n  font-size: 32px;\n  color: #ffffff;\n  min-width: 44px;\n  min-height: 44px;\n  line-height: 44px;\n  border-radius: 100px;\n  border-style: solid;\n  border-width: 0px;\n}\n.dt-icon-bg-on.shortcode-single-image-wrap.shortcode-single-image-9355d634faf458b74600371715fee864 .rollover-icon {\n  background: rgba(255,255,255,0.3);\n  box-shadow: none;\n}\n<\/style><div class=\"shortcode-single-image-wrap shortcode-single-image-9355d634faf458b74600371715fee864 alignnone  enable-bg-rollover dt-icon-bg-off\" style=\"margin-top:0px; margin-bottom:0px; margin-left:0px; margin-right:0px; width:500px;\"><div class=\"shortcode-single-image\"><div class=\"fancy-media-wrap\" style=\"\"><a href=\"https:\/\/lnbr.cnpem.br\/wp-content\/uploads\/2020\/07\/Sugarcane-Bioelectricity.pdf\" class=\" layzr-bg rollover\" style=\"\" target=\"_blank\" rel=\"noopener\" aria-label=\"Image\"><img decoding=\"async\" class=\"preload-me lazy-load aspect\" src=\"data:image\/svg+xml,%3Csvg%20xmlns%3D&#39;http%3A%2F%2Fwww.w3.org%2F2000%2Fsvg&#39;%20viewBox%3D&#39;0%200%20500%20708&#39;%2F%3E\" data-src=\"https:\/\/lnbr.cnpem.br\/wp-content\/uploads\/2020\/07\/2.-Capa-Processing-500x708.png\" data-srcset=\"https:\/\/lnbr.cnpem.br\/wp-content\/uploads\/2020\/07\/2.-Capa-Processing-500x708.png 500w, https:\/\/lnbr.cnpem.br\/wp-content\/uploads\/2020\/07\/2.-Capa-Processing.png 549w\" loading=\"eager\" style=\"--ratio: 500 \/ 708\" sizes=\"(max-width: 500px) 100vw, 500px\" width=\"500\" height=\"708\"  data-dt-location=\"https:\/\/lnbr.cnpem.br\/en\/2-capa-processing\/\" alt=\"\" \/><\/a><\/div><\/div><\/div>[\/vc_column_inner][vc_column_inner width=&#8221;1\/5&#8243;]<style type=\"text\/css\" data-type=\"the7_shortcodes-inline-css\">.shortcode-single-image-wrap.shortcode-single-image-418cbbc7cda8edd216aa500363dc3dad.enable-bg-rollover .rollover i,\n.shortcode-single-image-wrap.shortcode-single-image-418cbbc7cda8edd216aa500363dc3dad.enable-bg-rollover .rollover-video i {\n  background: ;\n  background: -webkit-linear-gradient();\n  background: linear-gradient();\n}\n.shortcode-single-image-wrap.shortcode-single-image-418cbbc7cda8edd216aa500363dc3dad .rollover-icon {\n  font-size: 32px;\n  color: #ffffff;\n  min-width: 44px;\n  min-height: 44px;\n  line-height: 44px;\n  border-radius: 100px;\n  border-style: solid;\n  border-width: 0px;\n}\n.dt-icon-bg-on.shortcode-single-image-wrap.shortcode-single-image-418cbbc7cda8edd216aa500363dc3dad .rollover-icon {\n  background: rgba(255,255,255,0.3);\n  box-shadow: none;\n}\n<\/style><div class=\"shortcode-single-image-wrap shortcode-single-image-418cbbc7cda8edd216aa500363dc3dad alignnone  enable-bg-rollover dt-icon-bg-off\" style=\"margin-top:0px; margin-bottom:0px; margin-left:0px; margin-right:0px; width:500px;\"><div class=\"shortcode-single-image\"><div class=\"fancy-media-wrap\" style=\"\"><a href=\"https:\/\/lnbr.cnpem.br\/wp-content\/uploads\/2020\/07\/Recovery-Routes.pdf\" class=\" layzr-bg rollover\" style=\"\" target=\"_blank\" rel=\"noopener\" aria-label=\"Image\"><img decoding=\"async\" class=\"preload-me lazy-load aspect\" src=\"data:image\/svg+xml,%3Csvg%20xmlns%3D&#39;http%3A%2F%2Fwww.w3.org%2F2000%2Fsvg&#39;%20viewBox%3D&#39;0%200%20500%20705&#39;%2F%3E\" data-src=\"https:\/\/lnbr.cnpem.br\/wp-content\/uploads\/2020\/07\/3.-Capa-Guidelines-500x705.png\" data-srcset=\"https:\/\/lnbr.cnpem.br\/wp-content\/uploads\/2020\/07\/3.-Capa-Guidelines-500x705.png 500w, https:\/\/lnbr.cnpem.br\/wp-content\/uploads\/2020\/07\/3.-Capa-Guidelines.png 550w\" loading=\"eager\" style=\"--ratio: 500 \/ 705\" sizes=\"(max-width: 500px) 100vw, 500px\" width=\"500\" height=\"705\"  data-dt-location=\"https:\/\/lnbr.cnpem.br\/en\/3-capa-guidelines\/\" alt=\"\" \/><\/a><\/div><\/div><\/div>[\/vc_column_inner][vc_column_inner width=&#8221;1\/5&#8243;]<style type=\"text\/css\" data-type=\"the7_shortcodes-inline-css\">.shortcode-single-image-wrap.shortcode-single-image-deb251b48e13c39cbd3b80e1b0e04a2a.enable-bg-rollover .rollover i,\n.shortcode-single-image-wrap.shortcode-single-image-deb251b48e13c39cbd3b80e1b0e04a2a.enable-bg-rollover .rollover-video i {\n  background: ;\n  background: -webkit-linear-gradient();\n  background: linear-gradient();\n}\n.shortcode-single-image-wrap.shortcode-single-image-deb251b48e13c39cbd3b80e1b0e04a2a .rollover-icon {\n  font-size: 32px;\n  color: #ffffff;\n  min-width: 44px;\n  min-height: 44px;\n  line-height: 44px;\n  border-radius: 100px;\n  border-style: solid;\n  border-width: 0px;\n}\n.dt-icon-bg-on.shortcode-single-image-wrap.shortcode-single-image-deb251b48e13c39cbd3b80e1b0e04a2a .rollover-icon {\n  background: rgba(255,255,255,0.3);\n  box-shadow: none;\n}\n<\/style><div class=\"shortcode-single-image-wrap shortcode-single-image-deb251b48e13c39cbd3b80e1b0e04a2a alignnone  enable-bg-rollover dt-icon-bg-off\" style=\"margin-top:0px; margin-bottom:0px; margin-left:0px; margin-right:0px; width:500px;\"><div class=\"shortcode-single-image\"><div class=\"fancy-media-wrap\" style=\"\"><a href=\"https:\/\/lnbr.cnpem.br\/wp-content\/uploads\/2020\/07\/Guidelines-for-Straw-Remolval.pdf\" class=\" layzr-bg rollover\" style=\"\" target=\"_blank\" rel=\"noopener\" aria-label=\"Image\"><img decoding=\"async\" class=\"preload-me lazy-load aspect\" src=\"data:image\/svg+xml,%3Csvg%20xmlns%3D&#39;http%3A%2F%2Fwww.w3.org%2F2000%2Fsvg&#39;%20viewBox%3D&#39;0%200%20500%20705&#39;%2F%3E\" data-src=\"https:\/\/lnbr.cnpem.br\/wp-content\/uploads\/2020\/07\/4.-Capa-Sustainable-500x705.png\" data-srcset=\"https:\/\/lnbr.cnpem.br\/wp-content\/uploads\/2020\/07\/4.-Capa-Sustainable-500x705.png 500w, https:\/\/lnbr.cnpem.br\/wp-content\/uploads\/2020\/07\/4.-Capa-Sustainable-551x776.png 551w\" loading=\"eager\" style=\"--ratio: 500 \/ 705\" sizes=\"(max-width: 500px) 100vw, 500px\" width=\"500\" height=\"705\"  data-dt-location=\"https:\/\/lnbr.cnpem.br\/en\/4-capa-sustainable\/\" alt=\"\" \/><\/a><\/div><\/div><\/div>[\/vc_column_inner][vc_column_inner width=&#8221;1\/5&#8243;]<style type=\"text\/css\" data-type=\"the7_shortcodes-inline-css\">.shortcode-single-image-wrap.shortcode-single-image-1cc530acaf420dafa6195264529b3874.enable-bg-rollover .rollover i,\n.shortcode-single-image-wrap.shortcode-single-image-1cc530acaf420dafa6195264529b3874.enable-bg-rollover .rollover-video i {\n  background: ;\n  background: -webkit-linear-gradient();\n  background: linear-gradient();\n}\n.shortcode-single-image-wrap.shortcode-single-image-1cc530acaf420dafa6195264529b3874 .rollover-icon {\n  font-size: 32px;\n  color: #ffffff;\n  min-width: 44px;\n  min-height: 44px;\n  line-height: 44px;\n  border-radius: 100px;\n  border-style: solid;\n  border-width: 0px;\n}\n.dt-icon-bg-on.shortcode-single-image-wrap.shortcode-single-image-1cc530acaf420dafa6195264529b3874 .rollover-icon {\n  background: rgba(255,255,255,0.3);\n  box-shadow: none;\n}\n<\/style><div class=\"shortcode-single-image-wrap shortcode-single-image-1cc530acaf420dafa6195264529b3874 alignnone  enable-bg-rollover dt-icon-bg-off\" style=\"margin-top:0px; margin-bottom:0px; margin-left:0px; margin-right:0px; width:500px;\"><div class=\"shortcode-single-image\"><div class=\"fancy-media-wrap\" style=\"\"><a href=\"https:\/\/lnbr.cnpem.br\/wp-content\/uploads\/2020\/07\/Sustainable-Bioelectricity.pdf\" class=\" layzr-bg rollover\" style=\"\" target=\"_blank\" rel=\"noopener\" aria-label=\"Image\"><img decoding=\"async\" class=\"preload-me lazy-load aspect\" src=\"data:image\/svg+xml,%3Csvg%20xmlns%3D&#39;http%3A%2F%2Fwww.w3.org%2F2000%2Fsvg&#39;%20viewBox%3D&#39;0%200%20500%20704&#39;%2F%3E\" data-src=\"https:\/\/lnbr.cnpem.br\/wp-content\/uploads\/2020\/07\/5.-Capa-Marco-Regulato\u0301rio-500x704.png\" data-srcset=\"https:\/\/lnbr.cnpem.br\/wp-content\/uploads\/2020\/07\/5.-Capa-Marco-Regulato\u0301rio-500x704.png 500w, https:\/\/lnbr.cnpem.br\/wp-content\/uploads\/2020\/07\/5.-Capa-Marco-Regulato\u0301rio.png 553w\" loading=\"eager\" style=\"--ratio: 500 \/ 704\" sizes=\"(max-width: 500px) 100vw, 500px\" width=\"500\" height=\"704\"  data-dt-location=\"https:\/\/lnbr.cnpem.br\/en\/5-capa-marco-regulatorio\/\" alt=\"\" \/><\/a><\/div><\/div><\/div>[\/vc_column_inner][\/vc_row_inner][vc_empty_space height=&#8221;15px&#8221;][vc_column_text]<\/p>\n<p style=\"text-align: justify;\"><span style=\"font-size: 14pt;\"><strong>References<\/strong><\/span><\/p>\n<p style=\"text-align: justify;\">Bonomi, A.; Cavalett, O.; CUNHA, M.; Lima, M. A., (2016). Virtual biorefinery.\u00a0<em>Cham:Springer International Publishing<\/em>.<\/p>\n<p style=\"text-align: justify;\">Cundall, A. P.; Strack, O. D. L. A. (1979). Discrete Numerical Model for Granular Assemblies.\u00a0<em>Geotechnique.\u00a0<\/em>v. 29, pp. 47-65.<\/p>\n<p style=\"text-align: justify;\">Duft, D.G. et al. In revision. Exploring potential land for sugarcane expansion regarding conservation and environmental relevant areas in Brazil. Journal of Cleaner production.<\/p>\n<p style=\"text-align: justify;\">Hassuani, S. J.; Leal, M. R. L. V.; Macedo, I. de C., (2005). Biomass Power Generation: Sugar Cane Bagasse and Trash.\u00a0<em>S\u00e9rie Caminhos para Sustentabilidade \u2013 01.\u00a0<\/em>Piracicaba, S\u00e3o Paulo, Brasil\u00a0: PNUD \u2013 Programa das Na\u00e7\u00f5es Unidas para o Desenvolvimento. CTC \u2013 Centro de Tecnologia Canavieira.<\/p>\n<p style=\"text-align: justify;\">Hernandes, T.A.D. et al., (2018a). Assessment of impacts on basin stream flow derived from medium-term sugarcane expansion scenarios in Brazil.\u00a0<em>Agriculture, Ecosystems and Environment<\/em>. 259:11-18. https:\/\/doi.org\/10.1016\/j.agee.2018.02.026.<\/p>\n<p style=\"text-align: justify;\">Hernandes, T.A.D., et al., (2018b). Assessment of the recent land use change dynamics related to sugarcane expansion and the associated effects on water resources availability.\u00a0<em>Journal of Cleaner Production<\/em>. 197: 1328-1341. https:\/\/doi.org\/10.1016\/j.jclepro.2018.06.297.<\/p>\n<p style=\"text-align: justify;\">Leal, M. R. L. V. et al., (2013). Sugarcane straw availability, quality, recovery and energy use: A literature review.\u00a0<em>Biomass &amp; Bioenergy<\/em>. 53, 11-19.<\/p>\n<p style=\"text-align: justify;\">Leal, M.R.L.V., Hernandes, T.A.D. and Mantelatto, P.E., (2019). Sugarcane agricultural residues: potential, bottlenecks and solutions.\u00a0<em>Proceedings of International Society of Sugar Cane Technologists ISSCT<\/em>, 30. 1959-1968.<\/p>\n<p style=\"text-align: justify;\">Neves, J. L. M. (2003) Avalia\u00e7\u00e3o de perdas invis\u00edveis em colhedoras de cana-de-a\u00e7\u00facar picada e alternativas para sua redu\u00e7\u00e3o.<em>Tese de Doutorado.\u00a0<\/em>Campinas, S\u00e3o Paulo, Brasil\u00a0: Faculdade de Engenharia Agr\u00edcola (Feagri), Unicamp.<\/p>\n<p style=\"text-align: justify;\">Neves, J. L. M. e et al., (2015).\u00a0<em>Esta\u00e7\u00e3o de Limpeza a Seco de Cana de A\u00e7\u00facar Colhida com Palha. INPI 10 2015 001504-6\u00a0<\/em>Brasil. Inven\u00e7\u00e3o.<\/p>\n<p style=\"text-align: justify;\">Neves, J. L. M.; Cypriani, K.; Calori, N.C.T.; Pimenta, R.C.M.; Noleto, T.H.Y., (2015). Sugarcane Trash Shredding.\u00a0<em>Zukerindustrie<\/em>. 3, 156-160.<\/p>\n<p style=\"text-align: justify;\">Neves, J. L. M., et al. (2016). Trash Shredder Mounted on Chopped Sugarcane Harvester model John Deere 3520.<em>Zuckerindustrie \/ Sugar Industry.\u00a0<\/em>141, 713-719.<\/p>\n<p style=\"text-align: justify;\">Neves, J. L. M.; Magalh\u00e3es, P. S. G.; Moraes, E. E., (2006). Avalia\u00e7\u00e3o de perdas invis\u00edveis na colheita mec\u00e2nica em dois fluxos de cana-de-a\u00e7\u00facar.\u00a0<em>Engenharia Agr\u00edcola<\/em>, 26.<\/p>\n<p style=\"text-align: justify;\">Okuno, F. M.; Cardoso, T. F.; Duft, D. G., et al., (2019). Technical and Economic Parameters of Sugarcane Straw Recovery: Baling and Integral Harvesting.\u00a0<em>BioEnergy Research.\u00a0<\/em><a href=\"https:\/\/doi.org\/10.1007\/s12155-019-10039-0\">https:\/\/doi.org\/10.1007\/s12155-019-10039-0<\/a>.<\/p>\n<p style=\"text-align: justify;\">Okuno, F.M. et al., (2019). Technical and Economic Parameters of Sugarcane Straw Recovery: Baling and Integral Harvesting.\u00a0<em>Bioenergy Research<\/em>. 12:930-943<\/p>\n<p style=\"text-align: justify;\">Patwardhan, A. W. et al., (2005). Optimization of gas-liquid reactor using computacional fluid dynamics.\u00a0<em>Chemical Engineering Science,<\/em>\u00a0v. 60 n.11, pp. 3081-3089.<\/p>\n<p style=\"text-align: justify;\">Pierossi, M. A. e Fagundes, S. A., (2013). Enfardamento da Palha. [A. do livro] F. Santos e A. Bor\u00e9m.\u00a0<em>Cana-de-A\u00e7\u00facar: do plantio \u00e0 colheita.\u00a0<\/em>Vi\u00e7osa, Minas Gerais, Brasil\u00a0: UFV, pp. 245-257.<\/p>\n<p style=\"text-align: justify;\">Rees, B., (2015). Evaluation of Systems to Harvest, Process and Transport Sugarcane Biomass.\u00a0<em>Msc Engineering degree.\u00a0<\/em>Pietermaritzburg, South Africa\u00a0: Bioresources Engineering School of Engineering, University ok KwaZulu-Natal.<\/p>\n<p style=\"text-align: justify;\">Rein, P., (2007).\u00a0<em>Sugar Cane Engineering.\u00a0Verlag Dr. Albert Bartens KG<\/em>, Berlin, Germany.<\/p>\n<p style=\"text-align: justify;\">FIESP, CEPEA., (2016). PIB do Agroneg\u00f3cio do Estado de S\u00e3o Paulo.\u00a0<em>Departamento do Agroneg\u00f3cio da Fiesp (Deagro), Centro de Estudos Avan\u00e7ados em Economia Aplicada (Cepea).<\/em>\u00a0Available in:\u00a0<a href=\"http:\/\/az545403.vo.msecnd.net\/uploads\/2017\/05\/pib-agro-sp-2016.pdf\">http:\/\/az545403.vo.msecnd.net\/uploads\/2017\/05\/pib-agro-sp-2016.pdf<\/a>.<\/p>\n<p style=\"text-align: justify;\">Sampaio, I.L. et al., (2019). Electricity Production from Sugarcane Straw Recovered Through Bale System: Assessment of Retrofit Projects.\u00a0<em>Bioenergy Research<\/em>, 12: 865. https:\/\/doi.org\/10.1007\/s12155-019-10014-9.<\/p>\n<p style=\"text-align: justify;\">Soares, C. C. S. P., et al. Comercial Sugarcane Dry Cleaning Systems in Brazil: Progress and Challenges.\u00a0<em>BioEnergy Research.\u00a0<\/em><a href=\"https:\/\/doi.org\/10.1007\/s12155-019-10026-5\">https:\/\/doi.org\/10.1007\/s12155-019-10026-5<\/a>, 2019.<\/p>\n<p style=\"text-align: justify;\">Soares, C. C. S. P., et al. Sugarcane trash processing and burning alternatives.\u00a0<em>International Society of Sugar Cane Technologists Congress, 30.\u00a0<\/em>Reports and Abastracts of the Proceeding, edited by Peter G. Allsopp: Yhe ISSCT Congress Organising Committee, 2019, p.151, Tucum\u00e1n, Argentina, 2019.<\/p>\n<p style=\"text-align: justify;\">Soares, C. C. S. P.; Duft, D. G.; Carvalho, D. J.; Mantelatto, P. E.; Okuno, F. M.; Guizelini, P. C.; Trez, C. R.; Leal M. R. L. V., (2019). Sugarcane Trash Processing and Burning Alternatives.\u00a0<em>Proceedings of International Society of Sugar Cane Technologists ISSCT<\/em>. 30, 157-164.<\/p>\n<p style=\"text-align: justify;\">Soares, C. C. S. P.; Okuno, F. M.; Duft, D. G.; Carvalho, D. J.; Morandi, J.; Guizelini Jr., P. C.; Trez, C. R.; Mantelatto, P. E.; Leal, M. R. L. V., (2019). Commercial Sugarcane Dry Cleaning Systems in Brazil: Progress and Challenges.\u00a0<em>BioEnergy Research<\/em>. 12, 920\u2013929,\u00a0<a href=\"https:\/\/doi.org\/10.1007\/s12155-019-10026-5\">https:\/\/doi.org\/10.1007\/s12155-019-10026-5<\/a><\/p>\n<p style=\"text-align: justify;\">Souza, N.R.D. et al., (2019). Sugarcane straw recovery: potential for climate change mitigation in Brazil.\u00a0<em>Proceedings of the 27th European Biomass Conference<\/em>. p.1714-1718.<\/p>\n<p style=\"text-align: justify;\">SUCRE Project. (2020). Sustainable Bioelectricity. LNBR\/CNPEM. Dispon\u00edvel em:\u00a0<a href=\"https:\/\/lnbr.cnpem.br\/wp-content\/uploads\/2020\/05\/Sustainable-Bioelectricity.pdf\">https:\/\/lnbr.cnpem.br\/wp-content\/uploads\/2020\/05\/Sustainable-Bioelectricity.pdf<\/a>.<\/p>\n<p style=\"text-align: justify;\">SUCRE Project., (2019). Processamento e Queima de Palha de Cana-de-a\u00e7\u00facar.\u00a0<em>LNBR\/CNPEM<\/em>. Dispon\u00edvel em:\u00a0<a href=\"https:\/\/lnbr.cnpem.br\/pesquisa\/desafios-tecnologicos\/projeto-sucre\/disseminacao\/cartilhas\/\">https:\/\/lnbr.cnpem.br\/pesquisa\/desafios-tecnologicos\/projeto-sucre\/disseminacao\/cartilhas\/<\/a>.<\/p>\n<p style=\"text-align: justify;\">Watanabe, M.D.B. et al., (2020). Process simulation of renewable electricity from sugarcane straw: Techno-economic assessment of retrofit scenarios in Brazil.\u00a0<em>Journal of Cleaner Production<\/em>, 254: 1-10 https:\/\/doi.org\/10.1016\/j.jclepro.2020.120081<\/p>\n<p>[\/vc_column_text][vc_empty_space height=&#8221;15px&#8221;][\/vc_column][vc_column width=&#8221;1\/4&#8243;][vc_accordion active_tab=&#8221;false&#8221; collapsible=&#8221;yes&#8221; style=&#8221;2&#8243;][vc_accordion_tab title=&#8221;INDUSTRY&#8221;][vc_custom_heading text=&#8221;Innovation&#8221; font_container=&#8221;tag:p|text_align:left&#8221; google_fonts=&#8221;font_family:Open%20Sans%3A300%2C300italic%2Cregular%2Citalic%2C600%2C600italic%2C700%2C700italic%2C800%2C800italic|font_style:400%20regular%3A400%3Anormal&#8221; link=&#8221;url:https%3A%2F%2Fpages.cnpem.br%2Flnbrteste%2Finnovation%2F|title:LNBR%20%7C%20Innovation||&#8221;][vc_custom_heading text=&#8221;BioValue &#8211; H2020&#8243; font_container=&#8221;tag:p|text_align:left&#8221; google_fonts=&#8221;font_family:Open%20Sans%3A300%2C300italic%2Cregular%2Citalic%2C600%2C600italic%2C700%2C700italic%2C800%2C800italic|font_style:400%20regular%3A400%3Anormal&#8221; link=&#8221;url:https%3A%2F%2Fpages.cnpem.br%2Flnbrteste%2Fbiovalue%2F|title:LNBR%20%7C%20BioValue||&#8221;][vc_custom_heading text=&#8221;SUCRE Project&#8221; font_container=&#8221;tag:p|text_align:left&#8221; google_fonts=&#8221;font_family:Open%20Sans%3A300%2C300italic%2Cregular%2Citalic%2C600%2C600italic%2C700%2C700italic%2C800%2C800italic|font_style:400%20regular%3A400%3Anormal&#8221; link=&#8221;url:https%3A%2F%2Fpages.cnpem.br%2Flnbrteste%2Fsucre-project%2F|title:LNBR%20%7C%20SUCRE%20Project||&#8221;][\/vc_accordion_tab][\/vc_accordion]<div class=\"hr-thin style-line\" style=\"width: 100%;border-color: #606060;border-top-width: 5px;\"><\/div>[vc_accordion active_tab=&#8221;1&#8243; collapsible=&#8221;yes&#8221; style=&#8221;2&#8243;][vc_accordion_tab title=&#8221;SUCRE PROJECT&#8221;][vc_column_text]<a href=\"https:\/\/lnbr.cnpem.br\/sucre-project\/technological-challenges\/\">Technological Challenges<\/a><br \/>\n<a href=\"https:\/\/lnbr.cnpem.br\/sucre-project\/legal-regulatory-framework\/\">Legal &amp; Regulatory Framework<\/a><br \/>\n<a href=\"https:\/\/lnbr.cnpem.br\/sucre-project\/agri-environmental-impacts\/\">Environmental Impacts<\/a><br \/>\n<a href=\"https:\/\/lnbr.cnpem.br\/sucre-project\/economic-feasibility\/\">Economic Feasibility<\/a><br \/>\n<a href=\"https:\/\/lnbr.cnpem.br\/sucre-project\/dissemination\/\">Dissemination<\/a><br \/>\n<a href=\"https:\/\/lnbr.cnpem.br\/sucre-project\/tools\/\">Tools<\/a>[\/vc_column_text][\/vc_accordion_tab][\/vc_accordion]<div class=\"hr-thin style-line\" style=\"width: 100%;border-color: #606060;border-top-width: 5px;\"><\/div>[vc_accordion active_tab=&#8221;1&#8243; collapsible=&#8221;yes&#8221; style=&#8221;2&#8243;][vc_accordion_tab title=&#8221;CONTACT US&#8221;][vc_column_text]<strong>SUCRE National Project Director<br \/>\n<\/strong>Manoel Regis L. V. Leal<\/p>\n<p><strong>SUCRE Project Manager<br \/>\n<\/strong>Thayse A. D. Hernandes<\/p>\n<p><strong>Contact Us<\/strong><br \/>\n<a href=\"mailto:lnbr.dir@lnbr.cnpem.br\">lnbr.dir@lnbr.cnpem.br<\/a>[\/vc_column_text][\/vc_accordion_tab][\/vc_accordion]<div class=\"hr-thin style-line\" style=\"width: 100%;border-color: #606060;border-top-width: 5px;\"><\/div>[vc_accordion active_tab=&#8221;false&#8221; collapsible=&#8221;yes&#8221; style=&#8221;2&#8243;][vc_accordion_tab title=&#8221;SHARE&#8221;][vc_column_text]<\/p>\n<div class=\"single-share-box\">\n<div class=\"share-buttons\"><a class=\"linkedin\" title=\"LinkedIn\" href=\"https:\/\/www.linkedin.com\/shareArticle?mini=true&amp;url=https%3A%2F%2Fpages.cnpem.br%2Flnbrteste%2Flideranca%2F&amp;title=Lideran%C3%A7a&amp;summary=&amp;source=LNBR\" target=\"_blank\" rel=\"noopener noreferrer\"><span class=\"social-text\">Share on LinkedIn<\/span><span class=\"screen-reader-text\">Share on LinkedIn<\/span><\/a><br \/>\n<a class=\"facebook\" title=\"Facebook\" href=\"http:\/\/www.facebook.com\/sharer.php?u=https%3A%2F%2Fpages.cnpem.br%2Flnbrteste%2Flideranca%2F&amp;t=Lideran%C3%A7a\" target=\"_blank\" rel=\"noopener noreferrer\"><span class=\"social-text\">Share on Facebook<\/span><span class=\"screen-reader-text\">Share on Facebook<\/span><\/a><br \/>\n<a class=\"twitter\" title=\"Twitter\" href=\"https:\/\/twitter.com\/share?url=https%3A%2F%2Fpages.cnpem.br%2Flnbrteste%2Flideranca%2F&amp;text=Lideran%C3%A7a\" target=\"_blank\" rel=\"noopener noreferrer\"><span class=\"social-text\">Tweet<\/span><span class=\"screen-reader-text\">Share on Twitter<\/span><\/a><br \/>\n<a class=\"whatsapp\" title=\"WhatsApp\" href=\"https:\/\/api.whatsapp.com\/send?text=Lideran%C3%A7a%20-%20https%3A%2F%2Fpages.cnpem.br%2Flnbrteste%2Flideranca%2F\" target=\"_blank\" rel=\"noopener noreferrer\" data-action=\"share\/whatsapp\/share\"><span class=\"social-text\">Share on WhatsApp<\/span><span class=\"screen-reader-text\">Share on WhatsApp<\/span><\/a><\/div>\n<p><!-- #content --><\/p>\n<\/div>\n<p>[\/vc_column_text][\/vc_accordion_tab][\/vc_accordion]<div class=\"hr-thin style-line\" style=\"width: 100%;border-color: #606060;border-top-width: 5px;\"><\/div>[\/vc_column][\/vc_row]<\/p>\n<\/section>","protected":false},"excerpt":{"rendered":"<p>[vc_row][vc_column width=&#8221;3\/4&#8243;][vc_column_text] Issue Papers Download all five SUCRE Project issue papers and check its references bellow. [\/vc_column_text][vc_row_inner][vc_column_inner width=&#8221;1\/5&#8243;][\/vc_column_inner][vc_column_inner width=&#8221;1\/5&#8243;][\/vc_column_inner][vc_column_inner width=&#8221;1\/5&#8243;][\/vc_column_inner][vc_column_inner width=&#8221;1\/5&#8243;][\/vc_column_inner][vc_column_inner width=&#8221;1\/5&#8243;][\/vc_column_inner][\/vc_row_inner][vc_empty_space height=&#8221;15px&#8221;][vc_column_text] References Bonomi, A.; Cavalett, O.; CUNHA, M.; Lima, M. A., (2016). Virtual biorefinery.\u00a0Cham:Springer International Publishing. Cundall, A. P.; Strack, O. D. L. A. (1979). Discrete Numerical Model for Granular Assemblies.\u00a0Geotechnique.\u00a0v. 29, pp.&hellip;<\/p>\n","protected":false},"author":3,"featured_media":0,"parent":46643,"menu_order":0,"comment_status":"closed","ping_status":"closed","template":"","meta":{"_acf_changed":false,"_monsterinsights_skip_tracking":false,"_monsterinsights_sitenote_active":false,"_monsterinsights_sitenote_note":"","_monsterinsights_sitenote_category":0,"footnotes":"","_links_to":"","_links_to_target":""},"class_list":["post-46660","page","type-page","status-publish","hentry","description-off"],"acf":[],"_links":{"self":[{"href":"https:\/\/lnbr.cnpem.br\/en\/wp-json\/wp\/v2\/pages\/46660","targetHints":{"allow":["GET"]}}],"collection":[{"href":"https:\/\/lnbr.cnpem.br\/en\/wp-json\/wp\/v2\/pages"}],"about":[{"href":"https:\/\/lnbr.cnpem.br\/en\/wp-json\/wp\/v2\/types\/page"}],"author":[{"embeddable":true,"href":"https:\/\/lnbr.cnpem.br\/en\/wp-json\/wp\/v2\/users\/3"}],"replies":[{"embeddable":true,"href":"https:\/\/lnbr.cnpem.br\/en\/wp-json\/wp\/v2\/comments?post=46660"}],"version-history":[{"count":0,"href":"https:\/\/lnbr.cnpem.br\/en\/wp-json\/wp\/v2\/pages\/46660\/revisions"}],"up":[{"embeddable":true,"href":"https:\/\/lnbr.cnpem.br\/en\/wp-json\/wp\/v2\/pages\/46643"}],"wp:attachment":[{"href":"https:\/\/lnbr.cnpem.br\/en\/wp-json\/wp\/v2\/media?parent=46660"}],"curies":[{"name":"wp","href":"https:\/\/api.w.org\/{rel}","templated":true}]}}