{"id":46672,"date":"2020-08-17T18:11:39","date_gmt":"2020-08-17T18:11:39","guid":{"rendered":"https:\/\/lnbr.cnpem.br\/?page_id=46672"},"modified":"2024-06-14T14:42:48","modified_gmt":"2024-06-14T14:42:48","slug":"vagas-disponiveis","status":"publish","type":"page","link":"https:\/\/lnbr.cnpem.br\/vagas-disponiveis\/","title":{"rendered":"LNBR | Vagas Dispon\u00edveis"},"content":{"rendered":"<section class=\"wpb-content-wrapper\"><p>[vc_row][vc_column width=&#8221;3\/4&#8243;][vc_row_inner][vc_column_inner][vc_column_text]<\/p>\n<p style=\"text-align: justify;\">O LNBR acredita que o desenvolvimento sustent\u00e1vel pode gerar riqueza e empregos em um mundo com menos carbono que utiliza racionalmente os recursos naturais. O LNBR explora a fronteira cient\u00edfica com instrumenta\u00e7\u00e3o avan\u00e7ada para orientar desenvolvimentos cient\u00edficos e tecnol\u00f3gicos que v\u00e3o desde a escala molecular at\u00e9 a escala semi-industrial, de relev\u00e2ncia para a sociedade. Os talentos multidisciplinares est\u00e3o no centro de nossa estrat\u00e9gia. Al\u00e9m de abra\u00e7ar a criatividade, a mudan\u00e7a e a inova\u00e7\u00e3o, valorizamos a diversidade e a integridade, e incentivamos nossos colaboradores a celebrar quem eles s\u00e3o! As pr\u00e1ticas de inclus\u00e3o est\u00e3o no centro de nosso trabalho. O LNBR fomenta o esp\u00edrito de equipe, abra\u00e7a a comunica\u00e7\u00e3o e a transpar\u00eancia.<\/p>\n<p>[\/vc_column_text][vc_empty_space height=&#8221;15px&#8221;]<div class=\"hr-thin style-line\" style=\"width: 100%;border-top-width: 1px;\"><\/div>[vc_empty_space height=&#8221;15px&#8221;][\/vc_column_inner][\/vc_row_inner][vc_row_inner][vc_column_inner width=&#8221;1\/5&#8243;]<style type=\"text\/css\" data-type=\"the7_shortcodes-inline-css\">.shortcode-single-image-wrap.shortcode-single-image-1f91e260724c099edf44e1c146408fab.enable-bg-rollover .rollover i,\n.shortcode-single-image-wrap.shortcode-single-image-1f91e260724c099edf44e1c146408fab.enable-bg-rollover .rollover-video i {\n  background: -webkit-linear-gradient();\n  background: linear-gradient();\n}\n.shortcode-single-image-wrap.shortcode-single-image-1f91e260724c099edf44e1c146408fab .rollover-icon {\n  font-size: 32px;\n  color: #ffffff;\n  min-width: 44px;\n  min-height: 44px;\n  line-height: 44px;\n  border-radius: 100px;\n  border-style: solid;\n  border-width: 0px;\n}\n.dt-icon-bg-on.shortcode-single-image-wrap.shortcode-single-image-1f91e260724c099edf44e1c146408fab .rollover-icon {\n  background: rgba(255,255,255,0.3);\n  box-shadow: none;\n}\n<\/style><div class=\"shortcode-single-image-wrap shortcode-single-image-1f91e260724c099edf44e1c146408fab alignleft  enable-bg-rollover dt-icon-bg-off\" style=\"margin-top:0px; margin-bottom:0px; margin-left:0px; margin-right:0px; width:500px;\"><div class=\"shortcode-single-image\"><div class=\"fancy-media-wrap\" style=\"\"><a href=\"https:\/\/pages.cnpem.br\/trabalheconosco\/vagas-abertas\/\" class=\" layzr-bg rollover\" style=\"\" target=\"_blank\" rel=\"noopener\" aria-label=\"Image\"><img fetchpriority=\"high\" decoding=\"async\" class=\"preload-me lazy-load aspect\" src=\"data:image\/svg+xml,%3Csvg%20xmlns%3D&#39;http%3A%2F%2Fwww.w3.org%2F2000%2Fsvg&#39;%20viewBox%3D&#39;0%200%20500%20500&#39;%2F%3E\" data-src=\"https:\/\/lnbr.cnpem.br\/wp-content\/uploads\/2020\/08\/365__GXT5477-scaled-500x500.jpg\" data-srcset=\"https:\/\/lnbr.cnpem.br\/wp-content\/uploads\/2020\/08\/365__GXT5477-scaled-500x500.jpg 500w, https:\/\/lnbr.cnpem.br\/wp-content\/uploads\/2020\/08\/365__GXT5477-scaled-1000x1000.jpg 1000w\" loading=\"eager\" style=\"--ratio: 500 \/ 500\" sizes=\"(max-width: 500px) 100vw, 500px\" width=\"500\" height=\"500\"  data-dt-location=\"https:\/\/lnbr.cnpem.br\/en\/vagas-disponiveis\/365__gxt5477\/\" alt=\"\" \/><\/a><\/div><\/div><\/div>[vc_empty_space height=&#8221;15px&#8221;]<div class=\"hr-thin style-line hr-left\" style=\"width: 15%;border-color: #81d742;border-top-width: 5px;\"><\/div>[vc_empty_space height=&#8221;15px&#8221;][\/vc_column_inner][vc_column_inner width=&#8221;3\/4&#8243;][vc_column_text]<\/p>\n<p style=\"text-align: left;\"><a href=\"https:\/\/pages.cnpem.br\/trabalheconosco\/vagas-abertas\/\" target=\"_blank\" rel=\"noopener noreferrer\"><span style=\"font-size: 10pt;\"><strong><span style=\"font-size: 14pt;\">Vagas Abertas CNPEM<\/span><\/strong><\/span><\/a><\/p>\n<p style=\"text-align: justify;\">No CNPEM combinamos os pontos fortes singulares de nossas unidades para fazer avan\u00e7ar a ci\u00eancia e a tecnologia. N\u00f3s precisamos de talentos. Talvez voc\u00ea encontre uma posi\u00e7\u00e3o que corresponda ao que voc\u00ea est\u00e1 procurando.<\/p>\n<p>[\/vc_column_text][\/vc_column_inner][\/vc_row_inner][vc_row_inner][vc_column_inner width=&#8221;1\/5&#8243;]<style type=\"text\/css\" data-type=\"the7_shortcodes-inline-css\">.shortcode-single-image-wrap.shortcode-single-image-375fe49b97735fa0d2f9c61f66dffe09.enable-bg-rollover .rollover i,\n.shortcode-single-image-wrap.shortcode-single-image-375fe49b97735fa0d2f9c61f66dffe09.enable-bg-rollover .rollover-video i {\n  background: -webkit-linear-gradient();\n  background: linear-gradient();\n}\n.shortcode-single-image-wrap.shortcode-single-image-375fe49b97735fa0d2f9c61f66dffe09 .rollover-icon {\n  font-size: 32px;\n  color: #ffffff;\n  min-width: 44px;\n  min-height: 44px;\n  line-height: 44px;\n  border-radius: 100px;\n  border-style: solid;\n  border-width: 0px;\n}\n.dt-icon-bg-on.shortcode-single-image-wrap.shortcode-single-image-375fe49b97735fa0d2f9c61f66dffe09 .rollover-icon {\n  background: rgba(255,255,255,0.3);\n  box-shadow: none;\n}\n<\/style><div class=\"shortcode-single-image-wrap shortcode-single-image-375fe49b97735fa0d2f9c61f66dffe09 alignright  enable-bg-rollover dt-icon-bg-off\" style=\"margin-top:0px; margin-bottom:0px; margin-left:0px; margin-right:0px; width:500px;\"><div class=\"shortcode-single-image\"><div class=\"fancy-media-wrap\" style=\"\"><a href=\"https:\/\/lnbr.cnpem.br\/vagas-disponiveis\/pos-doutorado-lnbr\/\" class=\" layzr-bg rollover\" style=\"\" aria-label=\"Image\"><img decoding=\"async\" class=\"preload-me lazy-load aspect\" src=\"data:image\/svg+xml,%3Csvg%20xmlns%3D&#39;http%3A%2F%2Fwww.w3.org%2F2000%2Fsvg&#39;%20viewBox%3D&#39;0%200%20500%20500&#39;%2F%3E\" data-src=\"https:\/\/lnbr.cnpem.br\/wp-content\/uploads\/2020\/07\/400__GXT5896-scaled-1-500x500.jpg\" data-srcset=\"https:\/\/lnbr.cnpem.br\/wp-content\/uploads\/2020\/07\/400__GXT5896-scaled-1-500x500.jpg 500w, https:\/\/lnbr.cnpem.br\/wp-content\/uploads\/2020\/07\/400__GXT5896-scaled-1-1000x1000.jpg 1000w\" loading=\"eager\" style=\"--ratio: 500 \/ 500\" sizes=\"(max-width: 500px) 100vw, 500px\" width=\"500\" height=\"500\"  data-dt-location=\"https:\/\/lnbr.cnpem.br\/en\/400__gxt5896\/\" alt=\"\" \/><\/a><\/div><\/div><\/div>[vc_empty_space height=&#8221;15px&#8221;]<div class=\"hr-thin style-line hr-left\" style=\"width: 15%;border-color: #81d742;border-top-width: 5px;\"><\/div>[vc_empty_space height=&#8221;15px&#8221;][\/vc_column_inner][vc_column_inner width=&#8221;3\/4&#8243;][vc_column_text]<\/p>\n<p style=\"text-align: left;\"><a href=\"https:\/\/lnbr.cnpem.br\/vagas-disponiveis\/pos-doutorado-lnbr\/\" rel=\"noopener noreferrer\"><span style=\"font-size: 10pt;\"><strong><span style=\"font-size: 14pt;\">Vagas de P\u00f3s-doutorado no LNBR<\/span><\/strong><\/span><\/a><\/p>\n<p style=\"text-align: justify;\">Esta \u00e9 uma das escolhas mais importantes de uma carreira cient\u00edfica e tecnol\u00f3gica. N\u00e3o se trata apenas das pessoas com quem voc\u00ea vai trabalhar, mas tamb\u00e9m do ambiente, das possibilidades de crescimento e do caminho para o futuro. E se tivermos a combina\u00e7\u00e3o perfeita que corresponda ao seu interesse?<\/p>\n<p>[\/vc_column_text][\/vc_column_inner][\/vc_row_inner][vc_row_inner][vc_column_inner width=&#8221;1\/5&#8243;]<style type=\"text\/css\" data-type=\"the7_shortcodes-inline-css\">.shortcode-single-image-wrap.shortcode-single-image-8d2ccf9ac6eca2c0fc6ddf92650a9e6b.enable-bg-rollover .rollover i,\n.shortcode-single-image-wrap.shortcode-single-image-8d2ccf9ac6eca2c0fc6ddf92650a9e6b.enable-bg-rollover .rollover-video i {\n  background: -webkit-linear-gradient();\n  background: linear-gradient();\n}\n.shortcode-single-image-wrap.shortcode-single-image-8d2ccf9ac6eca2c0fc6ddf92650a9e6b .rollover-icon {\n  font-size: 32px;\n  color: #ffffff;\n  min-width: 44px;\n  min-height: 44px;\n  line-height: 44px;\n  border-radius: 100px;\n  border-style: solid;\n  border-width: 0px;\n}\n.dt-icon-bg-on.shortcode-single-image-wrap.shortcode-single-image-8d2ccf9ac6eca2c0fc6ddf92650a9e6b .rollover-icon {\n  background: rgba(255,255,255,0.3);\n  box-shadow: none;\n}\n<\/style><div class=\"shortcode-single-image-wrap shortcode-single-image-8d2ccf9ac6eca2c0fc6ddf92650a9e6b alignnone  enable-bg-rollover dt-icon-bg-off\" style=\"margin-top:0px; margin-bottom:0px; margin-left:0px; margin-right:0px; width:500px;\"><div class=\"shortcode-single-image\"><div class=\"fancy-media-wrap\" style=\"\"><a href=\"https:\/\/lnbr.cnpem.br\/vagas-disponiveis\/estudantes-graduacao-formados\/\" class=\" layzr-bg rollover\" style=\"\" aria-label=\"Image\"><img decoding=\"async\" class=\"preload-me lazy-load aspect\" src=\"data:image\/svg+xml,%3Csvg%20xmlns%3D&#39;http%3A%2F%2Fwww.w3.org%2F2000%2Fsvg&#39;%20viewBox%3D&#39;0%200%20500%20500&#39;%2F%3E\" data-src=\"https:\/\/lnbr.cnpem.br\/wp-content\/uploads\/2020\/08\/724899_19-scaled-500x500.jpg\" data-srcset=\"https:\/\/lnbr.cnpem.br\/wp-content\/uploads\/2020\/08\/724899_19-scaled-500x500.jpg 500w, https:\/\/lnbr.cnpem.br\/wp-content\/uploads\/2020\/08\/724899_19-scaled-1000x1000.jpg 1000w\" loading=\"eager\" style=\"--ratio: 500 \/ 500\" sizes=\"(max-width: 500px) 100vw, 500px\" width=\"500\" height=\"500\"  data-dt-location=\"https:\/\/lnbr.cnpem.br\/en\/vagas-disponiveis\/724899_19\/\" alt=\"\" \/><\/a><\/div><\/div><\/div>[vc_empty_space height=&#8221;15px&#8221;]<div class=\"hr-thin style-line hr-left\" style=\"width: 15%;border-color: #81d742;border-top-width: 5px;\"><\/div>[vc_empty_space height=&#8221;15px&#8221;][\/vc_column_inner][vc_column_inner width=&#8221;3\/4&#8243;][vc_column_text]<\/p>\n<p style=\"text-align: left;\"><span style=\"font-size: 10pt;\"><strong><span style=\"font-size: 14pt;\"><a href=\"https:\/\/lnbr.cnpem.br\/vagas-disponiveis\/estudantes-graduacao-formados\/\" rel=\"noopener noreferrer\">Vagas de Gradua\u00e7\u00e3o e P\u00f3s-Gradua\u00e7\u00e3o no LNBR<\/a><\/span><\/strong><\/span><\/p>\n<p style=\"text-align: justify;\">Este \u00e9 o melhor momento da vida profissional. Liberdade para errar e aprender com muita emo\u00e7\u00e3o. Nossos pesquisadores s\u00e3o credenciados por algumas das melhores universidades do pa\u00eds e podem supervisionar sua jornada no Laborat\u00f3rio, caso existam oportunidades de bolsas de estudo.<\/p>\n<p>[\/vc_column_text][\/vc_column_inner][\/vc_row_inner][vc_row_inner][vc_column_inner width=&#8221;1\/5&#8243;]<style type=\"text\/css\" data-type=\"the7_shortcodes-inline-css\">.shortcode-single-image-wrap.shortcode-single-image-258525b2aee3d2163cfd2e7cc4f68b2b.enable-bg-rollover .rollover i,\n.shortcode-single-image-wrap.shortcode-single-image-258525b2aee3d2163cfd2e7cc4f68b2b.enable-bg-rollover .rollover-video i {\n  background: -webkit-linear-gradient();\n  background: linear-gradient();\n}\n.shortcode-single-image-wrap.shortcode-single-image-258525b2aee3d2163cfd2e7cc4f68b2b .rollover-icon {\n  font-size: 32px;\n  color: #ffffff;\n  min-width: 44px;\n  min-height: 44px;\n  line-height: 44px;\n  border-radius: 100px;\n  border-style: solid;\n  border-width: 0px;\n}\n.dt-icon-bg-on.shortcode-single-image-wrap.shortcode-single-image-258525b2aee3d2163cfd2e7cc4f68b2b .rollover-icon {\n  background: rgba(255,255,255,0.3);\n  box-shadow: none;\n}\n<\/style><div class=\"shortcode-single-image-wrap shortcode-single-image-258525b2aee3d2163cfd2e7cc4f68b2b alignnone  enable-bg-rollover dt-icon-bg-off\" style=\"margin-top:0px; margin-bottom:0px; margin-left:0px; margin-right:0px; width:500px;\"><div class=\"shortcode-single-image\"><div class=\"fancy-media-wrap\" style=\"\"><a href=\"https:\/\/pages.cnpem.br\/pue\/\" class=\" layzr-bg rollover\" style=\"\" target=\"_blank\" rel=\"noopener\" aria-label=\"Image\"><img decoding=\"async\" class=\"preload-me lazy-load aspect\" src=\"data:image\/svg+xml,%3Csvg%20xmlns%3D&#39;http%3A%2F%2Fwww.w3.org%2F2000%2Fsvg&#39;%20viewBox%3D&#39;0%200%20500%20500&#39;%2F%3E\" data-src=\"https:\/\/lnbr.cnpem.br\/wp-content\/uploads\/2020\/07\/PUE_Site_LNBR-500x500.png\" data-srcset=\"https:\/\/lnbr.cnpem.br\/wp-content\/uploads\/2020\/07\/PUE_Site_LNBR-500x500.png 500w, https:\/\/lnbr.cnpem.br\/wp-content\/uploads\/2020\/07\/PUE_Site_LNBR.png 768w\" loading=\"eager\" style=\"--ratio: 500 \/ 500\" sizes=\"(max-width: 500px) 100vw, 500px\" width=\"500\" height=\"500\"  data-dt-location=\"https:\/\/lnbr.cnpem.br\/en\/pue_site_lnbr\/\" alt=\"\" \/><\/a><\/div><\/div><\/div>[vc_empty_space height=&#8221;15px&#8221;]<div class=\"hr-thin style-line hr-left\" style=\"width: 15%;border-color: #81d742;border-top-width: 5px;\"><\/div>[vc_empty_space height=&#8221;15px&#8221;][\/vc_column_inner][vc_column_inner width=&#8221;3\/4&#8243;][vc_column_text]<\/p>\n<p style=\"text-align: left;\"><a href=\"https:\/\/pages.cnpem.br\/pue\/\" target=\"_blank\" rel=\"noopener noreferrer\"><span style=\"font-size: 10pt;\"><strong><span style=\"font-size: 14pt;\">Programa de Est\u00e1gios CNPEM<\/span><\/strong><\/span><\/a><\/p>\n<p style=\"text-align: justify;\">A sele\u00e7\u00e3o para este programa \u00e9 altamente competitiva e alguns de nossos colaboradores j\u00e1 foram estagi\u00e1rios. Esta \u00e9 uma oportunidade maravilhosa, independentemente do Laborat\u00f3rio Nacional com o qual voc\u00ea acabe trabalhando. Enquanto estiver no campus do CNPEM, voc\u00ea ter\u00e1 muitas ideias para a sua carreira futura. Lembre-se que h\u00e1 prazos para se candidatar.<\/p>\n<p>[\/vc_column_text][\/vc_column_inner][\/vc_row_inner][\/vc_column][vc_column width=&#8221;1\/4&#8243;][vc_accordion active_tab=&#8221;1&#8243; collapsible=&#8221;yes&#8221; style=&#8221;2&#8243;][vc_accordion_tab title=&#8221;O LNBR&#8221;][vc_custom_heading text=&#8221;Vis\u00e3o Geral&#8221; font_container=&#8221;tag:p|text_align:left&#8221; google_fonts=&#8221;font_family:Open%20Sans%3A300%2C300italic%2Cregular%2Citalic%2C600%2C600italic%2C700%2C700italic%2C800%2C800italic|font_style:400%20regular%3A400%3Anormal&#8221; link=&#8221;url:https%3A%2F%2Fpages.cnpem.br%2Flnbrteste%2Fpt-br%2Fvisao-geral%2F|title:LNBR%20%7C%20Vis%C3%A3o%20Geral||&#8221;][vc_custom_heading text=&#8221;Vagas Dispon\u00edveis&#8221; font_container=&#8221;tag:p|text_align:left&#8221; google_fonts=&#8221;font_family:Open%20Sans%3A300%2C300italic%2Cregular%2Citalic%2C600%2C600italic%2C700%2C700italic%2C800%2C800italic|font_style:400%20regular%3A400%3Anormal&#8221; link=&#8221;url:https%3A%2F%2Fpages.cnpem.br%2Flnbrteste%2Fpt-br%2Fvagas-disponiveis%2F|title:LNBR%20%7C%20Vagas%20Dispon%C3%ADveis||&#8221;][vc_custom_heading text=&#8221;Visite o CNPEM&#8221; font_container=&#8221;tag:p|text_align:left&#8221; google_fonts=&#8221;font_family:Open%20Sans%3A300%2C300italic%2Cregular%2Citalic%2C600%2C600italic%2C700%2C700italic%2C800%2C800italic|font_style:400%20regular%3A400%3Anormal&#8221; link=&#8221;url:https%3A%2F%2Fcnpem.br%2Fcnpem%2Fvisitas%2F|target:%20_blank|&#8221;][vc_custom_heading text=&#8221;Informa\u00e7\u00f5es Aux\u00edlios FAPESP&#8221; font_container=&#8221;tag:p|text_align:left&#8221; google_fonts=&#8221;font_family:Open%20Sans%3A300%2C300italic%2Cregular%2Citalic%2C600%2C600italic%2C700%2C700italic%2C800%2C800italic|font_style:400%20regular%3A400%3Anormal&#8221; link=&#8221;url:https%3A%2F%2Flnbr.cnpem.br%2Finformacoes-gerais%2F|title:LNBR%20%7C%20Informa%C3%A7%C3%B5es%20Aux%C3%ADlios%20FAPESP&#8221;][\/vc_accordion_tab][\/vc_accordion]<div class=\"hr-thin style-line\" style=\"width: 100%;border-color: #606060;border-top-width: 5px;\"><\/div>[vc_accordion active_tab=&#8221;1&#8243; collapsible=&#8221;yes&#8221; style=&#8221;2&#8243;][vc_accordion_tab title=&#8221;FALE CONOSCO&#8221;][vc_column_text]<strong>Informa\u00e7\u00f5es Gerais<br \/>\n<\/strong><a href=\"mailto:lnbrcomunica@cnpem.br\">lnbrcomunica@cnpem.br<\/a><\/p>\n<p><strong>Oportunidades CNPEM<br \/>\n<\/strong><a href=\"https:\/\/pages.cnpem.br\/trabalheconosco\/vagas-abertas\/\">Vagas Abertas<\/a><br \/>\n<a href=\"https:\/\/pages.cnpem.br\/pue\/\">Oportunidades de Est\u00e1gio<\/a><\/p>\n<div id=\"gtx-trans\">\n<div class=\"gtx-trans-icon\"><\/div>\n<\/div>\n<p>[\/vc_column_text][\/vc_accordion_tab][\/vc_accordion]<div class=\"hr-thin style-line\" style=\"width: 100%;border-color: #606060;border-top-width: 5px;\"><\/div>[vc_accordion active_tab=&#8221;1&#8243; collapsible=&#8221;yes&#8221; style=&#8221;2&#8243;][vc_accordion_tab title=&#8221;COMPARTILHE&#8221;][vc_column_text]<\/p>\n<div class=\"single-share-box\">\n<div class=\"share-buttons\"><a class=\"linkedin\" title=\"LinkedIn\" href=\"https:\/\/www.linkedin.com\/shareArticle?mini=true&amp;url=https%3A%2F%2Fpages.cnpem.br%2Flnbrteste%2Flideranca%2F&amp;title=Lideran%C3%A7a&amp;summary=&amp;source=LNBR\" target=\"_blank\" rel=\"noopener noreferrer\"><span class=\"social-text\">Share on LinkedIn<\/span><span class=\"screen-reader-text\">Share on LinkedIn<\/span><\/a><br \/>\n<a class=\"facebook\" title=\"Facebook\" href=\"http:\/\/www.facebook.com\/sharer.php?u=https%3A%2F%2Fpages.cnpem.br%2Flnbrteste%2Flideranca%2F&amp;t=Lideran%C3%A7a\" target=\"_blank\" rel=\"noopener noreferrer\"><span class=\"social-text\">Share on Facebook<\/span><span class=\"screen-reader-text\">Share on Facebook<\/span><\/a><br \/>\n<a class=\"twitter\" title=\"Twitter\" href=\"https:\/\/twitter.com\/share?url=https%3A%2F%2Fpages.cnpem.br%2Flnbrteste%2Flideranca%2F&amp;text=Lideran%C3%A7a\" target=\"_blank\" rel=\"noopener noreferrer\"><span class=\"social-text\">Tweet<\/span><span class=\"screen-reader-text\">Share on Twitter<\/span><\/a><br \/>\n<a class=\"whatsapp\" title=\"WhatsApp\" href=\"https:\/\/api.whatsapp.com\/send?text=Lideran%C3%A7a%20-%20https%3A%2F%2Fpages.cnpem.br%2Flnbrteste%2Flideranca%2F\" target=\"_blank\" rel=\"noopener noreferrer\" data-action=\"share\/whatsapp\/share\"><span class=\"social-text\">Share on WhatsApp<\/span><span class=\"screen-reader-text\">Share on WhatsApp<\/span><\/a><\/div>\n<p><!-- #content -->[\/vc_column_text][\/vc_accordion_tab][\/vc_accordion]<div class=\"hr-thin style-line\" style=\"width: 100%;border-color: #606060;border-top-width: 5px;\"><\/div>[\/vc_column][\/vc_row]<\/p>\n<\/div>\n<\/section>","protected":false},"excerpt":{"rendered":"<p>[vc_row][vc_column width=&#8221;3\/4&#8243;][vc_row_inner][vc_column_inner][vc_column_text] O LNBR acredita que o desenvolvimento sustent\u00e1vel pode gerar riqueza e empregos em um mundo com menos carbono que utiliza racionalmente os recursos naturais. O LNBR explora a fronteira cient\u00edfica com instrumenta\u00e7\u00e3o avan\u00e7ada para orientar desenvolvimentos cient\u00edficos e tecnol\u00f3gicos que v\u00e3o desde a escala molecular at\u00e9 a escala semi-industrial, de relev\u00e2ncia para a&hellip;<\/p>\n","protected":false},"author":3,"featured_media":0,"parent":0,"menu_order":0,"comment_status":"closed","ping_status":"closed","template":"","meta":{"_acf_changed":false,"_monsterinsights_skip_tracking":false,"_monsterinsights_sitenote_active":false,"_monsterinsights_sitenote_note":"","_monsterinsights_sitenote_category":0,"footnotes":"","_links_to":"","_links_to_target":""},"class_list":["post-46672","page","type-page","status-publish","hentry","description-off"],"acf":[],"_links":{"self":[{"href":"https:\/\/lnbr.cnpem.br\/en\/wp-json\/wp\/v2\/pages\/46672","targetHints":{"allow":["GET"]}}],"collection":[{"href":"https:\/\/lnbr.cnpem.br\/en\/wp-json\/wp\/v2\/pages"}],"about":[{"href":"https:\/\/lnbr.cnpem.br\/en\/wp-json\/wp\/v2\/types\/page"}],"author":[{"embeddable":true,"href":"https:\/\/lnbr.cnpem.br\/en\/wp-json\/wp\/v2\/users\/3"}],"replies":[{"embeddable":true,"href":"https:\/\/lnbr.cnpem.br\/en\/wp-json\/wp\/v2\/comments?post=46672"}],"version-history":[{"count":0,"href":"https:\/\/lnbr.cnpem.br\/en\/wp-json\/wp\/v2\/pages\/46672\/revisions"}],"wp:attachment":[{"href":"https:\/\/lnbr.cnpem.br\/en\/wp-json\/wp\/v2\/media?parent=46672"}],"curies":[{"name":"wp","href":"https:\/\/api.w.org\/{rel}","templated":true}]}}