{"id":46675,"date":"2020-08-17T18:11:39","date_gmt":"2020-08-17T18:11:39","guid":{"rendered":"https:\/\/lnbr.cnpem.br\/?page_id=46675"},"modified":"2023-01-12T11:34:42","modified_gmt":"2023-01-12T11:34:42","slug":"oportunidades-de-capacitacao","status":"publish","type":"page","link":"https:\/\/lnbr.cnpem.br\/oportunidades-de-capacitacao\/","title":{"rendered":"LNBR | Oportunidades de Capacita\u00e7\u00e3o"},"content":{"rendered":"<section class=\"wpb-content-wrapper\"><p>[vc_row][vc_column width=&#8221;3\/4&#8243;][vc_column_text]<\/p>\n<p style=\"text-align: justify;\">Promovemos cursos regulares com foco em <strong>biologia sint\u00e9tica<\/strong>, <strong>opera\u00e7\u00e3o de biorreatores<\/strong> e <strong>caracteriza\u00e7\u00e3o de biomassa.<\/strong> Gratuitas, pr\u00e1ticas e aprofundadas, estas atividades s\u00e3o oferecidas em diferentes datas.<\/p>\n<p>[\/vc_column_text][vc_row_inner][vc_column_inner]<div class=\"hr-thin style-line\" style=\"width: 100%;border-top-width: 1px;\"><\/div>[\/vc_column_inner][\/vc_row_inner][vc_empty_space height=&#8221;15px&#8221;][vc_row_inner][vc_column_inner width=&#8221;1\/2&#8243;]<div class=\"ult-new-ib ult-ib-effect-style1  ult-ib-resp  \" data-min-width=\"768\" data-max-width=\"900\" style=\"background:#0a0a0a;\" data-opacity=\"0.6\" data-hover-opacity=\"0.4\" ><img decoding=\"async\" class=\"ult-new-ib-img\" style=\"opacity:0.6;\" alt=\"null\" src=\"https:\/\/lnbr.cnpem.br\/wp-content\/uploads\/2021\/08\/treinamento-synthetic-biology-biologia-sintetica.png\"   \/><div id=\"interactive-banner-wrap-8007\" class=\"ult-new-ib-desc\" style=\"\"><h2 class=\"ult-new-ib-title ult-responsive\"  data-ultimate-target='#interactive-banner-wrap-8007 .ult-new-ib-title'  data-responsive-json-new='{\"font-size\":\"desktop:30px;\",\"line-height\":\"\"}'  style=\"font-weight:bold;\">Biologia Sint\u00e9tica<\/h2><div class=\"ult-new-ib-content ult-responsive\"  data-ultimate-target='#interactive-banner-wrap-8007 .ult-new-ib-content'  data-responsive-json-new='{\"font-size\":\"desktop:15px;\",\"line-height\":\"\"}'  style=\"font-weight:normal;\"><p>Curso gratuito e dedicado \u00e0 Biologia Sint\u00e9tica, destacando ferramentas e abordagens para a constru\u00e7\u00e3o de plataformas microbianas para abordar uma ampla gama de processos biotecnol\u00f3gicos<\/p><\/div><\/div><a class=\"ult-new-ib-link\" href=\"https:\/\/pages.cnpem.br\/cursobiologiasintetica\/\" target=\"_blank\" rel=\"noopener\"  ><\/a><\/div><div class=\"hr-thin style-line hr-left\" style=\"width: 15%;border-color: #81d742;border-top-width: 5px;\"><\/div>[\/vc_column_inner][vc_column_inner width=&#8221;1\/2&#8243;]<div class=\"ult-new-ib ult-ib-effect-style1  ult-ib-resp  \" data-min-width=\"768\" data-max-width=\"900\" style=\"background:#0a0a0a;\" data-opacity=\"0.6\" data-hover-opacity=\"0.4\" ><img decoding=\"async\" class=\"ult-new-ib-img\" style=\"opacity:0.6;\" alt=\"null\" src=\"https:\/\/lnbr.cnpem.br\/wp-content\/uploads\/2020\/07\/Caracterizacao.jpg\"   \/><div id=\"interactive-banner-wrap-9295\" class=\"ult-new-ib-desc\" style=\"\"><h2 class=\"ult-new-ib-title ult-responsive\"  data-ultimate-target='#interactive-banner-wrap-9295 .ult-new-ib-title'  data-responsive-json-new='{\"font-size\":\"desktop:30px;\",\"line-height\":\"\"}'  style=\"font-weight:bold;\">Caracteriza\u00e7\u00e3o de Biomassa<\/h2><div class=\"ult-new-ib-content ult-responsive\"  data-ultimate-target='#interactive-banner-wrap-9295 .ult-new-ib-content'  data-responsive-json-new='{\"font-size\":\"desktop:15px;\",\"line-height\":\"\"}'  style=\"font-weight:normal;\"><p>Um curso gratuito que visa estudantes de gradua\u00e7\u00e3o e p\u00f3s-gradua\u00e7\u00e3o e profissionais que trabalham em institui\u00e7\u00f5es de pesquisa e ensino cujos estudos estejam relacionados ao processamento de biomassa<\/p><\/div><\/div><a class=\"ult-new-ib-link\" href=\"https:\/\/pages.cnpem.br\/cursodecaracterizacao\/\" target=\"_blank\" rel=\"noopener\"  ><\/a><\/div><div class=\"hr-thin style-line hr-left\" style=\"width: 15%;border-color: #81d742;border-top-width: 5px;\"><\/div>[\/vc_column_inner][\/vc_row_inner][vc_row_inner][vc_column_inner width=&#8221;1\/2&#8243;]<div class=\"ult-new-ib ult-ib-effect-style1  ult-ib-resp  \" data-min-width=\"768\" data-max-width=\"900\" style=\"background:#0a0a0a;\" data-opacity=\"0.6\" data-hover-opacity=\"0.4\" ><img decoding=\"async\" class=\"ult-new-ib-img\" style=\"opacity:0.6;\" alt=\"null\" src=\"https:\/\/lnbr.cnpem.br\/wp-content\/uploads\/2020\/07\/2020-07-24-08_06_45-\u00daLTIMAS-EDI\u00c7\u00d5ES-\u2013-Curso-para-Opera\u00e7\u00e3o-de-Biorreatores-de-Bancada.png\"   \/><div id=\"interactive-banner-wrap-3039\" class=\"ult-new-ib-desc\" style=\"\"><h2 class=\"ult-new-ib-title ult-responsive\"  data-ultimate-target='#interactive-banner-wrap-3039 .ult-new-ib-title'  data-responsive-json-new='{\"font-size\":\"desktop:30px;\",\"line-height\":\"\"}'  style=\"font-weight:bold;\">Opera\u00e7\u00e3o de Biorreatores<\/h2><div class=\"ult-new-ib-content ult-responsive\"  data-ultimate-target='#interactive-banner-wrap-3039 .ult-new-ib-content'  data-responsive-json-new='{\"font-size\":\"desktop:15px;\",\"line-height\":\"\"}'  style=\"font-weight:normal;\"><p>Um curso gratuito, aprofundado e pr\u00e1tico que aborda conceitos te\u00f3ricos envolvendo o tipo e a classifica\u00e7\u00e3o dos biorreatores com \u00eanfase em biorreatores mecanicamente agitados<\/p><\/div><\/div><a class=\"ult-new-ib-link\" href=\"https:\/\/pages.cnpem.br\/biorreatores\/\" target=\"_blank\" rel=\"noopener\"  ><\/a><\/div><div class=\"hr-thin style-line hr-left\" style=\"width: 15%;border-color: #81d742;border-top-width: 5px;\"><\/div>[\/vc_column_inner][vc_column_inner width=&#8221;1\/2&#8243;][\/vc_column_inner][\/vc_row_inner][\/vc_column][vc_column width=&#8221;1\/4&#8243;][vc_accordion active_tab=&#8221;1&#8243; collapsible=&#8221;yes&#8221; style=&#8221;2&#8243;][vc_accordion_tab title=&#8221;USU\u00c1RIOS&#8221;][vc_custom_heading text=&#8221;Instala\u00e7\u00f5es Abertas&#8221; font_container=&#8221;tag:p|text_align:left&#8221; google_fonts=&#8221;font_family:Open%20Sans%3A300%2C300italic%2Cregular%2Citalic%2C600%2C600italic%2C700%2C700italic%2C800%2C800italic|font_style:400%20regular%3A400%3Anormal&#8221; link=&#8221;url:https%3A%2F%2Fpages.cnpem.br%2Flnbrteste%2Fpt-br%2Finstalacoes-abertas%2F|title:LNBR%20%7C%20Instala%C3%A7%C3%B5es%20Abertas||&#8221;][vc_custom_heading text=&#8221;Oportunidades de Capacita\u00e7\u00e3o&#8221; font_container=&#8221;tag:p|text_align:left&#8221; google_fonts=&#8221;font_family:Open%20Sans%3A300%2C300italic%2Cregular%2Citalic%2C600%2C600italic%2C700%2C700italic%2C800%2C800italic|font_style:400%20regular%3A400%3Anormal&#8221; link=&#8221;url:https%3A%2F%2Fpages.cnpem.br%2Flnbrteste%2Fpt-br%2Foportunidades-de-capacitacao%2F|title:LNBR%20%7C%20Oportunidades%20de%20Capacita%C3%A7%C3%A3o||&#8221;][vc_custom_heading text=&#8221;Workshops &amp; Confer\u00eancias&#8221; font_container=&#8221;tag:p|text_align:left&#8221; google_fonts=&#8221;font_family:Open%20Sans%3A300%2C300italic%2Cregular%2Citalic%2C600%2C600italic%2C700%2C700italic%2C800%2C800italic|font_style:400%20regular%3A400%3Anormal&#8221; link=&#8221;url:https%3A%2F%2Fpages.cnpem.br%2Flnbrteste%2Fpt-br%2Fworkshops-conferencias%2F|title:LNBR%20%7C%20Workshops%20%26amp%3B%20Confer%C3%AAncias||&#8221;][\/vc_accordion_tab][\/vc_accordion]<div class=\"hr-thin style-line\" style=\"width: 100%;border-color: #606060;border-top-width: 5px;\"><\/div>[vc_accordion active_tab=&#8221;1&#8243; collapsible=&#8221;yes&#8221; style=&#8221;2&#8243;][vc_accordion_tab title=&#8221;FALE CONOSCO&#8221;][vc_column_text]<strong>Informa\u00e7\u00f5es Gerais<br \/>\n<\/strong>Erik N. Medina<br \/>\n+55 19 3512-3138<br \/>\n<a href=\"mailto:erik.medina@cnpem.br\">erik.medina@cnpem.br<\/a>[\/vc_column_text][\/vc_accordion_tab][\/vc_accordion]<div class=\"hr-thin style-line\" style=\"width: 100%;border-color: #606060;border-top-width: 5px;\"><\/div>[vc_accordion active_tab=&#8221;false&#8221; collapsible=&#8221;yes&#8221; style=&#8221;2&#8243;][vc_accordion_tab title=&#8221;COMPARTILHE&#8221;][vc_column_text]<\/p>\n<div class=\"single-share-box\">\n<div class=\"share-buttons\"><a class=\"linkedin\" title=\"LinkedIn\" href=\"https:\/\/www.linkedin.com\/shareArticle?mini=true&amp;url=https%3A%2F%2Fpages.cnpem.br%2Flnbrteste%2Flideranca%2F&amp;title=Lideran%C3%A7a&amp;summary=&amp;source=LNBR\" target=\"_blank\" rel=\"noopener noreferrer\"><span class=\"social-text\">Share on LinkedIn<\/span><span class=\"screen-reader-text\">Share on LinkedIn<\/span><\/a><br \/>\n<a class=\"facebook\" title=\"Facebook\" href=\"http:\/\/www.facebook.com\/sharer.php?u=https%3A%2F%2Fpages.cnpem.br%2Flnbrteste%2Flideranca%2F&amp;t=Lideran%C3%A7a\" target=\"_blank\" rel=\"noopener noreferrer\"><span class=\"social-text\">Share on Facebook<\/span><span class=\"screen-reader-text\">Share on Facebook<\/span><\/a><br \/>\n<a class=\"twitter\" title=\"Twitter\" href=\"https:\/\/twitter.com\/share?url=https%3A%2F%2Fpages.cnpem.br%2Flnbrteste%2Flideranca%2F&amp;text=Lideran%C3%A7a\" target=\"_blank\" rel=\"noopener noreferrer\"><span class=\"social-text\">Tweet<\/span><span class=\"screen-reader-text\">Share on Twitter<\/span><\/a><br \/>\n<a class=\"whatsapp\" title=\"WhatsApp\" href=\"https:\/\/api.whatsapp.com\/send?text=Lideran%C3%A7a%20-%20https%3A%2F%2Fpages.cnpem.br%2Flnbrteste%2Flideranca%2F\" target=\"_blank\" rel=\"noopener noreferrer\" data-action=\"share\/whatsapp\/share\"><span class=\"social-text\">Share on WhatsApp<\/span><span class=\"screen-reader-text\">Share on WhatsApp<\/span><\/a><\/div>\n<p><!-- #content -->[\/vc_column_text][\/vc_accordion_tab][\/vc_accordion]<div class=\"hr-thin style-line\" style=\"width: 100%;border-color: #606060;border-top-width: 5px;\"><\/div>[\/vc_column][\/vc_row]<\/p>\n<\/div>\n<\/section>","protected":false},"excerpt":{"rendered":"<p>[vc_row][vc_column width=&#8221;3\/4&#8243;][vc_column_text] Promovemos cursos regulares com foco em biologia sint\u00e9tica, opera\u00e7\u00e3o de biorreatores e caracteriza\u00e7\u00e3o de biomassa. Gratuitas, pr\u00e1ticas e aprofundadas, estas atividades s\u00e3o oferecidas em diferentes datas. [\/vc_column_text][vc_row_inner][vc_column_inner][\/vc_column_inner][\/vc_row_inner][vc_empty_space height=&#8221;15px&#8221;][vc_row_inner][vc_column_inner width=&#8221;1\/2&#8243;][\/vc_column_inner][vc_column_inner width=&#8221;1\/2&#8243;][\/vc_column_inner][\/vc_row_inner][vc_row_inner][vc_column_inner width=&#8221;1\/2&#8243;][\/vc_column_inner][vc_column_inner width=&#8221;1\/2&#8243;][\/vc_column_inner][\/vc_row_inner][\/vc_column][vc_column width=&#8221;1\/4&#8243;][vc_accordion active_tab=&#8221;1&#8243; collapsible=&#8221;yes&#8221; style=&#8221;2&#8243;][vc_accordion_tab title=&#8221;USU\u00c1RIOS&#8221;][vc_custom_heading text=&#8221;Instala\u00e7\u00f5es Abertas&#8221; font_container=&#8221;tag:p|text_align:left&#8221; google_fonts=&#8221;font_family:Open%20Sans%3A300%2C300italic%2Cregular%2Citalic%2C600%2C600italic%2C700%2C700italic%2C800%2C800italic|font_style:400%20regular%3A400%3Anormal&#8221; link=&#8221;url:https%3A%2F%2Fpages.cnpem.br%2Flnbrteste%2Fpt-br%2Finstalacoes-abertas%2F|title:LNBR%20%7C%20Instala%C3%A7%C3%B5es%20Abertas||&#8221;][vc_custom_heading text=&#8221;Oportunidades de Capacita\u00e7\u00e3o&#8221; font_container=&#8221;tag:p|text_align:left&#8221; google_fonts=&#8221;font_family:Open%20Sans%3A300%2C300italic%2Cregular%2Citalic%2C600%2C600italic%2C700%2C700italic%2C800%2C800italic|font_style:400%20regular%3A400%3Anormal&#8221; link=&#8221;url:https%3A%2F%2Fpages.cnpem.br%2Flnbrteste%2Fpt-br%2Foportunidades-de-capacitacao%2F|title:LNBR%20%7C%20Oportunidades%20de%20Capacita%C3%A7%C3%A3o||&#8221;][vc_custom_heading text=&#8221;Workshops &amp; Confer\u00eancias&#8221; font_container=&#8221;tag:p|text_align:left&#8221; google_fonts=&#8221;font_family:Open%20Sans%3A300%2C300italic%2Cregular%2Citalic%2C600%2C600italic%2C700%2C700italic%2C800%2C800italic|font_style:400%20regular%3A400%3Anormal&#8221;&hellip;<\/p>\n","protected":false},"author":3,"featured_media":0,"parent":0,"menu_order":0,"comment_status":"closed","ping_status":"closed","template":"","meta":{"_acf_changed":false,"_monsterinsights_skip_tracking":false,"_monsterinsights_sitenote_active":false,"_monsterinsights_sitenote_note":"","_monsterinsights_sitenote_category":0,"footnotes":"","_links_to":"","_links_to_target":""},"class_list":["post-46675","page","type-page","status-publish","hentry","description-off"],"acf":[],"_links":{"self":[{"href":"https:\/\/lnbr.cnpem.br\/en\/wp-json\/wp\/v2\/pages\/46675","targetHints":{"allow":["GET"]}}],"collection":[{"href":"https:\/\/lnbr.cnpem.br\/en\/wp-json\/wp\/v2\/pages"}],"about":[{"href":"https:\/\/lnbr.cnpem.br\/en\/wp-json\/wp\/v2\/types\/page"}],"author":[{"embeddable":true,"href":"https:\/\/lnbr.cnpem.br\/en\/wp-json\/wp\/v2\/users\/3"}],"replies":[{"embeddable":true,"href":"https:\/\/lnbr.cnpem.br\/en\/wp-json\/wp\/v2\/comments?post=46675"}],"version-history":[{"count":0,"href":"https:\/\/lnbr.cnpem.br\/en\/wp-json\/wp\/v2\/pages\/46675\/revisions"}],"wp:attachment":[{"href":"https:\/\/lnbr.cnpem.br\/en\/wp-json\/wp\/v2\/media?parent=46675"}],"curies":[{"name":"wp","href":"https:\/\/api.w.org\/{rel}","templated":true}]}}