{"id":46676,"date":"2020-08-17T18:11:39","date_gmt":"2020-08-17T18:11:39","guid":{"rendered":"https:\/\/lnbr.cnpem.br\/?page_id=46676"},"modified":"2024-02-08T19:18:12","modified_gmt":"2024-02-08T19:18:12","slug":"workshops-conferencias","status":"publish","type":"page","link":"https:\/\/lnbr.cnpem.br\/workshops-conferencias\/","title":{"rendered":"LNBR | Workshops &amp; Confer\u00eancias"},"content":{"rendered":"<section class=\"wpb-content-wrapper\"><p>[vc_row][vc_column width=&#8221;3\/4&#8243;][vc_row_inner][vc_column_inner][vc_column_text]<\/p>\n<div class=\"wpb_text_column wpb_content_element \">\n<div class=\"wpb_wrapper\">\n<p style=\"text-align: justify;\">Os semin\u00e1rios e eventos de alto n\u00edvel promovidos pelo LNBR t\u00eam como foco trazer palestrantes com diferentes forma\u00e7\u00f5es, das melhores empresas, universidades e laborat\u00f3rios nacionais de todo o mundo para compartilhar suas experi\u00eancias.<\/p>\n<\/div>\n<\/div>\n<p>[\/vc_column_text][\/vc_column_inner][\/vc_row_inner][vc_row_inner disable_element=&#8221;yes&#8221; css=&#8221;.vc_custom_1707419852727{margin-right: -2px !important;margin-left: -2px !important;background-color: #f2f2f2 !important;}&#8221;][vc_column_inner width=&#8221;1\/3&#8243; css=&#8221;.vc_custom_1595851843760{margin-top: 3px !important;margin-bottom: 3px !important;border-top-width: 3px !important;border-bottom-width: 3px !important;padding-top: 3px !important;padding-bottom: 3px !important;}&#8221;][vc_column_text css=&#8221;.vc_custom_1701088253822{margin-bottom: 3px !important;border-bottom-width: 3px !important;padding-bottom: 3px !important;background-color: #1e73be !important;}&#8221;]<\/p>\n<p style=\"text-align: center;\"><span style=\"font-size: 14pt; color: #ffffff;\"><strong>23 Janeiro, 2024<\/strong><\/span><\/p>\n<p>[\/vc_column_text]<style type=\"text\/css\" data-type=\"the7_shortcodes-inline-css\">.shortcode-single-image-wrap.shortcode-single-image-c97a9b0815fdb21ac6549418b94fc75d.enable-bg-rollover .rollover i,\n.shortcode-single-image-wrap.shortcode-single-image-c97a9b0815fdb21ac6549418b94fc75d.enable-bg-rollover .rollover-video i {\n  background: -webkit-linear-gradient();\n  background: linear-gradient();\n}\n.shortcode-single-image-wrap.shortcode-single-image-c97a9b0815fdb21ac6549418b94fc75d .rollover-icon {\n  font-size: 32px;\n  color: #ffffff;\n  min-width: 44px;\n  min-height: 44px;\n  line-height: 44px;\n  border-radius: 100px;\n  border-style: solid;\n  border-width: 0px;\n}\n.dt-icon-bg-on.shortcode-single-image-wrap.shortcode-single-image-c97a9b0815fdb21ac6549418b94fc75d .rollover-icon {\n  background: rgba(255,255,255,0.3);\n  box-shadow: none;\n}\n<\/style><div class=\"shortcode-single-image-wrap shortcode-single-image-c97a9b0815fdb21ac6549418b94fc75d alignnone  enable-bg-rollover dt-icon-bg-off\" style=\"margin-top:0px; margin-bottom:0px; margin-left:0px; margin-right:0px; width:500px;\"><div class=\"shortcode-single-image\"><div class=\"fancy-media-wrap\" style=\"\"><a href=\"https:\/\/pages.cnpem.br\/industrialbiotech\/\" class=\" layzr-bg rollover\" style=\"\" target=\"_blank\" rel=\"noopener\" aria-label=\"Image\"><img fetchpriority=\"high\" decoding=\"async\" class=\"preload-me lazy-load aspect\" src=\"data:image\/svg+xml,%3Csvg%20xmlns%3D&#39;http%3A%2F%2Fwww.w3.org%2F2000%2Fsvg&#39;%20viewBox%3D&#39;0%200%20500%20500&#39;%2F%3E\" data-src=\"https:\/\/lnbr.cnpem.br\/wp-content\/uploads\/2023\/11\/5-ibsb-chalmers-lnbr-500x500.png\" data-srcset=\"https:\/\/lnbr.cnpem.br\/wp-content\/uploads\/2023\/11\/5-ibsb-chalmers-lnbr-500x500.png 500w, https:\/\/lnbr.cnpem.br\/wp-content\/uploads\/2023\/11\/5-ibsb-chalmers-lnbr-1000x1000.png 1000w\" loading=\"eager\" style=\"--ratio: 500 \/ 500\" sizes=\"(max-width: 500px) 100vw, 500px\" width=\"500\" height=\"500\"  data-dt-location=\"https:\/\/lnbr.cnpem.br\/en\/workshops-conferencias\/5-ibsb-chalmers-lnbr\/\" alt=\"\" \/><\/a><\/div><\/div><\/div>[vc_empty_space height=&#8221;15px&#8221;][\/vc_column_inner][vc_column_inner width=&#8221;2\/3&#8243; css=&#8221;.vc_custom_1595851835450{margin-top: 3px !important;margin-bottom: 3px !important;border-top-width: 3px !important;border-bottom-width: 3px !important;padding-top: 3px !important;padding-bottom: 3px !important;}&#8221;][vc_column_text]<a href=\"https:\/\/pages.cnpem.br\/industrialbiotech\/\" target=\"_blank\" rel=\"noopener\"><span style=\"font-size: 14pt;\"><strong>V <abbr class='c2c-text-hover' title='Industrial Biotechnology and Synthetic Biology'>IBSB<\/abbr>: Workshop on sustainable bio-based circular economy<\/strong><\/span><\/a><\/p>\n<p style=\"text-align: justify;\">A quinta edi\u00e7\u00e3o do <abbr class='c2c-text-hover' title='Industrial Biotechnology and Synthetic Biology'>IBSB<\/abbr>, intitulada <em>Chalmers and LNBR cooperation on circular bioeconomy<\/em>, reunir\u00e1 pesquisadores do Brasil e da Su\u00e9cia para discutir como a biologia sint\u00e9tica e a biocat\u00e1lise podem contribuir para o desenvolvimento de uma bioeconomia circular e sustent\u00e1vel. Esse workshop faz parte de uma rede de colabora\u00e7\u00e3o entre pesquisadores do LNBR e da Chalmers University of Technology, ambos com ampla compet\u00eancia em biotecnologia industrial e biologia sint\u00e9tica. O V <abbr class='c2c-text-hover' title='Industrial Biotechnology and Synthetic Biology'>IBSB<\/abbr> ser\u00e1 o primeiro passo para consolidar essa rede e promover novas colabora\u00e7\u00f5es entre pesquisadores do Brasil e da Su\u00e9cia.<\/p>\n<p style=\"text-align: justify;\"><strong>Inscri\u00e7\u00f5es gratuitas at\u00e9 18 de dezembro de 2023<\/strong><\/p>\n<p>[\/vc_column_text][\/vc_column_inner][\/vc_row_inner][vc_row_inner disable_element=&#8221;yes&#8221; css=&#8221;.vc_custom_1656701076404{margin-right: -2px !important;margin-left: -2px !important;background-color: #f2f2f2 !important;}&#8221;][vc_column_inner width=&#8221;1\/3&#8243; css=&#8221;.vc_custom_1595851843760{margin-top: 3px !important;margin-bottom: 3px !important;border-top-width: 3px !important;border-bottom-width: 3px !important;padding-top: 3px !important;padding-bottom: 3px !important;}&#8221;][vc_column_text css=&#8221;.vc_custom_1629913604260{margin-bottom: 3px !important;border-bottom-width: 3px !important;padding-bottom: 3px !important;background-color: #1e73be !important;}&#8221;]<\/p>\n<p style=\"text-align: center;\"><span style=\"font-size: 14pt; color: #ffffff;\"><strong>18-19 Novembro, 2021<\/strong><\/span><\/p>\n<p>[\/vc_column_text]<style type=\"text\/css\" data-type=\"the7_shortcodes-inline-css\">.shortcode-single-image-wrap.shortcode-single-image-a3a050ea77ba9b8c46fd2eeb7a3306ef.enable-bg-rollover .rollover i,\n.shortcode-single-image-wrap.shortcode-single-image-a3a050ea77ba9b8c46fd2eeb7a3306ef.enable-bg-rollover .rollover-video i {\n  background: -webkit-linear-gradient();\n  background: linear-gradient();\n}\n.shortcode-single-image-wrap.shortcode-single-image-a3a050ea77ba9b8c46fd2eeb7a3306ef .rollover-icon {\n  font-size: 32px;\n  color: #ffffff;\n  min-width: 44px;\n  min-height: 44px;\n  line-height: 44px;\n  border-radius: 100px;\n  border-style: solid;\n  border-width: 0px;\n}\n.dt-icon-bg-on.shortcode-single-image-wrap.shortcode-single-image-a3a050ea77ba9b8c46fd2eeb7a3306ef .rollover-icon {\n  background: rgba(255,255,255,0.3);\n  box-shadow: none;\n}\n<\/style><div class=\"shortcode-single-image-wrap shortcode-single-image-a3a050ea77ba9b8c46fd2eeb7a3306ef alignnone  enable-bg-rollover dt-icon-bg-off\" style=\"margin-top:0px; margin-bottom:0px; margin-left:0px; margin-right:0px; width:500px;\"><div class=\"shortcode-single-image\"><div class=\"fancy-media-wrap\" style=\"\"><a href=\"https:\/\/pages.cnpem.br\/microbiomicas\/\" class=\" layzr-bg rollover\" style=\"\" target=\"_blank\" rel=\"noopener\" aria-label=\"Image\"><img decoding=\"async\" class=\"preload-me lazy-load aspect\" src=\"data:image\/svg+xml,%3Csvg%20xmlns%3D&#39;http%3A%2F%2Fwww.w3.org%2F2000%2Fsvg&#39;%20viewBox%3D&#39;0%200%20500%20500&#39;%2F%3E\" data-src=\"https:\/\/lnbr.cnpem.br\/wp-content\/uploads\/2021\/08\/Post-500x500.png\" data-srcset=\"https:\/\/lnbr.cnpem.br\/wp-content\/uploads\/2021\/08\/Post-500x500.png 500w, https:\/\/lnbr.cnpem.br\/wp-content\/uploads\/2021\/08\/Post-1000x1000.png 1000w\" loading=\"eager\" style=\"--ratio: 500 \/ 500\" sizes=\"(max-width: 500px) 100vw, 500px\" width=\"500\" height=\"500\"  data-dt-location=\"https:\/\/lnbr.cnpem.br\/en\/workshops-conferencias\/post\/\" alt=\"\" \/><\/a><\/div><\/div><\/div>[vc_empty_space height=&#8221;15px&#8221;][\/vc_column_inner][vc_column_inner width=&#8221;2\/3&#8243; css=&#8221;.vc_custom_1595851835450{margin-top: 3px !important;margin-bottom: 3px !important;border-top-width: 3px !important;border-bottom-width: 3px !important;padding-top: 3px !important;padding-bottom: 3px !important;}&#8221;][vc_column_text]<a href=\"https:\/\/pages.cnpem.br\/microbiomicas\/\"><span style=\"font-size: 14pt;\"><strong>Curso de Introdu\u00e7\u00e3o \u00e0 Microbi\u00f4micas<\/strong><\/span><\/a><\/p>\n<p style=\"text-align: justify;\">Ferramentas \u00f4micas t\u00eam sido amplamente empregadas em diversas \u00e1reas da biologia moderna, dentre as quais destacam-se o estudo da diversidade e potencial gen\u00e9tico de microrganismos e comunidades microbianas amplamente distribu\u00eddas em todos os habitats do planeta. Se as \u00f4micas fazem seu cora\u00e7\u00e3o bater mais forte, o curso que introduzir\u00e1 o estado da arte em an\u00e1lises \u00f4micas, destacando ferramentas e estrat\u00e9gias computacionais dedicadas ao estudo de comunidades microbianas, com enfoque na descoberta de novas enzimas com poss\u00edveis aplica\u00e7\u00f5es biotecnol\u00f3gicas, foi feito pra voc\u00ea.<\/p>\n<p style=\"text-align: justify;\"><strong>Inscri\u00e7\u00f5es gratuitas de 13\/9 a 17\/10!<\/strong><\/p>\n<p>[\/vc_column_text][\/vc_column_inner][\/vc_row_inner][vc_row_inner disable_element=&#8221;yes&#8221; css=&#8221;.vc_custom_1623755894540{margin-right: -2px !important;margin-left: -2px !important;background-color: #ffffff !important;}&#8221;][vc_column_inner width=&#8221;1\/3&#8243; css=&#8221;.vc_custom_1595851843760{margin-top: 3px !important;margin-bottom: 3px !important;border-top-width: 3px !important;border-bottom-width: 3px !important;padding-top: 3px !important;padding-bottom: 3px !important;}&#8221;][vc_column_text css=&#8221;.vc_custom_1618571282186{margin-bottom: 3px !important;border-bottom-width: 3px !important;padding-bottom: 3px !important;background-color: #1e73be !important;}&#8221;]<\/p>\n<p style=\"text-align: center;\"><span style=\"font-size: 14pt; color: #ffffff;\"><strong>7-8 Junho, 2021<\/strong><\/span><\/p>\n<p>[\/vc_column_text]<style type=\"text\/css\" data-type=\"the7_shortcodes-inline-css\">.shortcode-single-image-wrap.shortcode-single-image-3d95cf79d4059de6f92909181d536042.enable-bg-rollover .rollover i,\n.shortcode-single-image-wrap.shortcode-single-image-3d95cf79d4059de6f92909181d536042.enable-bg-rollover .rollover-video i {\n  background: -webkit-linear-gradient();\n  background: linear-gradient();\n}\n.shortcode-single-image-wrap.shortcode-single-image-3d95cf79d4059de6f92909181d536042 .rollover-icon {\n  font-size: 32px;\n  color: #ffffff;\n  min-width: 44px;\n  min-height: 44px;\n  line-height: 44px;\n  border-radius: 100px;\n  border-style: solid;\n  border-width: 0px;\n}\n.dt-icon-bg-on.shortcode-single-image-wrap.shortcode-single-image-3d95cf79d4059de6f92909181d536042 .rollover-icon {\n  background: rgba(255,255,255,0.3);\n  box-shadow: none;\n}\n<\/style><div class=\"shortcode-single-image-wrap shortcode-single-image-3d95cf79d4059de6f92909181d536042 alignnone  enable-bg-rollover dt-icon-bg-off\" style=\"margin-top:0px; margin-bottom:0px; margin-left:0px; margin-right:0px; width:500px;\"><div class=\"shortcode-single-image\"><div class=\"fancy-media-wrap\" style=\"\"><a href=\"https:\/\/pages.cnpem.br\/IndustrialBiotech\/enzymes-biorenewables\/\" class=\" layzr-bg rollover\" style=\"\" target=\"_blank\" rel=\"noopener\" aria-label=\"Image\"><img decoding=\"async\" class=\"preload-me lazy-load aspect\" src=\"data:image\/svg+xml,%3Csvg%20xmlns%3D&#39;http%3A%2F%2Fwww.w3.org%2F2000%2Fsvg&#39;%20viewBox%3D&#39;0%200%20500%20500&#39;%2F%3E\" data-src=\"https:\/\/lnbr.cnpem.br\/wp-content\/uploads\/2021\/04\/III-IBSB_redes-sociais-500x500.png\" data-srcset=\"https:\/\/lnbr.cnpem.br\/wp-content\/uploads\/2021\/04\/III-IBSB_redes-sociais-500x500.png 500w, https:\/\/lnbr.cnpem.br\/wp-content\/uploads\/2021\/04\/III-IBSB_redes-sociais-1000x1000.png 1000w\" loading=\"eager\" style=\"--ratio: 500 \/ 500\" sizes=\"(max-width: 500px) 100vw, 500px\" width=\"500\" height=\"500\"  data-dt-location=\"https:\/\/lnbr.cnpem.br\/en\/workshops-conferencias\/iii-ibsb_redes-sociais-2\/\" alt=\"\" \/><\/a><\/div><\/div><\/div>[vc_empty_space height=&#8221;15px&#8221;][\/vc_column_inner][vc_column_inner width=&#8221;2\/3&#8243; css=&#8221;.vc_custom_1595851835450{margin-top: 3px !important;margin-bottom: 3px !important;border-top-width: 3px !important;border-bottom-width: 3px !important;padding-top: 3px !important;padding-bottom: 3px !important;}&#8221;][vc_column_text]<a href=\"https:\/\/pages.cnpem.br\/IndustrialBiotech\/enzymes-biorenewables\/\" target=\"_blank\" rel=\"noopener noreferrer\"><span style=\"font-size: 14pt;\"><strong>III <abbr class='c2c-text-hover' title='Industrial Biotechnology and Synthetic Biology'>IBSB<\/abbr> \u2013 Enzymes for Biorenewables<\/strong><\/span><\/a><\/p>\n<p style=\"text-align: justify;\">Este evento apresenta a oportunidade de acolher discuss\u00f5es e fomentar o trabalho em rede entre os participantes, que compreender\u00e1 estudantes de gradua\u00e7\u00e3o e p\u00f3s-gradua\u00e7\u00e3o, profissionais, professores e pesquisadores, trabalhando na \u00e1rea de Biotecnologia no Brasil. O III <abbr class='c2c-text-hover' title='Industrial Biotechnology and Synthetic Biology'>IBSB<\/abbr> tem como objetivo promover um f\u00f3rum para discutir quest\u00f5es-chave no estado da arte para o desenvolvimento de enzimas industriais, divulgando pesquisas desenvolvidas no Brasil e incentivando um ambiente colaborativo. O evento ser\u00e1 realizado de modo totalmente online devido \u00e0 pandemia da COVID-19. Os slides ser\u00e3o apresentados em ingl\u00eas, mas as palestras ser\u00e3o conduzidas em portugu\u00eas.<\/p>\n<p>[\/vc_column_text][\/vc_column_inner][\/vc_row_inner][vc_separator][vc_column_text css=&#8221;.vc_custom_1595851914517{margin-top: -3px !important;margin-bottom: -3px !important;border-top-width: -3px !important;border-bottom-width: -3px !important;padding-top: -3px !important;padding-bottom: -3px !important;}&#8221;]<span style=\"font-size: 14pt;\"><strong>Eventos Anteriores<\/strong><\/span>[\/vc_column_text][vc_row_inner css=&#8221;.vc_custom_1594925827517{background-color: #ffffff !important;}&#8221;][vc_column_inner][vc_column_text]<strong><a href=\"https:\/\/pages.cnpem.br\/industrialbiotech\/\" target=\"_blank\" rel=\"noopener\">V <abbr class='c2c-text-hover' title='Industrial Biotechnology and Synthetic Biology'>IBSB<\/abbr>: Workshop on sustainable bio-based circular economy<\/a><br \/>\n<\/strong>2024<\/p>\n<p><a href=\"https:\/\/pages.cnpem.br\/cursodecaracterizacao\/\" target=\"_blank\" rel=\"noopener\"><strong>Curso de Caracteriza\u00e7\u00e3o Qu\u00edmica de Baga\u00e7o e Palha de Cana-de-a\u00e7\u00facar<\/strong><\/a><br \/>\n2022<\/p>\n<p><strong><a href=\"https:\/\/pages.cnpem.br\/biorreatores\/\" target=\"_blank\" rel=\"noopener\">Curso de Opera\u00e7\u00e3o de Biorreatores de Bancada<\/a><\/strong><br \/>\n2022<\/p>\n<p><a href=\"https:\/\/pages.cnpem.br\/microbiomicas\/\" target=\"_blank\" rel=\"noopener\"><strong>Curso de Introdu\u00e7\u00e3o \u00e0 Microbi\u00f4micas<\/strong><\/a><br \/>\n2021<\/p>\n<p><a href=\"https:\/\/pages.cnpem.br\/cursobiologiasintetica\/cbs2021\/\" target=\"_blank\" rel=\"noopener\"><strong>I Curso de Biologia Sint\u00e9tica<\/strong><\/a><br \/>\n2021<\/p>\n<p><a href=\"https:\/\/pages.cnpem.br\/industrialbiotech\/2021-enzymes-for-biorenewables\/\"><strong>III <abbr class='c2c-text-hover' title='Industrial Biotechnology and Synthetic Biology'>IBSB<\/abbr> \u2013 Enzymes for Biorenewables<\/strong><\/a><br \/>\n2021<\/p>\n<p><a href=\"https:\/\/pages.cnpem.br\/industrialbiotech\/2019-sustainable-chemicals\/\" target=\"_blank\" rel=\"noopener\"><strong>II <abbr class='c2c-text-hover' title='Industrial Biotechnology and Synthetic Biology'>IBSB<\/abbr> \u2013 Sustainable Chemicals and Fuels Through Synthetic Biology<\/strong><\/a><br \/>\n2019<\/p>\n<p><a href=\"https:\/\/pages.cnpem.br\/industrialbiotech\/2018-renewable-resources\/\" target=\"_blank\" rel=\"noopener\"><strong>I <abbr class='c2c-text-hover' title='Industrial Biotechnology and Synthetic Biology'>IBSB<\/abbr> \u2013 Valorization of Renewable Resources<\/strong><\/a><br \/>\n2018<\/p>\n<p><strong><a href=\"https:\/\/pages.cnpem.br\/wectbe\/\">Workshops Estrat\u00e9gicos<\/a><\/strong><br \/>\n2018 e anteriores<\/p>\n<p><a href=\"https:\/\/pages.cnpem.br\/2gbioethanol\/\"><strong>Workshop on 2nd Generation Bioethanol<\/strong><\/a><br \/>\n2017 e anteriores<\/p>\n<p><strong><a href=\"https:\/\/pages.cnpem.br\/quimicaverde\/\">Encontro da Escola Bras. de Qu\u00edmica Verde<\/a><\/strong><br \/>\n2016<\/p>\n<p><strong>SUCRE<br \/>\n<\/strong><strong><a href=\"https:\/\/cnpem.br\/event\/iv-workshop-de-resultados-do-projeto-sucre\/\">IV Workshop de Resultados SUCRE<\/a><\/strong><br \/>\n2019<\/p>\n<p><strong><a href=\"https:\/\/cnpem.br\/event\/workshop-processamento-e-queima-de-palha-nas-usinas-para-geracao-de-eletricidade\/\">Workshop SUCRE Processamento e Queima de Palha<\/a><br \/>\n<\/strong>2019<\/p>\n<p><strong><a href=\"https:\/\/cnpem.br\/event\/iii-workshop-de-resultados-do-projeto-sucre\/\">III Workshop de Resultados SUCRE<\/a><br \/>\n<\/strong>2019<\/p>\n<p><strong><a href=\"https:\/\/cnpem.br\/event\/workshop-de-remocao-de-palha\/\">Workshop SUCRE Remo\u00e7\u00e3o de Palha<\/a><br \/>\n<\/strong>2018[\/vc_column_text][\/vc_column_inner][\/vc_row_inner][vc_empty_space height=&#8221;15px&#8221;][\/vc_column][vc_column width=&#8221;1\/4&#8243;][vc_accordion active_tab=&#8221;1&#8243; collapsible=&#8221;yes&#8221; style=&#8221;2&#8243;][vc_accordion_tab title=&#8221;USU\u00c1RIOS&#8221;][vc_custom_heading text=&#8221;Instala\u00e7\u00f5es Abertas&#8221; font_container=&#8221;tag:p|text_align:left&#8221; google_fonts=&#8221;font_family:Open%20Sans%3A300%2C300italic%2Cregular%2Citalic%2C600%2C600italic%2C700%2C700italic%2C800%2C800italic|font_style:400%20regular%3A400%3Anormal&#8221; link=&#8221;url:https%3A%2F%2Fpages.cnpem.br%2Flnbrteste%2Fpt-br%2Finstalacoes-abertas%2F|title:LNBR%20%7C%20Instala%C3%A7%C3%B5es%20Abertas||&#8221;][vc_custom_heading text=&#8221;Oportunidades de Capacita\u00e7\u00e3o&#8221; font_container=&#8221;tag:p|text_align:left&#8221; google_fonts=&#8221;font_family:Open%20Sans%3A300%2C300italic%2Cregular%2Citalic%2C600%2C600italic%2C700%2C700italic%2C800%2C800italic|font_style:400%20regular%3A400%3Anormal&#8221; link=&#8221;url:https%3A%2F%2Fpages.cnpem.br%2Flnbrteste%2Fpt-br%2Foportunidades-de-capacitacao%2F|title:LNBR%20%7C%20Oportunidades%20de%20Capacita%C3%A7%C3%A3o||&#8221;][vc_custom_heading text=&#8221;Workshops &amp; Confer\u00eancias&#8221; font_container=&#8221;tag:p|text_align:left&#8221; google_fonts=&#8221;font_family:Open%20Sans%3A300%2C300italic%2Cregular%2Citalic%2C600%2C600italic%2C700%2C700italic%2C800%2C800italic|font_style:400%20regular%3A400%3Anormal&#8221; link=&#8221;url:https%3A%2F%2Fpages.cnpem.br%2Flnbrteste%2Fpt-br%2Fworkshops-conferencias%2F|title:LNBR%20%7C%20Workshops%20%26amp%3B%20Confer%C3%AAncias||&#8221;][\/vc_accordion_tab][\/vc_accordion]<div class=\"hr-thin style-line\" style=\"width: 100%;border-color: #606060;border-top-width: 5px;\"><\/div>[vc_accordion active_tab=&#8221;1&#8243; collapsible=&#8221;yes&#8221; style=&#8221;2&#8243;][vc_accordion_tab title=&#8221;FALE CONOSCO&#8221;][vc_column_text]<strong>Informa\u00e7\u00f5es Gerais<br \/>\n<\/strong>Erik N. Medina<br \/>\n+55 19 3512-3138<br \/>\n<a href=\"mailto:erik.medina@cnpem.br\">erik.medina@cnpem.br<\/a>[\/vc_column_text][\/vc_accordion_tab][\/vc_accordion]<div class=\"hr-thin style-line\" style=\"width: 100%;border-color: #606060;border-top-width: 5px;\"><\/div>[vc_accordion active_tab=&#8221;false&#8221; collapsible=&#8221;yes&#8221; style=&#8221;2&#8243;][vc_accordion_tab title=&#8221;COMPARTILHE&#8221;][vc_column_text]<\/p>\n<div class=\"single-share-box\">\n<div class=\"share-buttons\"><a class=\"linkedin\" title=\"LinkedIn\" href=\"https:\/\/www.linkedin.com\/shareArticle?mini=true&amp;url=https%3A%2F%2Fpages.cnpem.br%2Flnbrteste%2Flideranca%2F&amp;title=Lideran%C3%A7a&amp;summary=&amp;source=LNBR\" target=\"_blank\" rel=\"noopener noreferrer\"><span class=\"social-text\">Share on LinkedIn<\/span><span class=\"screen-reader-text\">Share on LinkedIn<\/span><\/a><br \/>\n<a class=\"facebook\" title=\"Facebook\" href=\"http:\/\/www.facebook.com\/sharer.php?u=https%3A%2F%2Fpages.cnpem.br%2Flnbrteste%2Flideranca%2F&amp;t=Lideran%C3%A7a\" target=\"_blank\" rel=\"noopener noreferrer\"><span class=\"social-text\">Share on Facebook<\/span><span class=\"screen-reader-text\">Share on Facebook<\/span><\/a><br \/>\n<a class=\"twitter\" title=\"Twitter\" href=\"https:\/\/twitter.com\/share?url=https%3A%2F%2Fpages.cnpem.br%2Flnbrteste%2Flideranca%2F&amp;text=Lideran%C3%A7a\" target=\"_blank\" rel=\"noopener noreferrer\"><span class=\"social-text\">Tweet<\/span><span class=\"screen-reader-text\">Share on Twitter<\/span><\/a><br \/>\n<a class=\"whatsapp\" title=\"WhatsApp\" href=\"https:\/\/api.whatsapp.com\/send?text=Lideran%C3%A7a%20-%20https%3A%2F%2Fpages.cnpem.br%2Flnbrteste%2Flideranca%2F\" target=\"_blank\" rel=\"noopener noreferrer\" data-action=\"share\/whatsapp\/share\"><span class=\"social-text\">Share on WhatsApp<\/span><span class=\"screen-reader-text\">Share on WhatsApp<\/span><\/a><\/div>\n<p><!-- #content --><\/p>\n<\/div>\n<p>[\/vc_column_text][\/vc_accordion_tab][\/vc_accordion]<div class=\"hr-thin style-line\" style=\"width: 100%;border-color: #606060;border-top-width: 5px;\"><\/div>[\/vc_column][\/vc_row]<\/p>\n<\/section>","protected":false},"excerpt":{"rendered":"<p>[vc_row][vc_column width=&#8221;3\/4&#8243;][vc_row_inner][vc_column_inner][vc_column_text] Os semin\u00e1rios e eventos de alto n\u00edvel promovidos pelo LNBR t\u00eam como foco trazer palestrantes com diferentes forma\u00e7\u00f5es, das melhores empresas, universidades e laborat\u00f3rios nacionais de todo o mundo para compartilhar suas experi\u00eancias. [\/vc_column_text][\/vc_column_inner][\/vc_row_inner][vc_row_inner disable_element=&#8221;yes&#8221; css=&#8221;.vc_custom_1707419852727{margin-right: -2px !important;margin-left: -2px !important;background-color: #f2f2f2 !important;}&#8221;][vc_column_inner width=&#8221;1\/3&#8243; css=&#8221;.vc_custom_1595851843760{margin-top: 3px !important;margin-bottom: 3px !important;border-top-width: 3px !important;border-bottom-width: 3px !important;padding-top: 3px&hellip;<\/p>\n","protected":false},"author":3,"featured_media":0,"parent":0,"menu_order":0,"comment_status":"closed","ping_status":"closed","template":"","meta":{"_acf_changed":false,"_monsterinsights_skip_tracking":false,"_monsterinsights_sitenote_active":false,"_monsterinsights_sitenote_note":"","_monsterinsights_sitenote_category":0,"footnotes":"","_links_to":"","_links_to_target":""},"class_list":["post-46676","page","type-page","status-publish","hentry","description-off"],"acf":[],"_links":{"self":[{"href":"https:\/\/lnbr.cnpem.br\/en\/wp-json\/wp\/v2\/pages\/46676","targetHints":{"allow":["GET"]}}],"collection":[{"href":"https:\/\/lnbr.cnpem.br\/en\/wp-json\/wp\/v2\/pages"}],"about":[{"href":"https:\/\/lnbr.cnpem.br\/en\/wp-json\/wp\/v2\/types\/page"}],"author":[{"embeddable":true,"href":"https:\/\/lnbr.cnpem.br\/en\/wp-json\/wp\/v2\/users\/3"}],"replies":[{"embeddable":true,"href":"https:\/\/lnbr.cnpem.br\/en\/wp-json\/wp\/v2\/comments?post=46676"}],"version-history":[{"count":0,"href":"https:\/\/lnbr.cnpem.br\/en\/wp-json\/wp\/v2\/pages\/46676\/revisions"}],"wp:attachment":[{"href":"https:\/\/lnbr.cnpem.br\/en\/wp-json\/wp\/v2\/media?parent=46676"}],"curies":[{"name":"wp","href":"https:\/\/api.w.org\/{rel}","templated":true}]}}