{"id":46684,"date":"2020-08-17T18:11:39","date_gmt":"2020-08-17T18:11:39","guid":{"rendered":"https:\/\/lnbr.cnpem.br\/?page_id=46684"},"modified":"2021-09-29T19:48:56","modified_gmt":"2021-09-29T19:48:56","slug":"marco-legal-regulatorio","status":"publish","type":"page","link":"https:\/\/lnbr.cnpem.br\/sucre\/marco-legal-regulatorio\/","title":{"rendered":"LNBR | Marco Legal e Regulat\u00f3rio"},"content":{"rendered":"<section class=\"wpb-content-wrapper\"><p>[vc_row][vc_column width=&#8221;3\/4&#8243;][vc_column_text]<\/p>\n<p style=\"text-align: justify;\"><span style=\"font-size: 14pt;\"><strong>Marco Legal e Regulat\u00f3rio<\/strong><\/span><\/p>\n<section class=\"av_textblock_section \">\n<div class=\"avia_textblock \">\n<p style=\"text-align: justify;\">Um dos obst\u00e1culos que tem dificultado a produ\u00e7\u00e3o de energia a partir da palha e do baga\u00e7o de cana-de-a\u00e7\u00facar \u00e9 a legisla\u00e7\u00e3o atual do setor el\u00e9trico brasileiro. O Projeto SUCRE elaborou um estudo detalhado das leis que regem o setor el\u00e9trico, identificando gargalos e sugerindo melhorias que facilitam a comercializa\u00e7\u00e3o de energia pelas usinas de cana-de-a\u00e7\u00facar. O objetivo \u00e9 fornecer insumos para uma estrutura legal e regulat\u00f3ria que incentive o uso sustent\u00e1vel da palha da cana-de-a\u00e7\u00facar para a produ\u00e7\u00e3o e venda de eletricidade para o Sistema Interligado Nacional.<\/p>\n<\/div>\n<\/section>\n<p>[\/vc_column_text][vc_row_inner][vc_column_inner width=&#8221;1\/6&#8243;]<div class=\"ult-just-icon-wrapper  \"><div class=\"align-icon\" style=\"text-align:center;\">\n<a class=\"aio-tooltip 69e631262c018\" href=\"https:\/\/pages.cnpem.br\/lnbrteste\/wp-content\/uploads\/sites\/128\/2020\/07\/Relat\u00f3rio-Excel\u00eancia-Energ\u00e9tica.pdf\" target=\"_blank\" rel=\"noopener\"  data-toggle=\"tooltip\" data-placement=\"\"><div class=\"aio-icon circle \"  style=\"color:#ffffff;background:#1e73be;font-size:32px;display:inline-block;\">\n\t<i class=\"dt-icon-the7-download\"><\/i>\n<\/div><\/a><\/div><\/div>[\/vc_column_inner][vc_column_inner width=&#8221;5\/6&#8243;][vc_column_text]<a href=\"https:\/\/lnbr.cnpem.br\/wp-content\/uploads\/2020\/07\/Relat%C3%B3rio-Excel%C3%AAncia-Energ%C3%A9tica.pdf\" target=\"_blank\" rel=\"noopener noreferrer\"><span style=\"font-size: 14pt;\"><strong>Estudo sobre o marco regulat\u00f3rio el\u00e9trico brasileiro<\/strong><\/span><\/a><br \/>\n<span style=\"text-align: justify;\">Baixe o estudo sobre o Marco Regulat\u00f3rio brasileiro de venda de energia el\u00e9trica gerada a partir da palha da cana-de-a\u00e7\u00facar<\/span>[\/vc_column_text][\/vc_column_inner][\/vc_row_inner][vc_row_inner][vc_column_inner width=&#8221;1\/6&#8243;]<div class=\"ult-just-icon-wrapper  \"><div class=\"align-icon\" style=\"text-align:center;\">\n<a class=\"aio-tooltip 69e631262c069\" href=\"https:\/\/pages.cnpem.br\/lnbrteste\/wp-content\/uploads\/sites\/128\/2020\/07\/Bioelectricity-Booklet.pdf\" target=\"_blank\" rel=\"noopener\"  data-toggle=\"tooltip\" data-placement=\"\"><div class=\"aio-icon circle \"  style=\"color:#ffffff;background:#1e73be;font-size:32px;display:inline-block;\">\n\t<i class=\"dt-icon-the7-menu-002\"><\/i>\n<\/div><\/a><\/div><\/div>[\/vc_column_inner][vc_column_inner width=&#8221;5\/6&#8243;][vc_column_text]<\/p>\n<p style=\"text-align: justify;\"><a href=\"https:\/\/lnbr.cnpem.br\/wp-content\/uploads\/2020\/07\/Bioelectricity-Booklet.pdf\" target=\"_blank\" rel=\"noopener noreferrer\"><span style=\"font-size: 14pt;\"><strong>Cartilha da Bioeletricidade<\/strong><\/span><\/a><br \/>\nAcesse a Cartilha da Bioeletricidade, um material informativo sobre o modelo regulat\u00f3rio el\u00e9trico brasileiro para a venda de energia gerada a partir da biomassa da cana de a\u00e7\u00facar, com \u00eanfase no uso da palha da cana-de-a\u00e7\u00facar<\/p>\n<p>[\/vc_column_text][\/vc_column_inner][\/vc_row_inner][\/vc_column][vc_column width=&#8221;1\/4&#8243;][vc_accordion active_tab=&#8221;false&#8221; collapsible=&#8221;yes&#8221; style=&#8221;2&#8243;][vc_accordion_tab title=&#8221;IND\u00daSTRIA&#8221;][vc_custom_heading text=&#8221;Inova\u00e7\u00e3o&#8221; font_container=&#8221;tag:p|text_align:left&#8221; google_fonts=&#8221;font_family:Open%20Sans%3A300%2C300italic%2Cregular%2Citalic%2C600%2C600italic%2C700%2C700italic%2C800%2C800italic|font_style:400%20regular%3A400%3Anormal&#8221; link=&#8221;url:https%3A%2F%2Fpages.cnpem.br%2Flnbrteste%2Fpt-br%2Finovacao%2F|title:LNBR%20%7C%20Inova%C3%A7%C3%A3o||&#8221;][vc_custom_heading text=&#8221;BioValue&#8221; font_container=&#8221;tag:p|text_align:left&#8221; google_fonts=&#8221;font_family:Open%20Sans%3A300%2C300italic%2Cregular%2Citalic%2C600%2C600italic%2C700%2C700italic%2C800%2C800italic|font_style:400%20regular%3A400%3Anormal&#8221; link=&#8221;url:https%3A%2F%2Fpages.cnpem.br%2Flnbrteste%2Fpt-br%2Fbiovalue%2F|title:LNBR%20%7C%20BioValue||&#8221;][vc_custom_heading text=&#8221;Projeto SUCRE&#8221; font_container=&#8221;tag:p|text_align:left&#8221; google_fonts=&#8221;font_family:Open%20Sans%3A300%2C300italic%2Cregular%2Citalic%2C600%2C600italic%2C700%2C700italic%2C800%2C800italic|font_style:400%20regular%3A400%3Anormal&#8221; link=&#8221;url:https%3A%2F%2Fpages.cnpem.br%2Flnbrteste%2Fpt-br%2Fsucre%2F|title:LNBR%20%7C%20Projeto%20SUCRE||&#8221;][\/vc_accordion_tab][\/vc_accordion]<div class=\"hr-thin style-line\" style=\"width: 100%;border-color: #606060;border-top-width: 5px;\"><\/div>[vc_accordion active_tab=&#8221;1&#8243; collapsible=&#8221;yes&#8221; style=&#8221;2&#8243;][vc_accordion_tab title=&#8221;PROJETO SUCRE&#8221;][vc_column_text]<a href=\"https:\/\/lnbr.cnpem.br\/sucre\/desafios-tecnologicos\/\">Desafios Tecnol\u00f3gicos<\/a><br \/>\n<a href=\"https:\/\/lnbr.cnpem.br\/sucre\/marco-legal-regulatorio\/\">Marco Legal &amp; Regulat\u00f3rio<\/a><br \/>\n<a href=\"https:\/\/lnbr.cnpem.br\/sucre\/impactos-ambientais\/\">Impactos Ambientais<\/a><br \/>\n<a href=\"https:\/\/lnbr.cnpem.br\/sucre\/viabilidade-economica\/\">Viabilidade Econ\u00f4mica<\/a><br \/>\n<a href=\"https:\/\/lnbr.cnpem.br\/sucre\/disseminacao\/\">Dissemina\u00e7\u00e3o<\/a><br \/>\n<a href=\"https:\/\/lnbr.cnpem.br\/sucre\/ferramentas\/\">Ferramentas<\/a>[\/vc_column_text][\/vc_accordion_tab][\/vc_accordion]<div class=\"hr-thin style-line\" style=\"width: 100%;border-color: #606060;border-top-width: 5px;\"><\/div>[vc_accordion active_tab=&#8221;1&#8243; collapsible=&#8221;yes&#8221; style=&#8221;2&#8243;][vc_accordion_tab title=&#8221;FALE CONOSCO&#8221;][vc_column_text]<strong>Diretor Nacional do Projeto SUCRE<br \/>\n<\/strong>Manoel Regis L. V. Leal<\/p>\n<p><strong>Gerente do Projeto SUCRE<br \/>\n<\/strong>Thayse A. D. Hernandes<\/p>\n<p><strong>Fale Conosco<\/strong><br \/>\n<a href=\"mailto:lnbr.dir@lnbr.cnpem.br\">lnbr.dir@lnbr.cnpem.br<\/a>[\/vc_column_text][\/vc_accordion_tab][\/vc_accordion]<div class=\"hr-thin style-line\" style=\"width: 100%;border-color: #606060;border-top-width: 5px;\"><\/div>[vc_accordion active_tab=&#8221;false&#8221; collapsible=&#8221;yes&#8221; style=&#8221;2&#8243;][vc_accordion_tab title=&#8221;COMPARTILHE&#8221;][vc_column_text]<\/p>\n<div class=\"single-share-box\">\n<div class=\"share-buttons\"><a class=\"linkedin\" title=\"LinkedIn\" href=\"https:\/\/www.linkedin.com\/shareArticle?mini=true&amp;url=https%3A%2F%2Fpages.cnpem.br%2Flnbrteste%2Flideranca%2F&amp;title=Lideran%C3%A7a&amp;summary=&amp;source=LNBR\" target=\"_blank\" rel=\"noopener noreferrer\"><span class=\"social-text\">Share on LinkedIn<\/span><span class=\"screen-reader-text\">Share on LinkedIn<\/span><\/a><br \/>\n<a class=\"facebook\" title=\"Facebook\" href=\"http:\/\/www.facebook.com\/sharer.php?u=https%3A%2F%2Fpages.cnpem.br%2Flnbrteste%2Flideranca%2F&amp;t=Lideran%C3%A7a\" target=\"_blank\" rel=\"noopener noreferrer\"><span class=\"social-text\">Share on Facebook<\/span><span class=\"screen-reader-text\">Share on Facebook<\/span><\/a><br \/>\n<a class=\"twitter\" title=\"Twitter\" href=\"https:\/\/twitter.com\/share?url=https%3A%2F%2Fpages.cnpem.br%2Flnbrteste%2Flideranca%2F&amp;text=Lideran%C3%A7a\" target=\"_blank\" rel=\"noopener noreferrer\"><span class=\"social-text\">Tweet<\/span><span class=\"screen-reader-text\">Share on Twitter<\/span><\/a><br \/>\n<a class=\"whatsapp\" title=\"WhatsApp\" href=\"https:\/\/api.whatsapp.com\/send?text=Lideran%C3%A7a%20-%20https%3A%2F%2Fpages.cnpem.br%2Flnbrteste%2Flideranca%2F\" target=\"_blank\" rel=\"noopener noreferrer\" data-action=\"share\/whatsapp\/share\"><span class=\"social-text\">Share on WhatsApp<\/span><span class=\"screen-reader-text\">Share on WhatsApp<\/span><\/a><\/div>\n<p><!-- #content --><\/p>\n<\/div>\n<p>[\/vc_column_text][\/vc_accordion_tab][\/vc_accordion]<div class=\"hr-thin style-line\" style=\"width: 100%;border-color: #606060;border-top-width: 5px;\"><\/div>[\/vc_column][\/vc_row]<\/p>\n<\/section>","protected":false},"excerpt":{"rendered":"<p>[vc_row][vc_column width=&#8221;3\/4&#8243;][vc_column_text] Marco Legal e Regulat\u00f3rio Um dos obst\u00e1culos que tem dificultado a produ\u00e7\u00e3o de energia a partir da palha e do baga\u00e7o de cana-de-a\u00e7\u00facar \u00e9 a legisla\u00e7\u00e3o atual do setor el\u00e9trico brasileiro. O Projeto SUCRE elaborou um estudo detalhado das leis que regem o setor el\u00e9trico, identificando gargalos e sugerindo melhorias que facilitam a&hellip;<\/p>\n","protected":false},"author":3,"featured_media":0,"parent":46681,"menu_order":0,"comment_status":"closed","ping_status":"closed","template":"","meta":{"_acf_changed":false,"_monsterinsights_skip_tracking":false,"_monsterinsights_sitenote_active":false,"_monsterinsights_sitenote_note":"","_monsterinsights_sitenote_category":0,"footnotes":"","_links_to":"","_links_to_target":""},"class_list":["post-46684","page","type-page","status-publish","hentry","description-off"],"acf":[],"_links":{"self":[{"href":"https:\/\/lnbr.cnpem.br\/en\/wp-json\/wp\/v2\/pages\/46684","targetHints":{"allow":["GET"]}}],"collection":[{"href":"https:\/\/lnbr.cnpem.br\/en\/wp-json\/wp\/v2\/pages"}],"about":[{"href":"https:\/\/lnbr.cnpem.br\/en\/wp-json\/wp\/v2\/types\/page"}],"author":[{"embeddable":true,"href":"https:\/\/lnbr.cnpem.br\/en\/wp-json\/wp\/v2\/users\/3"}],"replies":[{"embeddable":true,"href":"https:\/\/lnbr.cnpem.br\/en\/wp-json\/wp\/v2\/comments?post=46684"}],"version-history":[{"count":0,"href":"https:\/\/lnbr.cnpem.br\/en\/wp-json\/wp\/v2\/pages\/46684\/revisions"}],"up":[{"embeddable":true,"href":"https:\/\/lnbr.cnpem.br\/en\/wp-json\/wp\/v2\/pages\/46681"}],"wp:attachment":[{"href":"https:\/\/lnbr.cnpem.br\/en\/wp-json\/wp\/v2\/media?parent=46684"}],"curies":[{"name":"wp","href":"https:\/\/api.w.org\/{rel}","templated":true}]}}