{"id":46688,"date":"2020-08-17T18:11:39","date_gmt":"2020-08-17T18:11:39","guid":{"rendered":"https:\/\/lnbr.cnpem.br\/?page_id=46688"},"modified":"2021-09-29T19:48:14","modified_gmt":"2021-09-29T19:48:14","slug":"cartilhas","status":"publish","type":"page","link":"https:\/\/lnbr.cnpem.br\/sucre\/disseminacao\/cartilhas\/","title":{"rendered":"LNBR | Cartilhas do Projeto SUCRE"},"content":{"rendered":"<section class=\"wpb-content-wrapper\"><p>[vc_row][vc_column width=&#8221;3\/4&#8243;][vc_column_text]<\/p>\n<p style=\"text-align: justify;\"><span style=\"font-size: 14pt;\"><strong>Cartilhas<\/strong><\/span><\/p>\n<p style=\"text-align: justify;\">Baixe as Cartilhas do SUCRE, que ajudam na tomada de decis\u00f5es no setor sucroenerg\u00e9tico sobre o uso da palha para a gera\u00e7\u00e3o de eletricidade.<\/p>\n<p>[\/vc_column_text][vc_row_inner][vc_column_inner width=&#8221;1\/5&#8243;]<style type=\"text\/css\" data-type=\"the7_shortcodes-inline-css\">.shortcode-single-image-wrap.shortcode-single-image-09f2d28f1e34f40fa1ab42bc456ea9fd.enable-bg-rollover .rollover i,\n.shortcode-single-image-wrap.shortcode-single-image-09f2d28f1e34f40fa1ab42bc456ea9fd.enable-bg-rollover .rollover-video i {\n  background: -webkit-linear-gradient();\n  background: linear-gradient();\n}\n.shortcode-single-image-wrap.shortcode-single-image-09f2d28f1e34f40fa1ab42bc456ea9fd .rollover-icon {\n  font-size: 32px;\n  color: #ffffff;\n  min-width: 44px;\n  min-height: 44px;\n  line-height: 44px;\n  border-radius: 100px;\n  border-style: solid;\n  border-width: 0px;\n}\n.dt-icon-bg-on.shortcode-single-image-wrap.shortcode-single-image-09f2d28f1e34f40fa1ab42bc456ea9fd .rollover-icon {\n  background: rgba(255,255,255,0.3);\n  box-shadow: none;\n}\n<\/style><div class=\"shortcode-single-image-wrap shortcode-single-image-09f2d28f1e34f40fa1ab42bc456ea9fd alignnone  enable-bg-rollover dt-icon-bg-off\" style=\"margin-top:0px; margin-bottom:0px; margin-left:0px; margin-right:0px; width:500px;\"><div class=\"shortcode-single-image\"><div class=\"fancy-media-wrap\" style=\"\"><a href=\"https:\/\/lnbr.cnpem.br\/wp-content\/uploads\/2020\/09\/Cartilha-Recolhimento.pdf\" class=\" layzr-bg rollover\" style=\"\" target=\"_blank\" rel=\"noopener\" aria-label=\"Image\"><img fetchpriority=\"high\" decoding=\"async\" class=\"preload-me lazy-load aspect\" src=\"data:image\/svg+xml,%3Csvg%20xmlns%3D&#39;http%3A%2F%2Fwww.w3.org%2F2000%2Fsvg&#39;%20viewBox%3D&#39;0%200%20500%20702&#39;%2F%3E\" data-src=\"https:\/\/lnbr.cnpem.br\/wp-content\/uploads\/2020\/09\/Cartilha-Recolhimento-1-scaled-500x702.jpg\" data-srcset=\"https:\/\/lnbr.cnpem.br\/wp-content\/uploads\/2020\/09\/Cartilha-Recolhimento-1-scaled-500x702.jpg 500w, https:\/\/lnbr.cnpem.br\/wp-content\/uploads\/2020\/09\/Cartilha-Recolhimento-1-scaled-1000x1404.jpg 1000w\" loading=\"eager\" style=\"--ratio: 500 \/ 702\" sizes=\"(max-width: 500px) 100vw, 500px\" width=\"500\" height=\"702\"  data-dt-location=\"https:\/\/lnbr.cnpem.br\/en\/sucre\/disseminacao\/cartilhas\/cartilha-recolhimento_nova-indd\/\" alt=\"\" \/><\/a><\/div><\/div><\/div>[\/vc_column_inner][vc_column_inner width=&#8221;1\/5&#8243;]<style type=\"text\/css\" data-type=\"the7_shortcodes-inline-css\">.shortcode-single-image-wrap.shortcode-single-image-34bcf0dee7eb704b6113a5bbc18eae3f.enable-bg-rollover .rollover i,\n.shortcode-single-image-wrap.shortcode-single-image-34bcf0dee7eb704b6113a5bbc18eae3f.enable-bg-rollover .rollover-video i {\n  background: -webkit-linear-gradient();\n  background: linear-gradient();\n}\n.shortcode-single-image-wrap.shortcode-single-image-34bcf0dee7eb704b6113a5bbc18eae3f .rollover-icon {\n  font-size: 32px;\n  color: #ffffff;\n  min-width: 44px;\n  min-height: 44px;\n  line-height: 44px;\n  border-radius: 100px;\n  border-style: solid;\n  border-width: 0px;\n}\n.dt-icon-bg-on.shortcode-single-image-wrap.shortcode-single-image-34bcf0dee7eb704b6113a5bbc18eae3f .rollover-icon {\n  background: rgba(255,255,255,0.3);\n  box-shadow: none;\n}\n<\/style><div class=\"shortcode-single-image-wrap shortcode-single-image-34bcf0dee7eb704b6113a5bbc18eae3f alignnone  enable-bg-rollover dt-icon-bg-off\" style=\"margin-top:0px; margin-bottom:0px; margin-left:0px; margin-right:0px; width:500px;\"><div class=\"shortcode-single-image\"><div class=\"fancy-media-wrap\" style=\"\"><a href=\"https:\/\/lnbr.cnpem.br\/wp-content\/uploads\/2020\/09\/Cartilha-Ind\u00fastria.pdf\" class=\" layzr-bg rollover\" style=\"\" target=\"_blank\" rel=\"noopener\" aria-label=\"Image\"><img decoding=\"async\" class=\"preload-me lazy-load aspect\" src=\"data:image\/svg+xml,%3Csvg%20xmlns%3D&#39;http%3A%2F%2Fwww.w3.org%2F2000%2Fsvg&#39;%20viewBox%3D&#39;0%200%20500%20700&#39;%2F%3E\" data-src=\"https:\/\/lnbr.cnpem.br\/wp-content\/uploads\/2020\/09\/Cartilha-Ind\u00fastria-1-scaled-500x700.jpg\" data-srcset=\"https:\/\/lnbr.cnpem.br\/wp-content\/uploads\/2020\/09\/Cartilha-Ind\u00fastria-1-scaled-500x700.jpg 500w, https:\/\/lnbr.cnpem.br\/wp-content\/uploads\/2020\/09\/Cartilha-Ind\u00fastria-1-scaled-1000x1400.jpg 1000w\" loading=\"eager\" style=\"--ratio: 500 \/ 700\" sizes=\"(max-width: 500px) 100vw, 500px\" width=\"500\" height=\"700\"  data-dt-location=\"https:\/\/lnbr.cnpem.br\/en\/sucre\/disseminacao\/cartilhas\/cartilha-industria_nova2-indd\/\" alt=\"\" \/><\/a><\/div><\/div><\/div>[\/vc_column_inner][vc_column_inner width=&#8221;1\/5&#8243;]<style type=\"text\/css\" data-type=\"the7_shortcodes-inline-css\">.shortcode-single-image-wrap.shortcode-single-image-d8112ea58d042de70f3e41c01da80912.enable-bg-rollover .rollover i,\n.shortcode-single-image-wrap.shortcode-single-image-d8112ea58d042de70f3e41c01da80912.enable-bg-rollover .rollover-video i {\n  background: -webkit-linear-gradient();\n  background: linear-gradient();\n}\n.shortcode-single-image-wrap.shortcode-single-image-d8112ea58d042de70f3e41c01da80912 .rollover-icon {\n  font-size: 32px;\n  color: #ffffff;\n  min-width: 44px;\n  min-height: 44px;\n  line-height: 44px;\n  border-radius: 100px;\n  border-style: solid;\n  border-width: 0px;\n}\n.dt-icon-bg-on.shortcode-single-image-wrap.shortcode-single-image-d8112ea58d042de70f3e41c01da80912 .rollover-icon {\n  background: rgba(255,255,255,0.3);\n  box-shadow: none;\n}\n<\/style><div class=\"shortcode-single-image-wrap shortcode-single-image-d8112ea58d042de70f3e41c01da80912 alignnone  enable-bg-rollover dt-icon-bg-off\" style=\"margin-top:0px; margin-bottom:0px; margin-left:0px; margin-right:0px; width:500px;\"><div class=\"shortcode-single-image\"><div class=\"fancy-media-wrap\" style=\"\"><a href=\"https:\/\/lnbr.cnpem.br\/wp-content\/uploads\/2020\/09\/Cartilha-Remo\u00e7\u00e3o.pdf\" class=\" layzr-bg rollover\" style=\"\" target=\"_blank\" rel=\"noopener\" aria-label=\"Image\"><img decoding=\"async\" class=\"preload-me lazy-load aspect\" src=\"data:image\/svg+xml,%3Csvg%20xmlns%3D&#39;http%3A%2F%2Fwww.w3.org%2F2000%2Fsvg&#39;%20viewBox%3D&#39;0%200%20500%20702&#39;%2F%3E\" data-src=\"https:\/\/lnbr.cnpem.br\/wp-content\/uploads\/2020\/09\/Cartilha-Remo\u00e7\u00e3o-1-scaled-500x702.jpg\" data-srcset=\"https:\/\/lnbr.cnpem.br\/wp-content\/uploads\/2020\/09\/Cartilha-Remo\u00e7\u00e3o-1-scaled-500x702.jpg 500w, https:\/\/lnbr.cnpem.br\/wp-content\/uploads\/2020\/09\/Cartilha-Remo\u00e7\u00e3o-1-scaled-1000x1404.jpg 1000w\" loading=\"eager\" style=\"--ratio: 500 \/ 702\" sizes=\"(max-width: 500px) 100vw, 500px\" width=\"500\" height=\"702\"  data-dt-location=\"https:\/\/lnbr.cnpem.br\/en\/sucre\/disseminacao\/cartilhas\/cartilha-remoc%cc%a7a%cc%83o3_final-indd\/\" alt=\"\" \/><\/a><\/div><\/div><\/div>[\/vc_column_inner][vc_column_inner width=&#8221;1\/5&#8243;]<style type=\"text\/css\" data-type=\"the7_shortcodes-inline-css\">.shortcode-single-image-wrap.shortcode-single-image-6bd8547400c2823e23d9c1a890ebb9ff.enable-bg-rollover .rollover i,\n.shortcode-single-image-wrap.shortcode-single-image-6bd8547400c2823e23d9c1a890ebb9ff.enable-bg-rollover .rollover-video i {\n  background: -webkit-linear-gradient();\n  background: linear-gradient();\n}\n.shortcode-single-image-wrap.shortcode-single-image-6bd8547400c2823e23d9c1a890ebb9ff .rollover-icon {\n  font-size: 32px;\n  color: #ffffff;\n  min-width: 44px;\n  min-height: 44px;\n  line-height: 44px;\n  border-radius: 100px;\n  border-style: solid;\n  border-width: 0px;\n}\n.dt-icon-bg-on.shortcode-single-image-wrap.shortcode-single-image-6bd8547400c2823e23d9c1a890ebb9ff .rollover-icon {\n  background: rgba(255,255,255,0.3);\n  box-shadow: none;\n}\n<\/style><div class=\"shortcode-single-image-wrap shortcode-single-image-6bd8547400c2823e23d9c1a890ebb9ff alignnone  enable-bg-rollover dt-icon-bg-off\" style=\"margin-top:0px; margin-bottom:0px; margin-left:0px; margin-right:0px; width:500px;\"><div class=\"shortcode-single-image\"><div class=\"fancy-media-wrap\" style=\"\"><a href=\"https:\/\/lnbr.cnpem.br\/wp-content\/uploads\/2020\/09\/Cartilha-Integra\u00e7\u00e3o.pdf\" class=\" layzr-bg rollover\" style=\"\" target=\"_blank\" rel=\"noopener\" aria-label=\"Image\"><img decoding=\"async\" class=\"preload-me lazy-load aspect\" src=\"data:image\/svg+xml,%3Csvg%20xmlns%3D&#39;http%3A%2F%2Fwww.w3.org%2F2000%2Fsvg&#39;%20viewBox%3D&#39;0%200%20500%20702&#39;%2F%3E\" data-src=\"https:\/\/lnbr.cnpem.br\/wp-content\/uploads\/2020\/09\/Cartilha-Integra\u00e7\u00e3o-1-scaled-500x702.jpg\" data-srcset=\"https:\/\/lnbr.cnpem.br\/wp-content\/uploads\/2020\/09\/Cartilha-Integra\u00e7\u00e3o-1-scaled-500x702.jpg 500w, https:\/\/lnbr.cnpem.br\/wp-content\/uploads\/2020\/09\/Cartilha-Integra\u00e7\u00e3o-1-scaled-1000x1404.jpg 1000w\" loading=\"eager\" style=\"--ratio: 500 \/ 702\" sizes=\"(max-width: 500px) 100vw, 500px\" width=\"500\" height=\"702\"  data-dt-location=\"https:\/\/lnbr.cnpem.br\/en\/sucre\/disseminacao\/cartilhas\/cartilha-integrac%cc%a7a%cc%83o_nova-indd\/\" alt=\"\" \/><\/a><\/div><\/div><\/div>[\/vc_column_inner][vc_column_inner width=&#8221;1\/5&#8243;]<style type=\"text\/css\" data-type=\"the7_shortcodes-inline-css\">.shortcode-single-image-wrap.shortcode-single-image-c73e4b2f454e2ec1bda0964fff291c8a.enable-bg-rollover .rollover i,\n.shortcode-single-image-wrap.shortcode-single-image-c73e4b2f454e2ec1bda0964fff291c8a.enable-bg-rollover .rollover-video i {\n  background: -webkit-linear-gradient();\n  background: linear-gradient();\n}\n.shortcode-single-image-wrap.shortcode-single-image-c73e4b2f454e2ec1bda0964fff291c8a .rollover-icon {\n  font-size: 32px;\n  color: #ffffff;\n  min-width: 44px;\n  min-height: 44px;\n  line-height: 44px;\n  border-radius: 100px;\n  border-style: solid;\n  border-width: 0px;\n}\n.dt-icon-bg-on.shortcode-single-image-wrap.shortcode-single-image-c73e4b2f454e2ec1bda0964fff291c8a .rollover-icon {\n  background: rgba(255,255,255,0.3);\n  box-shadow: none;\n}\n<\/style><div class=\"shortcode-single-image-wrap shortcode-single-image-c73e4b2f454e2ec1bda0964fff291c8a alignnone  enable-bg-rollover dt-icon-bg-off\" style=\"margin-top:0px; margin-bottom:0px; margin-left:0px; margin-right:0px; width:500px;\"><div class=\"shortcode-single-image\"><div class=\"fancy-media-wrap\" style=\"\"><a href=\"https:\/\/lnbr.cnpem.br\/wp-content\/uploads\/2020\/09\/Cartilha-Bioeletricidade.pdf\" class=\" layzr-bg rollover\" style=\"\" target=\"_blank\" rel=\"noopener\" aria-label=\"Image\"><img decoding=\"async\" class=\"preload-me lazy-load aspect\" src=\"data:image\/svg+xml,%3Csvg%20xmlns%3D&#39;http%3A%2F%2Fwww.w3.org%2F2000%2Fsvg&#39;%20viewBox%3D&#39;0%200%20500%20693&#39;%2F%3E\" data-src=\"https:\/\/lnbr.cnpem.br\/wp-content\/uploads\/2020\/09\/Cartilha-Bioeletricidade-1-scaled-500x693.jpg\" data-srcset=\"https:\/\/lnbr.cnpem.br\/wp-content\/uploads\/2020\/09\/Cartilha-Bioeletricidade-1-scaled-500x693.jpg 500w, https:\/\/lnbr.cnpem.br\/wp-content\/uploads\/2020\/09\/Cartilha-Bioeletricidade-1-scaled-1000x1386.jpg 1000w\" loading=\"eager\" style=\"--ratio: 500 \/ 693\" sizes=\"(max-width: 500px) 100vw, 500px\" width=\"500\" height=\"693\"  data-dt-location=\"https:\/\/lnbr.cnpem.br\/en\/sucre\/disseminacao\/cartilhas\/cartilha_7-indd\/\" alt=\"\" \/><\/a><\/div><\/div><\/div>[\/vc_column_inner][\/vc_row_inner][vc_empty_space height=&#8221;15px&#8221;][\/vc_column][vc_column width=&#8221;1\/4&#8243;][vc_accordion active_tab=&#8221;false&#8221; collapsible=&#8221;yes&#8221; style=&#8221;2&#8243;][vc_accordion_tab title=&#8221;IND\u00daSTRIA&#8221;][vc_custom_heading text=&#8221;Inova\u00e7\u00e3o&#8221; font_container=&#8221;tag:p|text_align:left&#8221; google_fonts=&#8221;font_family:Open%20Sans%3A300%2C300italic%2Cregular%2Citalic%2C600%2C600italic%2C700%2C700italic%2C800%2C800italic|font_style:400%20regular%3A400%3Anormal&#8221; link=&#8221;url:https%3A%2F%2Fpages.cnpem.br%2Flnbrteste%2Fpt-br%2Finovacao%2F|title:LNBR%20%7C%20Inova%C3%A7%C3%A3o||&#8221;][vc_custom_heading text=&#8221;BioValue&#8221; font_container=&#8221;tag:p|text_align:left&#8221; google_fonts=&#8221;font_family:Open%20Sans%3A300%2C300italic%2Cregular%2Citalic%2C600%2C600italic%2C700%2C700italic%2C800%2C800italic|font_style:400%20regular%3A400%3Anormal&#8221; link=&#8221;url:https%3A%2F%2Fpages.cnpem.br%2Flnbrteste%2Fpt-br%2Fbiovalue%2F|title:LNBR%20%7C%20BioValue||&#8221;][vc_custom_heading text=&#8221;Projeto SUCRE&#8221; font_container=&#8221;tag:p|text_align:left&#8221; google_fonts=&#8221;font_family:Open%20Sans%3A300%2C300italic%2Cregular%2Citalic%2C600%2C600italic%2C700%2C700italic%2C800%2C800italic|font_style:400%20regular%3A400%3Anormal&#8221; link=&#8221;url:https%3A%2F%2Fpages.cnpem.br%2Flnbrteste%2Fpt-br%2Fsucre%2F|title:LNBR%20%7C%20Projeto%20SUCRE||&#8221;][\/vc_accordion_tab][\/vc_accordion]<div class=\"hr-thin style-line\" style=\"width: 100%;border-color: #606060;border-top-width: 5px;\"><\/div>[vc_accordion active_tab=&#8221;1&#8243; collapsible=&#8221;yes&#8221; style=&#8221;2&#8243;][vc_accordion_tab title=&#8221;PROJETO SUCRE&#8221;][vc_column_text]<a href=\"https:\/\/lnbr.cnpem.br\/sucre\/desafios-tecnologicos\">Desafios Tecnol\u00f3gicos<\/a><\/p>\n<p><a href=\"https:\/\/lnbr.cnpem.br\/sucre\/marco-legal-regulatorio\/\">Marco Legal e Regulat\u00f3rio<\/a><\/p>\n<p><a href=\"https:\/\/lnbr.cnpem.br\/sucre\/impactos-ambientais\/\">Impactos Ambientais<\/a><\/p>\n<p><a href=\"https:\/\/lnbr.cnpem.br\/sucre\/viabilidade-economica\/\">Viabilidade Econ\u00f4mica<\/a><\/p>\n<p><a href=\"https:\/\/lnbr.cnpem.br\/sucre\/disseminacao\/\">Dissemina\u00e7\u00e3o<\/a><\/p>\n<p><a href=\"https:\/\/lnbr.cnpem.br\/sucre\/ferramentas\/\">Ferramentas<\/a>[\/vc_column_text][\/vc_accordion_tab][\/vc_accordion]<div class=\"hr-thin style-line\" style=\"width: 100%;border-color: #606060;border-top-width: 5px;\"><\/div>[vc_accordion active_tab=&#8221;1&#8243; collapsible=&#8221;yes&#8221; style=&#8221;2&#8243;][vc_accordion_tab title=&#8221;FALE CONOSCO&#8221;][vc_column_text]<strong>Diretor Nacional do Projeto SUCRE<\/strong><\/p>\n<p>Manoel Regis L. V. Leal<\/p>\n<p><strong>Gerente do Projeto SUCRE<\/strong><\/p>\n<p>Thayse A. D. Hernandes<\/p>\n<p><strong>Fale Conosco<\/strong><\/p>\n<p><a href=\"mailto:lnbr.dir@lnbr.cnpem.br\">lnbr.dir@lnbr.cnpem.br<\/a>[\/vc_column_text][\/vc_accordion_tab][\/vc_accordion]<div class=\"hr-thin style-line\" style=\"width: 100%;border-color: #606060;border-top-width: 5px;\"><\/div>[vc_accordion active_tab=&#8221;false&#8221; collapsible=&#8221;yes&#8221; style=&#8221;2&#8243;][vc_accordion_tab title=&#8221;COMPARTILHE&#8221;][vc_column_text]<\/p>\n<div class=\"single-share-box\">\n<div class=\"share-buttons\">\n<p><a class=\"linkedin\" title=\"LinkedIn\" href=\"https:\/\/www.linkedin.com\/shareArticle?mini=true&amp;url=https%3A%2F%2Fpages.cnpem.br%2Flnbrteste%2Flideranca%2F&amp;title=Lideran%C3%A7a&amp;summary=&amp;source=LNBR\" target=\"_blank\" rel=\"noopener noreferrer\"><span class=\"social-text\">Share on LinkedIn<\/span><span class=\"screen-reader-text\">Share on LinkedIn<\/span><\/a><\/p>\n<p><a class=\"facebook\" title=\"Facebook\" href=\"http:\/\/www.facebook.com\/sharer.php?u=https%3A%2F%2Fpages.cnpem.br%2Flnbrteste%2Flideranca%2F&amp;t=Lideran%C3%A7a\" target=\"_blank\" rel=\"noopener noreferrer\"><span class=\"social-text\">Share on Facebook<\/span><span class=\"screen-reader-text\">Share on Facebook<\/span><\/a><\/p>\n<p><a class=\"twitter\" title=\"Twitter\" href=\"https:\/\/twitter.com\/share?url=https%3A%2F%2Fpages.cnpem.br%2Flnbrteste%2Flideranca%2F&amp;text=Lideran%C3%A7a\" target=\"_blank\" rel=\"noopener noreferrer\"><span class=\"social-text\">Tweet<\/span><span class=\"screen-reader-text\">Share on Twitter<\/span><\/a><\/p>\n<p><a class=\"whatsapp\" title=\"WhatsApp\" href=\"https:\/\/api.whatsapp.com\/send?text=Lideran%C3%A7a%20-%20https%3A%2F%2Fpages.cnpem.br%2Flnbrteste%2Flideranca%2F\" target=\"_blank\" rel=\"noopener noreferrer\" data-action=\"share\/whatsapp\/share\"><span class=\"social-text\">Share on WhatsApp<\/span><span class=\"screen-reader-text\">Share on WhatsApp<\/span><\/a><\/p>\n<\/div>\n<p><!-- #content --><\/p>\n<\/div>\n<p>[\/vc_column_text][\/vc_accordion_tab][\/vc_accordion]<div class=\"hr-thin style-line\" style=\"width: 100%;border-color: #606060;border-top-width: 5px;\"><\/div>[\/vc_column][\/vc_row]<\/p>\n<\/section>","protected":false},"excerpt":{"rendered":"<p>[vc_row][vc_column width=&#8221;3\/4&#8243;][vc_column_text] Cartilhas Baixe as Cartilhas do SUCRE, que ajudam na tomada de decis\u00f5es no setor sucroenerg\u00e9tico sobre o uso da palha para a gera\u00e7\u00e3o de eletricidade. [\/vc_column_text][vc_row_inner][vc_column_inner width=&#8221;1\/5&#8243;][\/vc_column_inner][vc_column_inner width=&#8221;1\/5&#8243;][\/vc_column_inner][vc_column_inner width=&#8221;1\/5&#8243;][\/vc_column_inner][vc_column_inner width=&#8221;1\/5&#8243;][\/vc_column_inner][vc_column_inner width=&#8221;1\/5&#8243;][\/vc_column_inner][\/vc_row_inner][vc_empty_space height=&#8221;15px&#8221;][\/vc_column][vc_column width=&#8221;1\/4&#8243;][vc_accordion active_tab=&#8221;false&#8221; collapsible=&#8221;yes&#8221; style=&#8221;2&#8243;][vc_accordion_tab title=&#8221;IND\u00daSTRIA&#8221;][vc_custom_heading text=&#8221;Inova\u00e7\u00e3o&#8221; font_container=&#8221;tag:p|text_align:left&#8221; google_fonts=&#8221;font_family:Open%20Sans%3A300%2C300italic%2Cregular%2Citalic%2C600%2C600italic%2C700%2C700italic%2C800%2C800italic|font_style:400%20regular%3A400%3Anormal&#8221; link=&#8221;url:https%3A%2F%2Fpages.cnpem.br%2Flnbrteste%2Fpt-br%2Finovacao%2F|title:LNBR%20%7C%20Inova%C3%A7%C3%A3o||&#8221;][vc_custom_heading text=&#8221;BioValue&#8221; font_container=&#8221;tag:p|text_align:left&#8221; google_fonts=&#8221;font_family:Open%20Sans%3A300%2C300italic%2Cregular%2Citalic%2C600%2C600italic%2C700%2C700italic%2C800%2C800italic|font_style:400%20regular%3A400%3Anormal&#8221; link=&#8221;url:https%3A%2F%2Fpages.cnpem.br%2Flnbrteste%2Fpt-br%2Fbiovalue%2F|title:LNBR%20%7C%20BioValue||&#8221;][vc_custom_heading text=&#8221;Projeto SUCRE&#8221; font_container=&#8221;tag:p|text_align:left&#8221; google_fonts=&#8221;font_family:Open%20Sans%3A300%2C300italic%2Cregular%2Citalic%2C600%2C600italic%2C700%2C700italic%2C800%2C800italic|font_style:400%20regular%3A400%3Anormal&#8221; link=&#8221;url:https%3A%2F%2Fpages.cnpem.br%2Flnbrteste%2Fpt-br%2Fsucre%2F|title:LNBR%20%7C%20Projeto%20SUCRE||&#8221;][\/vc_accordion_tab][\/vc_accordion][vc_accordion active_tab=&#8221;1&#8243; collapsible=&#8221;yes&#8221; style=&#8221;2&#8243;][vc_accordion_tab&hellip;<\/p>\n","protected":false},"author":3,"featured_media":0,"parent":46685,"menu_order":0,"comment_status":"closed","ping_status":"closed","template":"","meta":{"_acf_changed":false,"_monsterinsights_skip_tracking":false,"_monsterinsights_sitenote_active":false,"_monsterinsights_sitenote_note":"","_monsterinsights_sitenote_category":0,"footnotes":"","_links_to":"","_links_to_target":""},"class_list":["post-46688","page","type-page","status-publish","hentry","description-off"],"acf":[],"_links":{"self":[{"href":"https:\/\/lnbr.cnpem.br\/en\/wp-json\/wp\/v2\/pages\/46688","targetHints":{"allow":["GET"]}}],"collection":[{"href":"https:\/\/lnbr.cnpem.br\/en\/wp-json\/wp\/v2\/pages"}],"about":[{"href":"https:\/\/lnbr.cnpem.br\/en\/wp-json\/wp\/v2\/types\/page"}],"author":[{"embeddable":true,"href":"https:\/\/lnbr.cnpem.br\/en\/wp-json\/wp\/v2\/users\/3"}],"replies":[{"embeddable":true,"href":"https:\/\/lnbr.cnpem.br\/en\/wp-json\/wp\/v2\/comments?post=46688"}],"version-history":[{"count":0,"href":"https:\/\/lnbr.cnpem.br\/en\/wp-json\/wp\/v2\/pages\/46688\/revisions"}],"up":[{"embeddable":true,"href":"https:\/\/lnbr.cnpem.br\/en\/wp-json\/wp\/v2\/pages\/46685"}],"wp:attachment":[{"href":"https:\/\/lnbr.cnpem.br\/en\/wp-json\/wp\/v2\/media?parent=46688"}],"curies":[{"name":"wp","href":"https:\/\/api.w.org\/{rel}","templated":true}]}}