{"id":46694,"date":"2020-08-17T18:11:52","date_gmt":"2020-08-17T18:11:52","guid":{"rendered":"https:\/\/lnbr.cnpem.br\/?page_id=46694"},"modified":"2021-09-29T19:48:57","modified_gmt":"2021-09-29T19:48:57","slug":"palhacalc","status":"publish","type":"page","link":"https:\/\/lnbr.cnpem.br\/sucre\/ferramentas\/palhacalc\/","title":{"rendered":"LNBR | PalhaCalc"},"content":{"rendered":"<section class=\"wpb-content-wrapper\"><p>[vc_row][vc_column width=&#8221;3\/4&#8243;][vc_column_text]<\/p>\n<p style=\"text-align: left;\"><span style=\"font-size: 14pt;\"><strong>Calculadora da Palha (PalhaCalc)<\/strong><\/span><\/p>\n<p style=\"text-align: center;\"><span style=\"font-size: 14pt; color: #000000;\"><strong><span style=\"font-size: 12pt;\">NOTA LEGAL<\/span><\/strong><\/span><\/p>\n<p style=\"text-align: justify;\">Embora as informa\u00e7\u00f5es contidas neste arquivo sejam provenientes de fontes confi\u00e1veis e os autores, revisores e editores deste material tenham tomado medidas abrangentes para garantir a compila\u00e7\u00e3o e o processamento destas informa\u00e7\u00f5es de acordo com padr\u00f5es comumente aceitos, o Centro Nacional de Pesquisa em Energia e Materiais (CNPEM), seus representantes, funcion\u00e1rios, diretores, agentes, fornecedores ou terceiros mencionados neste arquivo n\u00e3o faz nenhuma representa\u00e7\u00e3o ou garantia de qualquer tipo, expressa ou impl\u00edcita, quanto \u00e0 exatid\u00e3o, corre\u00e7\u00e3o, adequa\u00e7\u00e3o ou conformidade das informa\u00e7\u00f5es para um determinado prop\u00f3sito (comercial ou n\u00e3o) ou a aus\u00eancia de viola\u00e7\u00e3o de propriedade intelectual ou direitos autorais.<\/p>\n<p style=\"text-align: justify;\">Em nenhuma hip\u00f3tese o CNPEM, seus representantes, funcion\u00e1rios, diretores, agentes, fornecedores ou terceiros ser\u00e3o respons\u00e1veis por danos diretos, indiretos, incidentais, punitivos, especiais ou conseq\u00fcentes de qualquer tipo (incluindo, sem limita\u00e7\u00e3o, danos materiais e morais decorrentes do uso, incapacidade de uso ou resultados do uso), seja com base em garantia, contrato, delito ou qualquer outra teoria legal ou equitativa. O conte\u00fado desta publica\u00e7\u00e3o \u00e9 protegido por leis de direitos autorais, tratados internacionais ou outros, e leis de propriedade intelectual. Salvo se expressamente previsto, os dados gerados pelo CNPEM no Projeto SUCRE podem ser reproduzidos desde que a autoria seja citada como sendo do Projeto SUCRE\/LNBR\/CNPEM e mantendo a fidelidade ao conte\u00fado oficial dos documentos publicados.<\/p>\n<p>[\/vc_column_text][vc_btn title=&#8221;ESTOU CIENTE E QUERO USAR A CALCULADORA&#8221; shape=&#8221;square&#8221; align=&#8221;center&#8221; i_icon_fontawesome=&#8221;fas fa-chevron-right&#8221; add_icon=&#8221;true&#8221; link=&#8221;url:http%3A%2F%2Flnbr.cnpem.br%2Fpt-br%2Fsucre%2Fferramentas%2Fpalhacalc-usar%2F|||&#8221;][\/vc_column][vc_column width=&#8221;1\/4&#8243;][vc_accordion active_tab=&#8221;false&#8221; collapsible=&#8221;yes&#8221; style=&#8221;2&#8243;][vc_accordion_tab title=&#8221;IND\u00daSTRIA&#8221;][vc_custom_heading text=&#8221;Inova\u00e7\u00e3o&#8221; font_container=&#8221;tag:p|text_align:left&#8221; google_fonts=&#8221;font_family:Open%20Sans%3A300%2C300italic%2Cregular%2Citalic%2C600%2C600italic%2C700%2C700italic%2C800%2C800italic|font_style:400%20regular%3A400%3Anormal&#8221; link=&#8221;url:https%3A%2F%2Fpages.cnpem.br%2Flnbrteste%2Fpt-br%2Finovacao%2F|title:LNBR%20%7C%20Inova%C3%A7%C3%A3o||&#8221;][vc_custom_heading text=&#8221;BioValue&#8221; font_container=&#8221;tag:p|text_align:left&#8221; google_fonts=&#8221;font_family:Open%20Sans%3A300%2C300italic%2Cregular%2Citalic%2C600%2C600italic%2C700%2C700italic%2C800%2C800italic|font_style:400%20regular%3A400%3Anormal&#8221; link=&#8221;url:https%3A%2F%2Fpages.cnpem.br%2Flnbrteste%2Fpt-br%2Fbiovalue%2F|title:LNBR%20%7C%20BioValue||&#8221;][vc_custom_heading text=&#8221;Projeto SUCRE&#8221; font_container=&#8221;tag:p|text_align:left&#8221; google_fonts=&#8221;font_family:Open%20Sans%3A300%2C300italic%2Cregular%2Citalic%2C600%2C600italic%2C700%2C700italic%2C800%2C800italic|font_style:400%20regular%3A400%3Anormal&#8221; link=&#8221;url:http%3A%2F%2Flnbr.cnpem.br%2Fpt-br%2Fsucre%2F|title:LNBR%20%7C%20Projeto%20SUCRE||&#8221;][\/vc_accordion_tab][\/vc_accordion]<div class=\"hr-thin style-line\" style=\"width: 100%;border-color: #606060;border-top-width: 5px;\"><\/div>[vc_accordion active_tab=&#8221;1&#8243; collapsible=&#8221;yes&#8221; style=&#8221;2&#8243;][vc_accordion_tab title=&#8221;PROJETO SUCRE&#8221;][vc_column_text]<a href=\"https:\/\/lnbr.cnpem.br\/sucre\/desafios-tecnologicos\/\">Desafios Tecnol\u00f3gicos<\/a><br \/>\n<a href=\"https:\/\/lnbr.cnpem.br\/sucre\/marco-legal-regulatorio\/\">Marco Legal e Regulat\u00f3rio<\/a><br \/>\n<a href=\"https:\/\/lnbr.cnpem.br\/sucre\/impactos-ambientais\/\">Impactos Ambientais<\/a><br \/>\n<a href=\"https:\/\/lnbr.cnpem.br\/sucre\/viabilidade-economica\/\">Viabilidade Econ\u00f4mica<\/a><br \/>\n<a href=\"https:\/\/lnbr.cnpem.br\/sucre\/disseminacao\/\">Dissemina\u00e7\u00e3o<\/a><br \/>\n<a href=\"https:\/\/lnbr.cnpem.br\/sucre\/ferramentas\/\">Ferramentas<\/a>[\/vc_column_text][\/vc_accordion_tab][\/vc_accordion]<div class=\"hr-thin style-line\" style=\"width: 100%;border-color: #606060;border-top-width: 5px;\"><\/div>[vc_accordion active_tab=&#8221;1&#8243; collapsible=&#8221;yes&#8221; style=&#8221;2&#8243;][vc_accordion_tab title=&#8221;FALE CONOSCO&#8221;][vc_column_text]<strong>Diretor Nacional do Projeto SUCRE<br \/>\n<\/strong>Manoel Regis L. V. Leal<\/p>\n<p><strong>Gerente do Projeto SUCRE<br \/>\n<\/strong>Thayse A. D. Hernandes<\/p>\n<p><strong>Fale Conosco<\/strong><br \/>\n<a href=\"mailto:lnbr.dir@lnbr.cnpem.br\">lnbr.dir@lnbr.cnpem.br<\/a>[\/vc_column_text][\/vc_accordion_tab][\/vc_accordion]<div class=\"hr-thin style-line\" style=\"width: 100%;border-color: #606060;border-top-width: 5px;\"><\/div>[vc_accordion active_tab=&#8221;false&#8221; collapsible=&#8221;yes&#8221; style=&#8221;2&#8243;][vc_accordion_tab title=&#8221;COMPARTILHE&#8221;][vc_column_text]<\/p>\n<div class=\"single-share-box\">\n<div class=\"share-buttons\"><a class=\"linkedin\" title=\"LinkedIn\" href=\"https:\/\/www.linkedin.com\/shareArticle?mini=true&amp;url=https%3A%2F%2Fpages.cnpem.br%2Flnbrteste%2Flideranca%2F&amp;title=Lideran%C3%A7a&amp;summary=&amp;source=LNBR\" target=\"_blank\" rel=\"noopener noreferrer\"><span class=\"social-text\">Share on LinkedIn<\/span><span class=\"screen-reader-text\">Share on LinkedIn<\/span><\/a><br \/>\n<a class=\"facebook\" title=\"Facebook\" href=\"http:\/\/www.facebook.com\/sharer.php?u=https%3A%2F%2Fpages.cnpem.br%2Flnbrteste%2Flideranca%2F&amp;t=Lideran%C3%A7a\" target=\"_blank\" rel=\"noopener noreferrer\"><span class=\"social-text\">Share on Facebook<\/span><span class=\"screen-reader-text\">Share on Facebook<\/span><\/a><br \/>\n<a class=\"twitter\" title=\"Twitter\" href=\"https:\/\/twitter.com\/share?url=https%3A%2F%2Fpages.cnpem.br%2Flnbrteste%2Flideranca%2F&amp;text=Lideran%C3%A7a\" target=\"_blank\" rel=\"noopener noreferrer\"><span class=\"social-text\">Tweet<\/span><span class=\"screen-reader-text\">Share on Twitter<\/span><\/a><br \/>\n<a class=\"whatsapp\" title=\"WhatsApp\" href=\"https:\/\/api.whatsapp.com\/send?text=Lideran%C3%A7a%20-%20https%3A%2F%2Fpages.cnpem.br%2Flnbrteste%2Flideranca%2F\" target=\"_blank\" rel=\"noopener noreferrer\" data-action=\"share\/whatsapp\/share\"><span class=\"social-text\">Share on WhatsApp<\/span><span class=\"screen-reader-text\">Share on WhatsApp<\/span><\/a><\/div>\n<p><!-- #content --><\/p>\n<\/div>\n<p>[\/vc_column_text][\/vc_accordion_tab][\/vc_accordion]<div class=\"hr-thin style-line\" style=\"width: 100%;border-color: #606060;border-top-width: 5px;\"><\/div>[\/vc_column][\/vc_row]<\/p>\n<\/section>","protected":false},"excerpt":{"rendered":"<p>[vc_row][vc_column width=&#8221;3\/4&#8243;][vc_column_text] Calculadora da Palha (PalhaCalc) NOTA LEGAL Embora as informa\u00e7\u00f5es contidas neste arquivo sejam provenientes de fontes confi\u00e1veis e os autores, revisores e editores deste material tenham tomado medidas abrangentes para garantir a compila\u00e7\u00e3o e o processamento destas informa\u00e7\u00f5es de acordo com padr\u00f5es comumente aceitos, o Centro Nacional de Pesquisa em Energia e Materiais&hellip;<\/p>\n","protected":false},"author":3,"featured_media":0,"parent":46692,"menu_order":0,"comment_status":"closed","ping_status":"closed","template":"","meta":{"_acf_changed":false,"_monsterinsights_skip_tracking":false,"_monsterinsights_sitenote_active":false,"_monsterinsights_sitenote_note":"","_monsterinsights_sitenote_category":0,"footnotes":"","_links_to":"","_links_to_target":""},"class_list":["post-46694","page","type-page","status-publish","hentry","description-off"],"acf":[],"_links":{"self":[{"href":"https:\/\/lnbr.cnpem.br\/en\/wp-json\/wp\/v2\/pages\/46694","targetHints":{"allow":["GET"]}}],"collection":[{"href":"https:\/\/lnbr.cnpem.br\/en\/wp-json\/wp\/v2\/pages"}],"about":[{"href":"https:\/\/lnbr.cnpem.br\/en\/wp-json\/wp\/v2\/types\/page"}],"author":[{"embeddable":true,"href":"https:\/\/lnbr.cnpem.br\/en\/wp-json\/wp\/v2\/users\/3"}],"replies":[{"embeddable":true,"href":"https:\/\/lnbr.cnpem.br\/en\/wp-json\/wp\/v2\/comments?post=46694"}],"version-history":[{"count":0,"href":"https:\/\/lnbr.cnpem.br\/en\/wp-json\/wp\/v2\/pages\/46694\/revisions"}],"up":[{"embeddable":true,"href":"https:\/\/lnbr.cnpem.br\/en\/wp-json\/wp\/v2\/pages\/46692"}],"wp:attachment":[{"href":"https:\/\/lnbr.cnpem.br\/en\/wp-json\/wp\/v2\/media?parent=46694"}],"curies":[{"name":"wp","href":"https:\/\/api.w.org\/{rel}","templated":true}]}}