{"id":46707,"date":"2020-08-17T18:11:52","date_gmt":"2020-08-17T18:11:52","guid":{"rendered":"https:\/\/lnbr.cnpem.br\/?page_id=46707"},"modified":"2023-07-19T19:46:44","modified_gmt":"2023-07-19T19:46:44","slug":"biotecnologia-molecular","status":"publish","type":"page","link":"https:\/\/lnbr.cnpem.br\/divisoes-de-pesquisa\/biotecnologia-molecular\/","title":{"rendered":"LNBR | Biotecnologia Molecular"},"content":{"rendered":"<section class=\"wpb-content-wrapper\"><p>[vc_row][vc_column width=&#8221;3\/4&#8243;][vc_row_inner][vc_column_inner][vc_column_text]<\/p>\n<p style=\"text-align: justify;\">Para a produ\u00e7\u00e3o de biorrenov\u00e1veis, \u00e9 necess\u00e1rio primeiro desconstruir a biomassa em seus builiding blocks e depois convert\u00ea-los em mol\u00e9culas de alto valor agregado e intermedi\u00e1rios. No LNBR, cobrimos todos os aspectos cient\u00edficos desta cadeia produtiva, desde solu\u00e7\u00f5es biotecnol\u00f3gicas para impulsionar a agricultura, desenvolvimento de enzimas e microrganismos para a biorefinaria, escalonamento de processos, at\u00e9 quest\u00f5es de sustentabilidade. O centro de nossa estrat\u00e9gia est\u00e1 na compreens\u00e3o at\u00f4mica e molecular detalhada desses sistemas usando abordagens termodin\u00e2micas, microscopia eletr\u00f4nica e, por fim, radia\u00e7\u00e3o sincrotron.<\/p>\n<p style=\"text-align: justify;\">S\u00e3o quatro principais compet\u00eancias: (i) Engenharia Gen\u00e9tica &#8211; edi\u00e7\u00e3o de bact\u00e9rias, leveduras e fungos para religar, ativar e desligar as vias metab\u00f3licas ou para assimilar informa\u00e7\u00f5es (genes) de outros microrganismos ou prote\u00ednas, permitindo novas fun\u00e7\u00f5es (como o consumo de mais de um tipo de a\u00e7\u00facar); (ii) Design de Prote\u00edna &#8211; redesenhar partes espec\u00edficas de prote\u00ednas ou construir racionalmente prote\u00ednas quim\u00e9ricas sint\u00e9ticas, por exemplo, para melhorar a efici\u00eancia dos bioprocessos ou para torn\u00e1-los compat\u00edveis com condi\u00e7\u00f5es industriais extremas; (iii) Ci\u00eancias \u00d4micas &#8211; pesquisa de genoma, transcriptoma e proteoma dedicada \u00e0 elucida\u00e7\u00e3o das vias moleculares em bact\u00e9rias, leveduras e fungos e em comunidades microbianas; e (iv) Simula\u00e7\u00e3o e Modelagem &#8211; avalia\u00e7\u00e3o integrada do impacto socioecon\u00f4mico e ambiental para biorrefinarias e monitoramento dos recursos naturais associados \u00e0 produ\u00e7\u00e3o de biomassa.<\/p>\n<p>[\/vc_column_text][\/vc_column_inner][\/vc_row_inner][vc_row_inner][vc_column_inner][vc_column_text]<span style=\"font-size: 14pt;\"><strong>\u00c1reas de Pesquisa<\/strong><\/span>[\/vc_column_text][\/vc_column_inner][\/vc_row_inner][vc_row_inner][vc_column_inner width=&#8221;1\/5&#8243;]<style type=\"text\/css\" data-type=\"the7_shortcodes-inline-css\">.shortcode-single-image-wrap.shortcode-single-image-9d8564d2c70af28f25ad305f61f0631c.enable-bg-rollover .rollover i,\n.shortcode-single-image-wrap.shortcode-single-image-9d8564d2c70af28f25ad305f61f0631c.enable-bg-rollover .rollover-video i {\n  background: -webkit-linear-gradient();\n  background: linear-gradient();\n}\n.shortcode-single-image-wrap.shortcode-single-image-9d8564d2c70af28f25ad305f61f0631c .rollover-icon {\n  font-size: 32px;\n  color: #ffffff;\n  min-width: 44px;\n  min-height: 44px;\n  line-height: 44px;\n  border-radius: 100px;\n  border-style: solid;\n  border-width: 0px;\n}\n.dt-icon-bg-on.shortcode-single-image-wrap.shortcode-single-image-9d8564d2c70af28f25ad305f61f0631c .rollover-icon {\n  background: rgba(255,255,255,0.3);\n  box-shadow: none;\n}\n<\/style><div class=\"shortcode-single-image-wrap shortcode-single-image-9d8564d2c70af28f25ad305f61f0631c alignnone  enable-bg-rollover dt-icon-bg-off\" style=\"margin-top:0px; margin-bottom:0px; margin-left:0px; margin-right:0px; width:500px;\"><div class=\"shortcode-single-image\"><div class=\"fancy-media-wrap\" style=\"\"><a href=\"https:\/\/lnbr.cnpem.br\/divisoes-de-pesquisa\/biotecnologia-molecular\/enzimologia-e-engenharia-de-proteinas\/\" class=\" layzr-bg rollover\" style=\"\" aria-label=\"Image\"><img fetchpriority=\"high\" decoding=\"async\" class=\"preload-me lazy-load aspect\" src=\"data:image\/svg+xml,%3Csvg%20xmlns%3D&#39;http%3A%2F%2Fwww.w3.org%2F2000%2Fsvg&#39;%20viewBox%3D&#39;0%200%20500%20500&#39;%2F%3E\" data-src=\"https:\/\/lnbr.cnpem.br\/wp-content\/uploads\/2020\/07\/b-glicosidase31-500x500.jpg\" data-srcset=\"https:\/\/lnbr.cnpem.br\/wp-content\/uploads\/2020\/07\/b-glicosidase31-500x500.jpg 500w, https:\/\/lnbr.cnpem.br\/wp-content\/uploads\/2020\/07\/b-glicosidase31-1000x1000.jpg 1000w\" loading=\"eager\" style=\"--ratio: 500 \/ 500\" sizes=\"(max-width: 500px) 100vw, 500px\" width=\"500\" height=\"500\"  data-dt-location=\"https:\/\/lnbr.cnpem.br\/en\/b-glicosidase31\/\" alt=\"\" \/><\/a><\/div><\/div><\/div>[vc_empty_space height=&#8221;15px&#8221;]<div class=\"hr-thin style-line hr-left\" style=\"width: 15%;border-color: #81d742;border-top-width: 5px;\"><\/div>[vc_empty_space height=&#8221;15px&#8221;][\/vc_column_inner][vc_column_inner width=&#8221;3\/4&#8243;][vc_column_text]<a href=\"https:\/\/lnbr.cnpem.br\/divisoes-de-pesquisa\/biotecnologia-molecular\/enzimologia-e-engenharia-de-proteinas\/\"><span style=\"font-size: 14pt;\"><strong>Enzimologia e Engenharia de Prote\u00ednas<\/strong><\/span><\/a><\/p>\n<div class=\"teaser__block has-image\">\n<div class=\"teaser__desc\">\n<div style=\"text-align: justify;\">\n<p>As enzimas desempenham pap\u00e9is fundamentais na Biotecnologia como componentes de processos industriais ou como produtos finais. A valoriza\u00e7\u00e3o dos res\u00edduos agroindustriais de sua despolimeriza\u00e7\u00e3o para convers\u00e3o em produtos de valor agregado depende fortemente de rea\u00e7\u00f5es catalisadas por enzimas.<\/p>\n<\/div>\n<\/div>\n<\/div>\n<p>[\/vc_column_text][\/vc_column_inner][\/vc_row_inner][vc_row_inner][vc_column_inner width=&#8221;1\/5&#8243;]<style type=\"text\/css\" data-type=\"the7_shortcodes-inline-css\">.shortcode-single-image-wrap.shortcode-single-image-129d08fe6076041977c81b5497a48472.enable-bg-rollover .rollover i,\n.shortcode-single-image-wrap.shortcode-single-image-129d08fe6076041977c81b5497a48472.enable-bg-rollover .rollover-video i {\n  background: -webkit-linear-gradient();\n  background: linear-gradient();\n}\n.shortcode-single-image-wrap.shortcode-single-image-129d08fe6076041977c81b5497a48472 .rollover-icon {\n  font-size: 32px;\n  color: #ffffff;\n  min-width: 44px;\n  min-height: 44px;\n  line-height: 44px;\n  border-radius: 100px;\n  border-style: solid;\n  border-width: 0px;\n}\n.dt-icon-bg-on.shortcode-single-image-wrap.shortcode-single-image-129d08fe6076041977c81b5497a48472 .rollover-icon {\n  background: rgba(255,255,255,0.3);\n  box-shadow: none;\n}\n<\/style><div class=\"shortcode-single-image-wrap shortcode-single-image-129d08fe6076041977c81b5497a48472 alignleft  enable-bg-rollover dt-icon-bg-off\" style=\"margin-top:0px; margin-bottom:0px; margin-left:0px; margin-right:0px; width:500px;\"><div class=\"shortcode-single-image\"><div class=\"fancy-media-wrap\" style=\"\"><a href=\"https:\/\/lnbr.cnpem.br\/divisoes-de-pesquisa\/biotecnologia-molecular\/plataformas-microbianas\/\" class=\" layzr-bg rollover\" style=\"\" aria-label=\"Image\"><img decoding=\"async\" class=\"preload-me lazy-load aspect\" src=\"data:image\/svg+xml,%3Csvg%20xmlns%3D&#39;http%3A%2F%2Fwww.w3.org%2F2000%2Fsvg&#39;%20viewBox%3D&#39;0%200%20500%20500&#39;%2F%3E\" data-src=\"https:\/\/lnbr.cnpem.br\/wp-content\/uploads\/2020\/08\/shutterstock_457424650-scaled-500x500.jpg\" data-srcset=\"https:\/\/lnbr.cnpem.br\/wp-content\/uploads\/2020\/08\/shutterstock_457424650-scaled-500x500.jpg 500w, https:\/\/lnbr.cnpem.br\/wp-content\/uploads\/2020\/08\/shutterstock_457424650-scaled-1000x1000.jpg 1000w\" loading=\"eager\" style=\"--ratio: 500 \/ 500\" sizes=\"(max-width: 500px) 100vw, 500px\" width=\"500\" height=\"500\"  data-dt-location=\"https:\/\/lnbr.cnpem.br\/en\/shutterstock_457424650-2\/\" alt=\"\" \/><\/a><\/div><\/div><\/div>[vc_empty_space height=&#8221;15px&#8221;]<div class=\"hr-thin style-line hr-left\" style=\"width: 15%;border-color: #81d742;border-top-width: 5px;\"><\/div>[vc_empty_space height=&#8221;15px&#8221;][\/vc_column_inner][vc_column_inner width=&#8221;3\/4&#8243;][vc_column_text]<a href=\"https:\/\/lnbr.cnpem.br\/divisoes-de-pesquisa\/biotecnologia-molecular\/plataformas-microbianas\/\"><span style=\"font-size: 14pt;\"><strong>Plataformas Microbianas<\/strong><\/span><\/a><\/p>\n<div class=\"teaser__block has-image\">\n<div class=\"teaser__desc\">\n<div style=\"text-align: justify;\">\n<p>As plataformas microbianas s\u00e3o componentes essenciais em qualquer biorrefinaria, impulsionando a convers\u00e3o de res\u00edduos agroindustriais em mol\u00e9culas de valor agregado e biocombust\u00edveis avan\u00e7ados. O uso dessas f\u00e1bricas biol\u00f3gicas pode ser estendido \u00e0 agricultura e a outras aplica\u00e7\u00f5es biotecnol\u00f3gicas, tais como substituintes de produtos qu\u00edmicos e microbiomas customizados.<\/p>\n<\/div>\n<\/div>\n<\/div>\n<p>[\/vc_column_text][\/vc_column_inner][\/vc_row_inner][vc_row_inner][vc_column_inner width=&#8221;1\/5&#8243;]<style type=\"text\/css\" data-type=\"the7_shortcodes-inline-css\">.shortcode-single-image-wrap.shortcode-single-image-4515358d892b229539c3f2aac549c484.enable-bg-rollover .rollover i,\n.shortcode-single-image-wrap.shortcode-single-image-4515358d892b229539c3f2aac549c484.enable-bg-rollover .rollover-video i {\n  background: -webkit-linear-gradient();\n  background: linear-gradient();\n}\n.shortcode-single-image-wrap.shortcode-single-image-4515358d892b229539c3f2aac549c484 .rollover-icon {\n  font-size: 32px;\n  color: #ffffff;\n  min-width: 44px;\n  min-height: 44px;\n  line-height: 44px;\n  border-radius: 100px;\n  border-style: solid;\n  border-width: 0px;\n}\n.dt-icon-bg-on.shortcode-single-image-wrap.shortcode-single-image-4515358d892b229539c3f2aac549c484 .rollover-icon {\n  background: rgba(255,255,255,0.3);\n  box-shadow: none;\n}\n<\/style><div class=\"shortcode-single-image-wrap shortcode-single-image-4515358d892b229539c3f2aac549c484 alignleft  enable-bg-rollover dt-icon-bg-off\" style=\"margin-top:0px; margin-bottom:0px; margin-left:0px; margin-right:0px; width:500px;\"><div class=\"shortcode-single-image\"><div class=\"fancy-media-wrap\" style=\"\"><a href=\"https:\/\/lnbr.cnpem.br\/divisoes-de-pesquisa\/biotecnologia-molecular\/omicas-integradas\/\" class=\" layzr-bg rollover\" style=\"\" aria-label=\"Image\"><img decoding=\"async\" class=\"preload-me lazy-load aspect\" src=\"data:image\/svg+xml,%3Csvg%20xmlns%3D&#39;http%3A%2F%2Fwww.w3.org%2F2000%2Fsvg&#39;%20viewBox%3D&#39;0%200%20500%20500&#39;%2F%3E\" data-src=\"https:\/\/lnbr.cnpem.br\/wp-content\/uploads\/2020\/08\/shutterstock_1116576671-scaled-500x500.jpg\" data-srcset=\"https:\/\/lnbr.cnpem.br\/wp-content\/uploads\/2020\/08\/shutterstock_1116576671-scaled-500x500.jpg 500w, https:\/\/lnbr.cnpem.br\/wp-content\/uploads\/2020\/08\/shutterstock_1116576671-scaled-1000x1000.jpg 1000w\" loading=\"eager\" style=\"--ratio: 500 \/ 500\" sizes=\"(max-width: 500px) 100vw, 500px\" width=\"500\" height=\"500\"  data-dt-location=\"https:\/\/lnbr.cnpem.br\/en\/shutterstock_1116576671-2\/\" alt=\"\" \/><\/a><\/div><\/div><\/div>[vc_empty_space height=&#8221;15px&#8221;]<div class=\"hr-thin style-line hr-left\" style=\"width: 15%;border-color: #81d742;border-top-width: 5px;\"><\/div>[vc_empty_space height=&#8221;15px&#8221;][\/vc_column_inner][vc_column_inner width=&#8221;3\/4&#8243;][vc_column_text]<a href=\"https:\/\/lnbr.cnpem.br\/divisoes-de-pesquisa\/biotecnologia-molecular\/omicas-integradas\/\"><span style=\"font-size: 14pt;\"><strong>\u00d4micas Integradas<\/strong><\/span><\/a><\/p>\n<div class=\"teaser__block has-image\">\n<div class=\"teaser__desc\">\n<div style=\"text-align: justify;\">\n<p>As abordagens \u00f4micas junto com a bioinform\u00e1tica s\u00e3o &#8216;trens de for\u00e7a&#8217; na condu\u00e7\u00e3o da descoberta e redesenho de caminhos metab\u00f3licos e novas enzimas visando aplica\u00e7\u00f5es industriais. Permite acessar sistematicamente as informa\u00e7\u00f5es gen\u00f4micas, transcript\u00f4micas, prote\u00f4micas e metab\u00f3licas de c\u00e9lulas \u00fanicas para comunidades grandes e complexas, liberando o potencial bioqu\u00edmico de microrganismos incultur\u00e1veis para servir como ferramentas na Biotecnologia.<\/p>\n<\/div>\n<\/div>\n<\/div>\n<p>[\/vc_column_text][\/vc_column_inner][\/vc_row_inner][vc_row_inner][vc_column_inner width=&#8221;1\/5&#8243;]<style type=\"text\/css\" data-type=\"the7_shortcodes-inline-css\">.shortcode-single-image-wrap.shortcode-single-image-a475b9dc0782e19f7be4912538f6cd21.enable-bg-rollover .rollover i,\n.shortcode-single-image-wrap.shortcode-single-image-a475b9dc0782e19f7be4912538f6cd21.enable-bg-rollover .rollover-video i {\n  background: -webkit-linear-gradient();\n  background: linear-gradient();\n}\n.shortcode-single-image-wrap.shortcode-single-image-a475b9dc0782e19f7be4912538f6cd21 .rollover-icon {\n  font-size: 32px;\n  color: #ffffff;\n  min-width: 44px;\n  min-height: 44px;\n  line-height: 44px;\n  border-radius: 100px;\n  border-style: solid;\n  border-width: 0px;\n}\n.dt-icon-bg-on.shortcode-single-image-wrap.shortcode-single-image-a475b9dc0782e19f7be4912538f6cd21 .rollover-icon {\n  background: rgba(255,255,255,0.3);\n  box-shadow: none;\n}\n<\/style><div class=\"shortcode-single-image-wrap shortcode-single-image-a475b9dc0782e19f7be4912538f6cd21 alignleft  enable-bg-rollover dt-icon-bg-off\" style=\"margin-top:0px; margin-bottom:0px; margin-left:0px; margin-right:0px; width:500px;\"><div class=\"shortcode-single-image\"><div class=\"fancy-media-wrap\" style=\"\"><a href=\"https:\/\/lnbr.cnpem.br\/divisoes-de-pesquisa\/biotecnologia-molecular\/quimica-sustentavel\/\" class=\" layzr-bg rollover\" style=\"\" aria-label=\"Image\"><img decoding=\"async\" class=\"preload-me lazy-load aspect\" src=\"data:image\/svg+xml,%3Csvg%20xmlns%3D&#39;http%3A%2F%2Fwww.w3.org%2F2000%2Fsvg&#39;%20viewBox%3D&#39;0%200%20500%20500&#39;%2F%3E\" data-src=\"https:\/\/lnbr.cnpem.br\/wp-content\/uploads\/2020\/08\/shutterstock_626488481-scaled-500x500.jpg\" data-srcset=\"https:\/\/lnbr.cnpem.br\/wp-content\/uploads\/2020\/08\/shutterstock_626488481-scaled-500x500.jpg 500w, https:\/\/lnbr.cnpem.br\/wp-content\/uploads\/2020\/08\/shutterstock_626488481-scaled-1000x1000.jpg 1000w\" loading=\"eager\" style=\"--ratio: 500 \/ 500\" sizes=\"(max-width: 500px) 100vw, 500px\" width=\"500\" height=\"500\"  data-dt-location=\"https:\/\/lnbr.cnpem.br\/en\/shutterstock_626488481-2\/\" alt=\"\" \/><\/a><\/div><\/div><\/div>[vc_empty_space height=&#8221;15px&#8221;]<div class=\"hr-thin style-line hr-left\" style=\"width: 15%;border-color: #81d742;border-top-width: 5px;\"><\/div>[vc_empty_space height=&#8221;15px&#8221;][\/vc_column_inner][vc_column_inner width=&#8221;3\/4&#8243;][vc_column_text]<a href=\"https:\/\/lnbr.cnpem.br\/divisoes-de-pesquisa\/biotecnologia-molecular\/quimica-sustentavel\/\"><span style=\"font-size: 14pt;\"><strong>Transforma\u00e7\u00e3o de Lignina<\/strong><\/span><\/a><\/p>\n<div class=\"teaser__block has-image\">\n<div class=\"teaser__desc\">\n<div style=\"text-align: justify;\">\n<p>A convers\u00e3o de biomassa lignocelul\u00f3sica (lignina) em biorrenov\u00e1veis \u00e9 feita por caminhos de m\u00faltiplas etapas que integram processos f\u00edsico-qu\u00edmicos e biotecnol\u00f3gicos. Os princ\u00edpios da qu\u00edmica sustent\u00e1vel fornecem diretrizes para a escolha das etapas iniciais do processo visando projetos eficientes e adequados para as novas ind\u00fastrias da bioeconomia.<\/p>\n<\/div>\n<\/div>\n<\/div>\n<p>[\/vc_column_text][\/vc_column_inner][\/vc_row_inner][\/vc_column][vc_column width=&#8221;1\/4&#8243;][vc_accordion active_tab=&#8221;false&#8221; collapsible=&#8221;yes&#8221; style=&#8221;2&#8243;][vc_accordion_tab title=&#8221;PESQUISA&#8221;][vc_custom_heading text=&#8221;Divis\u00f5es de Pesquisa&#8221; font_container=&#8221;tag:p|text_align:left&#8221; google_fonts=&#8221;font_family:Open%20Sans%3A300%2C300italic%2Cregular%2Citalic%2C600%2C600italic%2C700%2C700italic%2C800%2C800italic|font_style:400%20regular%3A400%3Anormal&#8221; link=&#8221;url:https%3A%2F%2Fpages.cnpem.br%2Flnbrteste%2Fpt-br%2Fdivisoes-de-pesquisa%2F|title:LNBR%20%7C%20Divis%C3%B5es%20de%20Pesquisa||&#8221;][vc_custom_heading text=&#8221;Destaques de Pesquisa&#8221; font_container=&#8221;tag:p|text_align:left&#8221; google_fonts=&#8221;font_family:Open%20Sans%3A300%2C300italic%2Cregular%2Citalic%2C600%2C600italic%2C700%2C700italic%2C800%2C800italic|font_style:400%20regular%3A400%3Anormal&#8221; link=&#8221;url:https%3A%2F%2Fpages.cnpem.br%2Flnbrteste%2Fpt-br%2Fdestaques-de-pesquisa%2F|title:LNBR%20%7C%20Destaques%20de%20Pesquisa||&#8221;][vc_custom_heading text=&#8221;Publica\u00e7\u00f5es Cient\u00edficas&#8221; font_container=&#8221;tag:p|text_align:left&#8221; google_fonts=&#8221;font_family:Open%20Sans%3A300%2C300italic%2Cregular%2Citalic%2C600%2C600italic%2C700%2C700italic%2C800%2C800italic|font_style:400%20regular%3A400%3Anormal&#8221; link=&#8221;url:https%3A%2F%2Fpages.cnpem.br%2Flnbrteste%2Fpt-br%2Fpublicacoes-cientificas%2F|title:LNBR%20%7C%20Publica%C3%A7%C3%B5es%20Cient%C3%ADficas||&#8221;][\/vc_accordion_tab][\/vc_accordion]<div class=\"hr-thin style-line\" style=\"width: 100%;border-color: #606060;border-top-width: 5px;\"><\/div>[vc_accordion active_tab=&#8221;1&#8243; collapsible=&#8221;yes&#8221; style=&#8221;2&#8243;][vc_accordion_tab title=&#8221;DIVIS\u00d5ES DE PESQUISA&#8221;][vc_custom_heading text=&#8221;Biotecnologia Molecular&#8221; font_container=&#8221;tag:p|text_align:left&#8221; google_fonts=&#8221;font_family:Open%20Sans%3A300%2C300italic%2Cregular%2Citalic%2C600%2C600italic%2C700%2C700italic%2C800%2C800italic|font_style:400%20regular%3A400%3Anormal&#8221; link=&#8221;url:http%3A%2F%2Flnbr.cnpem.br%2Fpt-br%2Fdivisoes-de-pesquisa%2Fbiotecnologia-molecular%2F|title:LNBR%20%7C%20Biotecnologia%20Molecular||&#8221;][vc_custom_heading text=&#8221;Processos Tecnol\u00f3gicos&#8221; font_container=&#8221;tag:p|text_align:left&#8221; google_fonts=&#8221;font_family:Open%20Sans%3A300%2C300italic%2Cregular%2Citalic%2C600%2C600italic%2C700%2C700italic%2C800%2C800italic|font_style:400%20regular%3A400%3Anormal&#8221; link=&#8221;url:http%3A%2F%2Flnbr.cnpem.br%2Fpt-br%2Fdivisoes-de-pesquisa%2Fprocessos-tecnologicos%2F|title:LNBR%20%7C%20Processos%20Tecnol%C3%B3gicos||&#8221;][vc_custom_heading text=&#8221;Biorrefinaria e Recursos Naturais&#8221; font_container=&#8221;tag:p|text_align:left&#8221; google_fonts=&#8221;font_family:Open%20Sans%3A300%2C300italic%2Cregular%2Citalic%2C600%2C600italic%2C700%2C700italic%2C800%2C800italic|font_style:400%20regular%3A400%3Anormal&#8221; link=&#8221;url:http%3A%2F%2Flnbr.cnpem.br%2Fpt-br%2Fdivisoes-de-pesquisa%2Fbiorefinaria-e-recursos-naturais%2F|title:LNBR%20%7C%20Biorrefinaria%20e%20Recursos%20Naturais||&#8221;][\/vc_accordion_tab][\/vc_accordion]<div class=\"hr-thin style-line\" style=\"width: 100%;border-color: #606060;border-top-width: 5px;\"><\/div>[vc_accordion active_tab=&#8221;1&#8243; collapsible=&#8221;yes&#8221; style=&#8221;2&#8243;][vc_accordion_tab title=&#8221;LIDERAN\u00c7A&#8221;][vc_column_text]<strong>Biotecnologia Molecular<br \/>\n<\/strong>Mario Murakami<br \/>\n<a href=\"mailto:lnbr.dir@lnbr.cnpem.br\">lnbr.dir@lnbr.cnpem.br<\/a><\/p>\n<div id=\"gtx-trans\" style=\"position: absolute; left: 78px; top: 73px;\">\n<div class=\"gtx-trans-icon\"><\/div>\n<\/div>\n<p>[\/vc_column_text][\/vc_accordion_tab][\/vc_accordion]<div class=\"hr-thin style-line\" style=\"width: 100%;border-color: #606060;border-top-width: 5px;\"><\/div>[vc_accordion active_tab=&#8221;false&#8221; collapsible=&#8221;yes&#8221; style=&#8221;2&#8243;][vc_accordion_tab title=&#8221;COMPARTILHE&#8221;][vc_column_text]<\/p>\n<div class=\"single-share-box\">\n<div class=\"share-buttons\"><a class=\"linkedin\" title=\"LinkedIn\" href=\"https:\/\/www.linkedin.com\/shareArticle?mini=true&amp;url=https%3A%2F%2Fpages.cnpem.br%2Flnbrteste%2Flideranca%2F&amp;title=Lideran%C3%A7a&amp;summary=&amp;source=LNBR\" target=\"_blank\" rel=\"noopener noreferrer\"><span class=\"social-text\">Share on LinkedIn<\/span><span class=\"screen-reader-text\">Share on LinkedIn<\/span><\/a><br \/>\n<a class=\"facebook\" title=\"Facebook\" href=\"http:\/\/www.facebook.com\/sharer.php?u=https%3A%2F%2Fpages.cnpem.br%2Flnbrteste%2Flideranca%2F&amp;t=Lideran%C3%A7a\" target=\"_blank\" rel=\"noopener noreferrer\"><span class=\"social-text\">Share on Facebook<\/span><span class=\"screen-reader-text\">Share on Facebook<\/span><\/a><br \/>\n<a class=\"twitter\" title=\"Twitter\" href=\"https:\/\/twitter.com\/share?url=https%3A%2F%2Fpages.cnpem.br%2Flnbrteste%2Flideranca%2F&amp;text=Lideran%C3%A7a\" target=\"_blank\" rel=\"noopener noreferrer\"><span class=\"social-text\">Tweet<\/span><span class=\"screen-reader-text\">Share on Twitter<\/span><\/a><br \/>\n<a class=\"whatsapp\" title=\"WhatsApp\" href=\"https:\/\/api.whatsapp.com\/send?text=Lideran%C3%A7a%20-%20https%3A%2F%2Fpages.cnpem.br%2Flnbrteste%2Flideranca%2F\" target=\"_blank\" rel=\"noopener noreferrer\" data-action=\"share\/whatsapp\/share\"><span class=\"social-text\">Share on WhatsApp<\/span><span class=\"screen-reader-text\">Share on WhatsApp<\/span><\/a><\/div>\n<p><!-- #content -->[\/vc_column_text][\/vc_accordion_tab][\/vc_accordion]<div class=\"hr-thin style-line\" style=\"width: 100%;border-color: #606060;border-top-width: 5px;\"><\/div>[\/vc_column][\/vc_row]<\/p>\n<\/div>\n<\/section>","protected":false},"excerpt":{"rendered":"<p>[vc_row][vc_column width=&#8221;3\/4&#8243;][vc_row_inner][vc_column_inner][vc_column_text] Para a produ\u00e7\u00e3o de biorrenov\u00e1veis, \u00e9 necess\u00e1rio primeiro desconstruir a biomassa em seus builiding blocks e depois convert\u00ea-los em mol\u00e9culas de alto valor agregado e intermedi\u00e1rios. No LNBR, cobrimos todos os aspectos cient\u00edficos desta cadeia produtiva, desde solu\u00e7\u00f5es biotecnol\u00f3gicas para impulsionar a agricultura, desenvolvimento de enzimas e microrganismos para a biorefinaria, escalonamento de&hellip;<\/p>\n","protected":false},"author":3,"featured_media":0,"parent":46673,"menu_order":0,"comment_status":"closed","ping_status":"closed","template":"","meta":{"_acf_changed":false,"_monsterinsights_skip_tracking":false,"_monsterinsights_sitenote_active":false,"_monsterinsights_sitenote_note":"","_monsterinsights_sitenote_category":0,"footnotes":"","_links_to":"","_links_to_target":""},"class_list":["post-46707","page","type-page","status-publish","hentry","description-off"],"acf":[],"_links":{"self":[{"href":"https:\/\/lnbr.cnpem.br\/en\/wp-json\/wp\/v2\/pages\/46707","targetHints":{"allow":["GET"]}}],"collection":[{"href":"https:\/\/lnbr.cnpem.br\/en\/wp-json\/wp\/v2\/pages"}],"about":[{"href":"https:\/\/lnbr.cnpem.br\/en\/wp-json\/wp\/v2\/types\/page"}],"author":[{"embeddable":true,"href":"https:\/\/lnbr.cnpem.br\/en\/wp-json\/wp\/v2\/users\/3"}],"replies":[{"embeddable":true,"href":"https:\/\/lnbr.cnpem.br\/en\/wp-json\/wp\/v2\/comments?post=46707"}],"version-history":[{"count":0,"href":"https:\/\/lnbr.cnpem.br\/en\/wp-json\/wp\/v2\/pages\/46707\/revisions"}],"up":[{"embeddable":true,"href":"https:\/\/lnbr.cnpem.br\/en\/wp-json\/wp\/v2\/pages\/46673"}],"wp:attachment":[{"href":"https:\/\/lnbr.cnpem.br\/en\/wp-json\/wp\/v2\/media?parent=46707"}],"curies":[{"name":"wp","href":"https:\/\/api.w.org\/{rel}","templated":true}]}}