{"id":46712,"date":"2020-08-17T18:12:08","date_gmt":"2020-08-17T18:12:08","guid":{"rendered":"https:\/\/lnbr.cnpem.br\/?page_id=46712"},"modified":"2021-09-29T19:47:51","modified_gmt":"2021-09-29T19:47:51","slug":"quimica-sustentavel","status":"publish","type":"page","link":"https:\/\/lnbr.cnpem.br\/divisoes-de-pesquisa\/biotecnologia-molecular\/quimica-sustentavel\/","title":{"rendered":"LNBR | Qu\u00edmica Sustent\u00e1vel"},"content":{"rendered":"<section class=\"wpb-content-wrapper\"><p>[vc_row][vc_column width=&#8221;3\/4&#8243;][vc_row_inner][vc_column_inner][vc_column_text]<\/p>\n<p style=\"text-align: justify;\"><span style=\"font-size: 14pt;\"><strong><span lang=\"EN-US\">Transforma\u00e7\u00e3o da biomassa em intermedi\u00e1rios reativos<\/span><\/strong><\/span><\/p>\n<p style=\"text-align: justify;\">A biomassa lignocelul\u00f3sica \u00e9 um vasto e barato recurso renov\u00e1vel que pode ser transformado em biocombust\u00edveis, bioqu\u00edmicos e biomateriais. Para um futuro sustent\u00e1vel, a renovabilidade \u00e9 necess\u00e1ria, mas n\u00e3o suficiente. Com base nos princ\u00edpios da qu\u00edmica sustent\u00e1vel, as vias de convers\u00e3o da biomassa devem proporcionar vantagens competitivas no desempenho social, ambiental e econ\u00f4mico, aproveitando plenamente as mol\u00e9culas e estruturas criadas pela natureza.<\/p>\n<p style=\"text-align: justify;\">O LNBR possui instala\u00e7\u00f5es e experi\u00eancia para o desenvolvimento de processos f\u00edsicoqu\u00edmicos e para a investiga\u00e7\u00e3o aprofundada das mol\u00e9culas e estruturas de biomassa. Com base nisso, projetamos e desenvolvemos os passos iniciais das vias de convers\u00e3o da biomassa seguindo os princ\u00edpios da qu\u00edmica sustent\u00e1vel. Fornecemos intermedi\u00e1rios reativos para as etapas de processamento <em>downstream<\/em>, aproveitando as caracter\u00edsticas naturais da biomassa para um \u00f3timo desempenho.<\/p>\n<p>[\/vc_column_text][\/vc_column_inner][\/vc_row_inner][\/vc_column][vc_column width=&#8221;1\/4&#8243;][vc_accordion active_tab=&#8221;1&#8243; collapsible=&#8221;yes&#8221; style=&#8221;2&#8243;][vc_accordion_tab title=&#8221;\u00c1REAS DE PESQUISA&#8221;][vc_column_text]<a href=\"https:\/\/lnbr.cnpem.br\/divisoes-de-pesquisa\/biotecnologia-molecular\/enzimologia-e-engenharia-de-proteinas\/\">Enzimologia e Engenharia de Prote\u00ednas<\/a><br \/>\n<a href=\"https:\/\/lnbr.cnpem.br\/pt-br\/divisoes-de-pesquisa\/biotecnologia-molecular\/biotecnologia-para-agricultura\/\">Biotecnologia para Agricultura<\/a><br \/>\n<a href=\"https:\/\/lnbr.cnpem.br\/divisoes-de-pesquisa\/biotecnologia-molecular\/plataformas-microbianas\/\">Plataformas Microbianas<\/a><br \/>\n<a href=\"https:\/\/lnbr.cnpem.br\/divisoes-de-pesquisa\/biotecnologia-molecular\/quimica-sustentavel\/\">Qu\u00edmica Sustent\u00e1vel<\/a><br \/>\n<a href=\"https:\/\/lnbr.cnpem.br\/divisoes-de-pesquisa\/biotecnologia-molecular\/omicas-integradas\/\">\u00d4micas Integradas<\/a>[\/vc_column_text][\/vc_accordion_tab][\/vc_accordion]<div class=\"hr-thin style-line\" style=\"width: 100%;border-color: #606060;border-top-width: 5px;\"><\/div>[vc_accordion active_tab=&#8221;false&#8221; collapsible=&#8221;yes&#8221; style=&#8221;2&#8243;][vc_accordion_tab title=&#8221;DIVIS\u00d5ES DE PESQUISA&#8221;][vc_custom_heading text=&#8221;Biotecnologia Molecular&#8221; font_container=&#8221;tag:p|text_align:left&#8221; google_fonts=&#8221;font_family:Ubuntu%3A300%2C300italic%2Cregular%2Citalic%2C500%2C500italic%2C700%2C700italic|font_style:400%20regular%3A400%3Anormal&#8221; link=&#8221;url:https%3A%2F%2Flnbr.cnpem.br%2Fpt-br%2Fdivisoes-de-pesquisa%2Fbiotecnologia-molecular%2F|title:LNBR%20%7C%20Biotecnologia%20Molecular||&#8221;][vc_custom_heading text=&#8221;Processos Tecnol\u00f3gicos&#8221; font_container=&#8221;tag:p|text_align:left&#8221; google_fonts=&#8221;font_family:Ubuntu%3A300%2C300italic%2Cregular%2Citalic%2C500%2C500italic%2C700%2C700italic|font_style:400%20regular%3A400%3Anormal&#8221; link=&#8221;url:https%3A%2F%2Flnbr.cnpem.br%2Fpt-br%2Fdivisoes-de-pesquisa%2Fprocessos-tecnologicos%2F|title:LNBR%20%7C%20Processos%20Tecnol%C3%B3gicos||&#8221;][vc_custom_heading text=&#8221;Biorrefinaria e Recursos Naturais&#8221; font_container=&#8221;tag:p|text_align:left&#8221; google_fonts=&#8221;font_family:Ubuntu%3A300%2C300italic%2Cregular%2Citalic%2C500%2C500italic%2C700%2C700italic|font_style:400%20regular%3A400%3Anormal&#8221; link=&#8221;url:https%3A%2F%2Flnbr.cnpem.br%2Fpt-br%2Fdivisoes-de-pesquisa%2Fbiorefinaria-e-recursos-naturais%2F|title:LNBR%20%7C%20Biorrefinaria%20e%20Recursos%20Naturais||&#8221;][\/vc_accordion_tab][\/vc_accordion]<div class=\"hr-thin style-line\" style=\"width: 100%;border-color: #606060;border-top-width: 5px;\"><\/div>[vc_accordion active_tab=&#8221;false&#8221; collapsible=&#8221;yes&#8221; style=&#8221;2&#8243;][vc_accordion_tab title=&#8221;PESQUISA&#8221;][vc_custom_heading text=&#8221;Divis\u00f5es de Pesquisa&#8221; font_container=&#8221;tag:p|text_align:left&#8221; google_fonts=&#8221;font_family:Open%20Sans%3A300%2C300italic%2Cregular%2Citalic%2C600%2C600italic%2C700%2C700italic%2C800%2C800italic|font_style:400%20regular%3A400%3Anormal&#8221; link=&#8221;url:https%3A%2F%2Fpages.cnpem.br%2Flnbrteste%2Fpt-br%2Fdivisoes-de-pesquisa%2F|title:LNBR%20%7C%20Divis%C3%B5es%20de%20Pesquisa||&#8221;][vc_custom_heading text=&#8221;Destaques de Pesquisa&#8221; font_container=&#8221;tag:p|text_align:left&#8221; google_fonts=&#8221;font_family:Open%20Sans%3A300%2C300italic%2Cregular%2Citalic%2C600%2C600italic%2C700%2C700italic%2C800%2C800italic|font_style:400%20regular%3A400%3Anormal&#8221; link=&#8221;url:https%3A%2F%2Fpages.cnpem.br%2Flnbrteste%2Fpt-br%2Fdestaques-de-pesquisa%2F|title:LNBR%20%7C%20Destaques%20de%20Pesquisa||&#8221;][vc_custom_heading text=&#8221;Publica\u00e7\u00f5es Cient\u00edficas&#8221; font_container=&#8221;tag:p|text_align:left&#8221; google_fonts=&#8221;font_family:Open%20Sans%3A300%2C300italic%2Cregular%2Citalic%2C600%2C600italic%2C700%2C700italic%2C800%2C800italic|font_style:400%20regular%3A400%3Anormal&#8221; link=&#8221;url:https%3A%2F%2Fpages.cnpem.br%2Flnbrteste%2Fpt-br%2Fpublicacoes-cientificas%2F|title:LNBR%20%7C%20Publica%C3%A7%C3%B5es%20Cient%C3%ADficas||&#8221;][\/vc_accordion_tab][\/vc_accordion]<div class=\"hr-thin style-line\" style=\"width: 100%;border-color: #606060;border-top-width: 5px;\"><\/div>[vc_accordion active_tab=&#8221;1&#8243; collapsible=&#8221;yes&#8221; style=&#8221;2&#8243;][vc_accordion_tab title=&#8221;LIDERAN\u00c7A&#8221;][vc_column_text]<strong>Qu\u00edmica Sustent\u00e1vel<br \/>\n<\/strong>Carlos Driemeier<br \/>\n<a href=\"mailto:lnbr.dir@lnbr.cnpem.br\">lnbr.dir@lnbr.cnpem.br<\/a>[\/vc_column_text][\/vc_accordion_tab][\/vc_accordion]<div class=\"hr-thin style-line\" style=\"width: 100%;border-color: #606060;border-top-width: 5px;\"><\/div>[vc_accordion active_tab=&#8221;false&#8221; collapsible=&#8221;yes&#8221; style=&#8221;2&#8243;][vc_accordion_tab title=&#8221;COMPARTILHE&#8221;][vc_column_text]<\/p>\n<div class=\"single-share-box\">\n<div class=\"share-buttons\"><a class=\"linkedin\" title=\"LinkedIn\" href=\"https:\/\/www.linkedin.com\/shareArticle?mini=true&amp;url=https%3A%2F%2Fpages.cnpem.br%2Flnbrteste%2Flideranca%2F&amp;title=Lideran%C3%A7a&amp;summary=&amp;source=LNBR\" target=\"_blank\" rel=\"noopener noreferrer\"><span class=\"social-text\">Share on LinkedIn<\/span><span class=\"screen-reader-text\">Share on LinkedIn<\/span><\/a><br \/>\n<a class=\"facebook\" title=\"Facebook\" href=\"http:\/\/www.facebook.com\/sharer.php?u=https%3A%2F%2Fpages.cnpem.br%2Flnbrteste%2Flideranca%2F&amp;t=Lideran%C3%A7a\" target=\"_blank\" rel=\"noopener noreferrer\"><span class=\"social-text\">Share on Facebook<\/span><span class=\"screen-reader-text\">Share on Facebook<\/span><\/a><br \/>\n<a class=\"twitter\" title=\"Twitter\" href=\"https:\/\/twitter.com\/share?url=https%3A%2F%2Fpages.cnpem.br%2Flnbrteste%2Flideranca%2F&amp;text=Lideran%C3%A7a\" target=\"_blank\" rel=\"noopener noreferrer\"><span class=\"social-text\">Tweet<\/span><span class=\"screen-reader-text\">Share on Twitter<\/span><\/a><br \/>\n<a class=\"whatsapp\" title=\"WhatsApp\" href=\"https:\/\/api.whatsapp.com\/send?text=Lideran%C3%A7a%20-%20https%3A%2F%2Fpages.cnpem.br%2Flnbrteste%2Flideranca%2F\" target=\"_blank\" rel=\"noopener noreferrer\" data-action=\"share\/whatsapp\/share\"><span class=\"social-text\">Share on WhatsApp<\/span><span class=\"screen-reader-text\">Share on WhatsApp<\/span><\/a><\/div>\n<p><!-- #content -->[\/vc_column_text][\/vc_accordion_tab][\/vc_accordion]<div class=\"hr-thin style-line\" style=\"width: 100%;border-color: #606060;border-top-width: 5px;\"><\/div>[\/vc_column][\/vc_row]<\/p>\n<\/div>\n<\/section>","protected":false},"excerpt":{"rendered":"<p>[vc_row][vc_column width=&#8221;3\/4&#8243;][vc_row_inner][vc_column_inner][vc_column_text] Transforma\u00e7\u00e3o da biomassa em intermedi\u00e1rios reativos A biomassa lignocelul\u00f3sica \u00e9 um vasto e barato recurso renov\u00e1vel que pode ser transformado em biocombust\u00edveis, bioqu\u00edmicos e biomateriais. Para um futuro sustent\u00e1vel, a renovabilidade \u00e9 necess\u00e1ria, mas n\u00e3o suficiente. Com base nos princ\u00edpios da qu\u00edmica sustent\u00e1vel, as vias de convers\u00e3o da biomassa devem proporcionar vantagens competitivas&hellip;<\/p>\n","protected":false},"author":3,"featured_media":0,"parent":46707,"menu_order":0,"comment_status":"closed","ping_status":"closed","template":"","meta":{"_acf_changed":false,"_monsterinsights_skip_tracking":false,"_monsterinsights_sitenote_active":false,"_monsterinsights_sitenote_note":"","_monsterinsights_sitenote_category":0,"footnotes":"","_links_to":"","_links_to_target":""},"class_list":["post-46712","page","type-page","status-publish","hentry","description-off"],"acf":[],"_links":{"self":[{"href":"https:\/\/lnbr.cnpem.br\/en\/wp-json\/wp\/v2\/pages\/46712","targetHints":{"allow":["GET"]}}],"collection":[{"href":"https:\/\/lnbr.cnpem.br\/en\/wp-json\/wp\/v2\/pages"}],"about":[{"href":"https:\/\/lnbr.cnpem.br\/en\/wp-json\/wp\/v2\/types\/page"}],"author":[{"embeddable":true,"href":"https:\/\/lnbr.cnpem.br\/en\/wp-json\/wp\/v2\/users\/3"}],"replies":[{"embeddable":true,"href":"https:\/\/lnbr.cnpem.br\/en\/wp-json\/wp\/v2\/comments?post=46712"}],"version-history":[{"count":0,"href":"https:\/\/lnbr.cnpem.br\/en\/wp-json\/wp\/v2\/pages\/46712\/revisions"}],"up":[{"embeddable":true,"href":"https:\/\/lnbr.cnpem.br\/en\/wp-json\/wp\/v2\/pages\/46707"}],"wp:attachment":[{"href":"https:\/\/lnbr.cnpem.br\/en\/wp-json\/wp\/v2\/media?parent=46712"}],"curies":[{"name":"wp","href":"https:\/\/api.w.org\/{rel}","templated":true}]}}