{"id":46717,"date":"2020-08-17T18:12:08","date_gmt":"2020-08-17T18:12:08","guid":{"rendered":"https:\/\/lnbr.cnpem.br\/?page_id=46717"},"modified":"2021-09-29T19:47:07","modified_gmt":"2021-09-29T19:47:07","slug":"analise-fisicoquimica","status":"publish","type":"page","link":"https:\/\/lnbr.cnpem.br\/divisoes-de-pesquisa\/processos-tecnologicos\/analise-fisicoquimica\/","title":{"rendered":"LNBR | An\u00e1lise F\u00edsico-qu\u00edmica"},"content":{"rendered":"<section class=\"wpb-content-wrapper\"><p>[vc_row][vc_column width=&#8221;3\/4&#8243;][vc_row_inner][vc_column_inner][vc_column_text]<\/p>\n<p style=\"text-align: justify;\"><span style=\"font-size: 14pt;\"><strong><span lang=\"EN-US\">M\u00e9todos anal\u00edticos para entender os intermedi\u00e1rios qu\u00edmicos e os <em>builiding blocks<\/em> de biomassa<\/span><\/strong><\/span><\/p>\n<p style=\"text-align: justify;\">\u00c1rea voltada ao desenvolvimento, aprimoramento e aplica\u00e7\u00e3o de processos f\u00edsico-qu\u00edmicos para a obten\u00e7\u00e3o de intermedi\u00e1rios e blocos qu\u00edmicos a partir das principais fra\u00e7\u00f5es constituintes da biomassa. Nosso <em>know-how<\/em> nos permite fazer a an\u00e1lise e interpreta\u00e7\u00e3o dos resultados em rela\u00e7\u00e3o ao observado nas diversas biomassas de modo a propor novas estrat\u00e9gias para sua utiliza\u00e7\u00e3o. Desta forma, \u00e9 poss\u00edvel ter \u00e0 disposi\u00e7\u00e3o v\u00e1rias t\u00e9cnicas de an\u00e1lise tendo para um mesmo par\u00e2metro, uma confiabilidade dos resultados mesmo em matrizes bem complexas. Com as novas possibilidades que o Sirius, a nova fonte de luz s\u00edncrotron brasileira pode fornecer para entendimento da biomassa, outras aplica\u00e7\u00f5es podem ser exploradas de modo a criar uma gama de atua\u00e7\u00e3o para materiais de origem biorrenov\u00e1vel.<\/p>\n<p>[\/vc_column_text][\/vc_column_inner][\/vc_row_inner][\/vc_column][vc_column width=&#8221;1\/4&#8243;][vc_accordion active_tab=&#8221;1&#8243; collapsible=&#8221;yes&#8221; style=&#8221;2&#8243;][vc_accordion_tab title=&#8221;\u00c1REAS DE PESQUISA&#8221;][vc_column_text]<a href=\"https:\/\/lnbr.cnpem.br\/divisoes-de-pesquisa\/processos-tecnologicos\/escalonamento-de-processos\/\">Escalonamento de Processos<\/a><br \/>\n<a href=\"https:\/\/lnbr.cnpem.br\/divisoes-de-pesquisa\/processos-tecnologicos\/analise-fisicoquimica\/\">An\u00e1lise F\u00edsicoqu\u00edmica<\/a><br \/>\n<a href=\"https:\/\/lnbr.cnpem.br\/divisoes-de-pesquisa\/processos-tecnologicos\/bioprocessos\/\">Bioprocessos<\/a>[\/vc_column_text][\/vc_accordion_tab][\/vc_accordion]<div class=\"hr-thin style-line\" style=\"width: 100%;border-color: #606060;border-top-width: 5px;\"><\/div>[vc_accordion active_tab=&#8221;false&#8221; collapsible=&#8221;yes&#8221; style=&#8221;2&#8243;][vc_accordion_tab title=&#8221;DIVIS\u00d5ES DE PESQUISA&#8221;][vc_custom_heading text=&#8221;Biotecnologia Molecular&#8221; font_container=&#8221;tag:p|text_align:left&#8221; google_fonts=&#8221;font_family:Ubuntu%3A300%2C300italic%2Cregular%2Citalic%2C500%2C500italic%2C700%2C700italic|font_style:400%20regular%3A400%3Anormal&#8221; link=&#8221;url:https%3A%2F%2Flnbr.cnpem.br%2Fpt-br%2Fdivisoes-de-pesquisa%2Fbiotecnologia-molecular%2F|title:LNBR%20%7C%20Biotecnologia%20Molecular||&#8221;][vc_custom_heading text=&#8221;Processos Tecnol\u00f3gicos&#8221; font_container=&#8221;tag:p|text_align:left&#8221; google_fonts=&#8221;font_family:Ubuntu%3A300%2C300italic%2Cregular%2Citalic%2C500%2C500italic%2C700%2C700italic|font_style:400%20regular%3A400%3Anormal&#8221; link=&#8221;url:https%3A%2F%2Flnbr.cnpem.br%2Fpt-br%2Fdivisoes-de-pesquisa%2Fprocessos-tecnologicos%2F|title:LNBR%20%7C%20Processos%20Tecnol%C3%B3gicos||&#8221;][vc_custom_heading text=&#8221;Biorrefinaria e Recursos Naturais&#8221; font_container=&#8221;tag:p|text_align:left&#8221; google_fonts=&#8221;font_family:Ubuntu%3A300%2C300italic%2Cregular%2Citalic%2C500%2C500italic%2C700%2C700italic|font_style:400%20regular%3A400%3Anormal&#8221; link=&#8221;url:https%3A%2F%2Flnbr.cnpem.br%2Fpt-br%2Fdivisoes-de-pesquisa%2Fbiorefinaria-e-recursos-naturais%2F|title:LNBR%20%7C%20Biorrefinaria%20e%20Recursos%20Naturais||&#8221;][\/vc_accordion_tab][\/vc_accordion]<div class=\"hr-thin style-line\" style=\"width: 100%;border-color: #606060;border-top-width: 5px;\"><\/div>[vc_accordion active_tab=&#8221;false&#8221; collapsible=&#8221;yes&#8221; style=&#8221;2&#8243;][vc_accordion_tab title=&#8221;PESQUISA&#8221;][vc_custom_heading text=&#8221;Divis\u00f5es de Pesquisa&#8221; font_container=&#8221;tag:p|text_align:left&#8221; google_fonts=&#8221;font_family:Open%20Sans%3A300%2C300italic%2Cregular%2Citalic%2C600%2C600italic%2C700%2C700italic%2C800%2C800italic|font_style:400%20regular%3A400%3Anormal&#8221; link=&#8221;url:https%3A%2F%2Fpages.cnpem.br%2Flnbrteste%2Fpt-br%2Fdivisoes-de-pesquisa%2F|title:LNBR%20%7C%20Divis%C3%B5es%20de%20Pesquisa||&#8221;][vc_custom_heading text=&#8221;Destaques de Pesquisa&#8221; font_container=&#8221;tag:p|text_align:left&#8221; google_fonts=&#8221;font_family:Open%20Sans%3A300%2C300italic%2Cregular%2Citalic%2C600%2C600italic%2C700%2C700italic%2C800%2C800italic|font_style:400%20regular%3A400%3Anormal&#8221; link=&#8221;url:https%3A%2F%2Fpages.cnpem.br%2Flnbrteste%2Fpt-br%2Fdestaques-de-pesquisa%2F|title:LNBR%20%7C%20Destaques%20de%20Pesquisa||&#8221;][vc_custom_heading text=&#8221;Publica\u00e7\u00f5es Cient\u00edficas&#8221; font_container=&#8221;tag:p|text_align:left&#8221; google_fonts=&#8221;font_family:Open%20Sans%3A300%2C300italic%2Cregular%2Citalic%2C600%2C600italic%2C700%2C700italic%2C800%2C800italic|font_style:400%20regular%3A400%3Anormal&#8221; link=&#8221;url:https%3A%2F%2Fpages.cnpem.br%2Flnbrteste%2Fpt-br%2Fpublicacoes-cientificas%2F|title:LNBR%20%7C%20Publica%C3%A7%C3%B5es%20Cient%C3%ADficas||&#8221;][\/vc_accordion_tab][\/vc_accordion]<div class=\"hr-thin style-line\" style=\"width: 100%;border-color: #606060;border-top-width: 5px;\"><\/div>[vc_accordion active_tab=&#8221;1&#8243; collapsible=&#8221;yes&#8221; style=&#8221;2&#8243;][vc_accordion_tab title=&#8221;LIDERAN\u00c7A&#8221;][vc_column_text]<strong>An\u00e1lise F\u00edsicoqu\u00edmica<br \/>\n<\/strong>Livia Vasconcellos<br \/>\n<a href=\"mailto:lnbr.dir@lnbr.cnpem.br\">lnbr.dir@lnbr.cnpem.br<\/a>[\/vc_column_text][\/vc_accordion_tab][\/vc_accordion]<div class=\"hr-thin style-line\" style=\"width: 100%;border-color: #606060;border-top-width: 5px;\"><\/div>[vc_accordion active_tab=&#8221;false&#8221; collapsible=&#8221;yes&#8221; style=&#8221;2&#8243;][vc_accordion_tab title=&#8221;COMPARTILHE&#8221;][vc_column_text]<\/p>\n<div class=\"single-share-box\">\n<div class=\"share-buttons\"><a class=\"linkedin\" title=\"LinkedIn\" href=\"https:\/\/www.linkedin.com\/shareArticle?mini=true&amp;url=https%3A%2F%2Fpages.cnpem.br%2Flnbrteste%2Flideranca%2F&amp;title=Lideran%C3%A7a&amp;summary=&amp;source=LNBR\" target=\"_blank\" rel=\"noopener noreferrer\"><span class=\"social-text\">Share on LinkedIn<\/span><span class=\"screen-reader-text\">Share on LinkedIn<\/span><\/a><br \/>\n<a class=\"facebook\" title=\"Facebook\" href=\"http:\/\/www.facebook.com\/sharer.php?u=https%3A%2F%2Fpages.cnpem.br%2Flnbrteste%2Flideranca%2F&amp;t=Lideran%C3%A7a\" target=\"_blank\" rel=\"noopener noreferrer\"><span class=\"social-text\">Share on Facebook<\/span><span class=\"screen-reader-text\">Share on Facebook<\/span><\/a><br \/>\n<a class=\"twitter\" title=\"Twitter\" href=\"https:\/\/twitter.com\/share?url=https%3A%2F%2Fpages.cnpem.br%2Flnbrteste%2Flideranca%2F&amp;text=Lideran%C3%A7a\" target=\"_blank\" rel=\"noopener noreferrer\"><span class=\"social-text\">Tweet<\/span><span class=\"screen-reader-text\">Share on Twitter<\/span><\/a><br \/>\n<a class=\"whatsapp\" title=\"WhatsApp\" href=\"https:\/\/api.whatsapp.com\/send?text=Lideran%C3%A7a%20-%20https%3A%2F%2Fpages.cnpem.br%2Flnbrteste%2Flideranca%2F\" target=\"_blank\" rel=\"noopener noreferrer\" data-action=\"share\/whatsapp\/share\"><span class=\"social-text\">Share on WhatsApp<\/span><span class=\"screen-reader-text\">Share on WhatsApp<\/span><\/a><\/div>\n<p><!-- #content -->[\/vc_column_text][\/vc_accordion_tab][\/vc_accordion]<div class=\"hr-thin style-line\" style=\"width: 100%;border-color: #606060;border-top-width: 5px;\"><\/div>[\/vc_column][\/vc_row]<\/p>\n<\/div>\n<\/section>","protected":false},"excerpt":{"rendered":"<p>[vc_row][vc_column width=&#8221;3\/4&#8243;][vc_row_inner][vc_column_inner][vc_column_text] M\u00e9todos anal\u00edticos para entender os intermedi\u00e1rios qu\u00edmicos e os builiding blocks de biomassa \u00c1rea voltada ao desenvolvimento, aprimoramento e aplica\u00e7\u00e3o de processos f\u00edsico-qu\u00edmicos para a obten\u00e7\u00e3o de intermedi\u00e1rios e blocos qu\u00edmicos a partir das principais fra\u00e7\u00f5es constituintes da biomassa. Nosso know-how nos permite fazer a an\u00e1lise e interpreta\u00e7\u00e3o dos resultados em rela\u00e7\u00e3o ao&hellip;<\/p>\n","protected":false},"author":3,"featured_media":0,"parent":46713,"menu_order":0,"comment_status":"closed","ping_status":"closed","template":"","meta":{"_acf_changed":false,"_monsterinsights_skip_tracking":false,"_monsterinsights_sitenote_active":false,"_monsterinsights_sitenote_note":"","_monsterinsights_sitenote_category":0,"footnotes":"","_links_to":"","_links_to_target":""},"class_list":["post-46717","page","type-page","status-publish","hentry","description-off"],"acf":[],"_links":{"self":[{"href":"https:\/\/lnbr.cnpem.br\/en\/wp-json\/wp\/v2\/pages\/46717","targetHints":{"allow":["GET"]}}],"collection":[{"href":"https:\/\/lnbr.cnpem.br\/en\/wp-json\/wp\/v2\/pages"}],"about":[{"href":"https:\/\/lnbr.cnpem.br\/en\/wp-json\/wp\/v2\/types\/page"}],"author":[{"embeddable":true,"href":"https:\/\/lnbr.cnpem.br\/en\/wp-json\/wp\/v2\/users\/3"}],"replies":[{"embeddable":true,"href":"https:\/\/lnbr.cnpem.br\/en\/wp-json\/wp\/v2\/comments?post=46717"}],"version-history":[{"count":0,"href":"https:\/\/lnbr.cnpem.br\/en\/wp-json\/wp\/v2\/pages\/46717\/revisions"}],"up":[{"embeddable":true,"href":"https:\/\/lnbr.cnpem.br\/en\/wp-json\/wp\/v2\/pages\/46713"}],"wp:attachment":[{"href":"https:\/\/lnbr.cnpem.br\/en\/wp-json\/wp\/v2\/media?parent=46717"}],"curies":[{"name":"wp","href":"https:\/\/api.w.org\/{rel}","templated":true}]}}