{"id":46718,"date":"2020-08-17T18:12:08","date_gmt":"2020-08-17T18:12:08","guid":{"rendered":"https:\/\/lnbr.cnpem.br\/?page_id=46718"},"modified":"2021-09-29T19:47:07","modified_gmt":"2021-09-29T19:47:07","slug":"escalonamento-de-processos","status":"publish","type":"page","link":"https:\/\/lnbr.cnpem.br\/divisoes-de-pesquisa\/processos-tecnologicos\/escalonamento-de-processos\/","title":{"rendered":"LNBR | Escalonamento de Processos"},"content":{"rendered":"<section class=\"wpb-content-wrapper\"><p>[vc_row][vc_column width=&#8221;3\/4&#8243;][vc_row_inner][vc_column_inner][vc_column_text]<\/p>\n<p style=\"text-align: justify;\"><span style=\"font-size: 14pt;\"><strong><span lang=\"EN-US\">Desenvolvimento e integra\u00e7\u00e3o de processos f\u00edsicos, qu\u00edmicos e biol\u00f3gicos<\/span><\/strong><\/span><\/p>\n<p style=\"text-align: justify;\">Focado na sustentabilidade, o LNBR conta com uma estrutura \u00fanica e singular que engloba a ci\u00eancia desde o n\u00edvel at\u00f4mico, com o desenho racional de microrganismos e rotas bioqu\u00edmicas, passando por todo o desenvolvimento de bancada, design de processo, escalonamento em planta piloto e avalia\u00e7\u00e3o tecno-econ\u00f4mica de processos biotecnol\u00f3gicos e biorrenov\u00e1veis. As principais caracter\u00edsticas da planta piloto s\u00e3o:<\/p>\n<ul style=\"text-align: justify;\">\n<li>Manuseio de uma vasta gama de biomassas e processos de pr\u00e9-tratamento, com diferentes equipamentos e propostas;<\/li>\n<li>Capacidade de modular e integrar m\u00faltiplas tecnologias utilizando diferentes tipos de equipamento em testes de integra\u00e7\u00e3o, valida\u00e7\u00e3o e avalia\u00e7\u00e3o de processos;<\/li>\n<li>Gera\u00e7\u00e3o de resultados de alta qualidade, apoiados por sistemas automatizados de aquisi\u00e7\u00e3o de dados e controle de processos, aliado a an\u00e1lises de classe mundial;<\/li>\n<li>Compet\u00eancia em bioprocessamento reduzindo riscos, custos e tempo no escalonamento a partir da escala laboratorial.<\/li>\n<\/ul>\n<p style=\"text-align: justify;\">A planta piloto cont\u00e9m reatores de 20 a 350L, a maioria deles com ligas resistentes \u00e0 corros\u00e3o, especialmente projetados para o desenvolvimento de processos f\u00edsico-qu\u00edmicos e bioqu\u00edmicos. Possui tamb\u00e9m biorreatores\/fermentadores de 20 a 300L, equipamentos de separa\u00e7\u00e3o s\u00f3lido-l\u00edquido, equipamentos de <em>downstream<\/em> e de limpeza, desfibradores e moagem de biomassa. Os equipamentos da planta piloto s\u00e3o totalmente automatizados, com armazenamento de dados em um reposit\u00f3rio central.<\/p>\n<p style=\"text-align: justify;\">A Planta Piloto \u00e9 tamb\u00e9m uma <a href=\"https:\/\/lnbr.cnpem.br\/pt-br\/instalacoes-abertas\/\">Instala\u00e7\u00e3o Aberta<\/a> e recebe propostas de utiliza\u00e7\u00e3o de usu\u00e1rios externos.<\/p>\n<p>[\/vc_column_text][\/vc_column_inner][\/vc_row_inner][\/vc_column][vc_column width=&#8221;1\/4&#8243;][vc_accordion active_tab=&#8221;1&#8243; collapsible=&#8221;yes&#8221; style=&#8221;2&#8243;][vc_accordion_tab title=&#8221;\u00c1REAS DE PESQUISA&#8221;][vc_column_text]<a href=\"https:\/\/lnbr.cnpem.br\/divisoes-de-pesquisa\/processos-tecnologicos\/escalonamento-de-processos\/\">Escalonamento de Processos<\/a><br \/>\n<a href=\"https:\/\/lnbr.cnpem.br\/divisoes-de-pesquisa\/processos-tecnologicos\/analise-fisicoquimica\/\">An\u00e1lise F\u00edsicoqu\u00edmica<\/a><br \/>\n<a href=\"https:\/\/lnbr.cnpem.br\/divisoes-de-pesquisa\/processos-tecnologicos\/bioprocessos\/\">Bioprocessos<\/a>[\/vc_column_text][\/vc_accordion_tab][\/vc_accordion]<div class=\"hr-thin style-line\" style=\"width: 100%;border-color: #606060;border-top-width: 5px;\"><\/div>[vc_accordion active_tab=&#8221;false&#8221; collapsible=&#8221;yes&#8221; style=&#8221;2&#8243;][vc_accordion_tab title=&#8221;DIVIS\u00d5ES DE PESQUISA&#8221;][vc_custom_heading text=&#8221;Biotecnologia Molecular&#8221; font_container=&#8221;tag:p|text_align:left&#8221; google_fonts=&#8221;font_family:Ubuntu%3A300%2C300italic%2Cregular%2Citalic%2C500%2C500italic%2C700%2C700italic|font_style:400%20regular%3A400%3Anormal&#8221; link=&#8221;url:https%3A%2F%2Flnbr.cnpem.br%2Fpt-br%2Fdivisoes-de-pesquisa%2Fbiotecnologia-molecular%2F|title:LNBR%20%7C%20Biotecnologia%20Molecular||&#8221;][vc_custom_heading text=&#8221;Processos Tecnol\u00f3gicos&#8221; font_container=&#8221;tag:p|text_align:left&#8221; google_fonts=&#8221;font_family:Ubuntu%3A300%2C300italic%2Cregular%2Citalic%2C500%2C500italic%2C700%2C700italic|font_style:400%20regular%3A400%3Anormal&#8221; link=&#8221;url:https%3A%2F%2Flnbr.cnpem.br%2Fpt-br%2Fdivisoes-de-pesquisa%2Fprocessos-tecnologicos%2F|title:LNBR%20%7C%20Processos%20Tecnol%C3%B3gicos||&#8221;][vc_custom_heading text=&#8221;Biorrefinaria e Recursos Naturais&#8221; font_container=&#8221;tag:p|text_align:left&#8221; google_fonts=&#8221;font_family:Ubuntu%3A300%2C300italic%2Cregular%2Citalic%2C500%2C500italic%2C700%2C700italic|font_style:400%20regular%3A400%3Anormal&#8221; link=&#8221;url:https%3A%2F%2Flnbr.cnpem.br%2Fpt-br%2Fdivisoes-de-pesquisa%2Fbiorefinaria-e-recursos-naturais%2F|title:LNBR%20%7C%20Biorrefinaria%20e%20Recursos%20Naturais||&#8221;][\/vc_accordion_tab][\/vc_accordion]<div class=\"hr-thin style-line\" style=\"width: 100%;border-color: #606060;border-top-width: 5px;\"><\/div>[vc_accordion active_tab=&#8221;false&#8221; collapsible=&#8221;yes&#8221; style=&#8221;2&#8243;][vc_accordion_tab title=&#8221;PESQUISA&#8221;][vc_custom_heading text=&#8221;Divis\u00f5es de Pesquisa&#8221; font_container=&#8221;tag:p|text_align:left&#8221; google_fonts=&#8221;font_family:Open%20Sans%3A300%2C300italic%2Cregular%2Citalic%2C600%2C600italic%2C700%2C700italic%2C800%2C800italic|font_style:400%20regular%3A400%3Anormal&#8221; link=&#8221;url:https%3A%2F%2Fpages.cnpem.br%2Flnbrteste%2Fpt-br%2Fdivisoes-de-pesquisa%2F|title:LNBR%20%7C%20Divis%C3%B5es%20de%20Pesquisa||&#8221;][vc_custom_heading text=&#8221;Destaques de Pesquisa&#8221; font_container=&#8221;tag:p|text_align:left&#8221; google_fonts=&#8221;font_family:Open%20Sans%3A300%2C300italic%2Cregular%2Citalic%2C600%2C600italic%2C700%2C700italic%2C800%2C800italic|font_style:400%20regular%3A400%3Anormal&#8221; link=&#8221;url:https%3A%2F%2Fpages.cnpem.br%2Flnbrteste%2Fpt-br%2Fdestaques-de-pesquisa%2F|title:LNBR%20%7C%20Destaques%20de%20Pesquisa||&#8221;][vc_custom_heading text=&#8221;Publica\u00e7\u00f5es Cient\u00edficas&#8221; font_container=&#8221;tag:p|text_align:left&#8221; google_fonts=&#8221;font_family:Open%20Sans%3A300%2C300italic%2Cregular%2Citalic%2C600%2C600italic%2C700%2C700italic%2C800%2C800italic|font_style:400%20regular%3A400%3Anormal&#8221; link=&#8221;url:https%3A%2F%2Fpages.cnpem.br%2Flnbrteste%2Fpt-br%2Fpublicacoes-cientificas%2F|title:LNBR%20%7C%20Publica%C3%A7%C3%B5es%20Cient%C3%ADficas||&#8221;][\/vc_accordion_tab][\/vc_accordion]<div class=\"hr-thin style-line\" style=\"width: 100%;border-color: #606060;border-top-width: 5px;\"><\/div>[vc_accordion active_tab=&#8221;1&#8243; collapsible=&#8221;yes&#8221; style=&#8221;2&#8243;][vc_accordion_tab title=&#8221;LIDERAN\u00c7A&#8221;][vc_column_text]<strong>Escalonamento de Processos<br \/>\n<\/strong>Carlos A. O. Filho<br \/>\n<a href=\"mailto:lnbr.dir@lnbr.cnpem.br\">lnbr.dir@lnbr.cnpem.br<\/a>[\/vc_column_text][\/vc_accordion_tab][\/vc_accordion]<div class=\"hr-thin style-line\" style=\"width: 100%;border-color: #606060;border-top-width: 5px;\"><\/div>[vc_accordion active_tab=&#8221;false&#8221; collapsible=&#8221;yes&#8221; style=&#8221;2&#8243;][vc_accordion_tab title=&#8221;COMPARTILHE&#8221;][vc_column_text]<\/p>\n<div class=\"single-share-box\">\n<div class=\"share-buttons\"><a class=\"linkedin\" title=\"LinkedIn\" href=\"https:\/\/www.linkedin.com\/shareArticle?mini=true&amp;url=https%3A%2F%2Fpages.cnpem.br%2Flnbrteste%2Flideranca%2F&amp;title=Lideran%C3%A7a&amp;summary=&amp;source=LNBR\" target=\"_blank\" rel=\"noopener noreferrer\"><span class=\"social-text\">Share on LinkedIn<\/span><span class=\"screen-reader-text\">Share on LinkedIn<\/span><\/a><br \/>\n<a class=\"facebook\" title=\"Facebook\" href=\"http:\/\/www.facebook.com\/sharer.php?u=https%3A%2F%2Fpages.cnpem.br%2Flnbrteste%2Flideranca%2F&amp;t=Lideran%C3%A7a\" target=\"_blank\" rel=\"noopener noreferrer\"><span class=\"social-text\">Share on Facebook<\/span><span class=\"screen-reader-text\">Share on Facebook<\/span><\/a><br \/>\n<a class=\"twitter\" title=\"Twitter\" href=\"https:\/\/twitter.com\/share?url=https%3A%2F%2Fpages.cnpem.br%2Flnbrteste%2Flideranca%2F&amp;text=Lideran%C3%A7a\" target=\"_blank\" rel=\"noopener noreferrer\"><span class=\"social-text\">Tweet<\/span><span class=\"screen-reader-text\">Share on Twitter<\/span><\/a><br \/>\n<a class=\"whatsapp\" title=\"WhatsApp\" href=\"https:\/\/api.whatsapp.com\/send?text=Lideran%C3%A7a%20-%20https%3A%2F%2Fpages.cnpem.br%2Flnbrteste%2Flideranca%2F\" target=\"_blank\" rel=\"noopener noreferrer\" data-action=\"share\/whatsapp\/share\"><span class=\"social-text\">Share on WhatsApp<\/span><span class=\"screen-reader-text\">Share on WhatsApp<\/span><\/a><\/div>\n<p><!-- #content -->[\/vc_column_text][\/vc_accordion_tab][\/vc_accordion]<div class=\"hr-thin style-line\" style=\"width: 100%;border-color: #606060;border-top-width: 5px;\"><\/div>[\/vc_column][\/vc_row]<\/p>\n<\/div>\n<\/section>","protected":false},"excerpt":{"rendered":"<p>[vc_row][vc_column width=&#8221;3\/4&#8243;][vc_row_inner][vc_column_inner][vc_column_text] Desenvolvimento e integra\u00e7\u00e3o de processos f\u00edsicos, qu\u00edmicos e biol\u00f3gicos Focado na sustentabilidade, o LNBR conta com uma estrutura \u00fanica e singular que engloba a ci\u00eancia desde o n\u00edvel at\u00f4mico, com o desenho racional de microrganismos e rotas bioqu\u00edmicas, passando por todo o desenvolvimento de bancada, design de processo, escalonamento em planta piloto e&hellip;<\/p>\n","protected":false},"author":3,"featured_media":0,"parent":46713,"menu_order":0,"comment_status":"closed","ping_status":"closed","template":"","meta":{"_acf_changed":false,"_monsterinsights_skip_tracking":false,"_monsterinsights_sitenote_active":false,"_monsterinsights_sitenote_note":"","_monsterinsights_sitenote_category":0,"footnotes":"","_links_to":"","_links_to_target":""},"class_list":["post-46718","page","type-page","status-publish","hentry","description-off"],"acf":[],"_links":{"self":[{"href":"https:\/\/lnbr.cnpem.br\/en\/wp-json\/wp\/v2\/pages\/46718","targetHints":{"allow":["GET"]}}],"collection":[{"href":"https:\/\/lnbr.cnpem.br\/en\/wp-json\/wp\/v2\/pages"}],"about":[{"href":"https:\/\/lnbr.cnpem.br\/en\/wp-json\/wp\/v2\/types\/page"}],"author":[{"embeddable":true,"href":"https:\/\/lnbr.cnpem.br\/en\/wp-json\/wp\/v2\/users\/3"}],"replies":[{"embeddable":true,"href":"https:\/\/lnbr.cnpem.br\/en\/wp-json\/wp\/v2\/comments?post=46718"}],"version-history":[{"count":0,"href":"https:\/\/lnbr.cnpem.br\/en\/wp-json\/wp\/v2\/pages\/46718\/revisions"}],"up":[{"embeddable":true,"href":"https:\/\/lnbr.cnpem.br\/en\/wp-json\/wp\/v2\/pages\/46713"}],"wp:attachment":[{"href":"https:\/\/lnbr.cnpem.br\/en\/wp-json\/wp\/v2\/media?parent=46718"}],"curies":[{"name":"wp","href":"https:\/\/api.w.org\/{rel}","templated":true}]}}