{"id":48012,"date":"2020-12-07T12:21:44","date_gmt":"2020-12-07T12:21:44","guid":{"rendered":"https:\/\/lnbr.cnpem.br\/?page_id=48012"},"modified":"2020-12-07T18:21:59","modified_gmt":"2020-12-07T18:21:59","slug":"caracterizacao-biomassas-florestais","status":"publish","type":"page","link":"https:\/\/lnbr.cnpem.br\/biovalue\/ferramentas\/caracterizacao-biomassas-florestais\/","title":{"rendered":"LNBR | BioValue &#8211; Caracteriza\u00e7\u00e3o de biomassas florestais"},"content":{"rendered":"<section class=\"wpb-content-wrapper\"><p>[vc_row][vc_column width=&#8221;3\/4&#8243;][vc_row_inner][vc_column_inner][vc_column_text]<\/p>\n<p style=\"text-align: justify;\"><strong>Caracteriza\u00e7\u00e3o de biomassas florestais<\/strong><\/p>\n<p style=\"text-align: justify;\">Os principais componentes qu\u00edmicos da biomassa florestal s\u00e3o a celulose, hemicelulose, lignina, al\u00e9m de cinzas e extrativos. Os procedimentos para caracteriza\u00e7\u00e3o desse tipo de biomassa mais utilizados mundialmente s\u00e3o TAPPI (Technical Association of the Pulp and Paper Industry) e NREL (National Renewable Energy Laboratory).<\/p>\n<p style=\"text-align: justify;\">O fluxograma abaixo ilustra as etapas para quantifica\u00e7\u00e3o dos principais componentes qu\u00edmicos da biomassa florestal seguindo os m\u00e9todos de refer\u00eancia reconhecidos internacionalmente.<\/p>\n<p style=\"text-align: justify;\"><img decoding=\"async\" class=\" wp-image-48013 aligncenter lazyload\" src=\"data:image\/gif;base64,R0lGODlhAQABAIAAAAAAAP\/\/\/yH5BAEAAAAALAAAAAABAAEAAAIBRAA7\" data-src=\"https:\/\/lnbr.cnpem.br\/wp-content\/uploads\/2020\/12\/Caracterizacao-biomassa-florestal-227x300.png\" alt=\"\" width=\"316\" height=\"418\" \/><noscript><img decoding=\"async\" class=\" wp-image-48013 aligncenter lazyload\" src=\"https:\/\/lnbr.cnpem.br\/wp-content\/uploads\/2020\/12\/Caracterizacao-biomassa-florestal-227x300.png\" alt=\"\" width=\"316\" height=\"418\" srcset=\"https:\/\/lnbr.cnpem.br\/wp-content\/uploads\/2020\/12\/Caracterizacao-biomassa-florestal-227x300.png 227w, https:\/\/lnbr.cnpem.br\/wp-content\/uploads\/2020\/12\/Caracterizacao-biomassa-florestal-775x1024.png 775w, https:\/\/lnbr.cnpem.br\/wp-content\/uploads\/2020\/12\/Caracterizacao-biomassa-florestal-768x1015.png 768w, https:\/\/lnbr.cnpem.br\/wp-content\/uploads\/2020\/12\/Caracterizacao-biomassa-florestal-1163x1536.png 1163w, https:\/\/lnbr.cnpem.br\/wp-content\/uploads\/2020\/12\/Caracterizacao-biomassa-florestal.png 1239w\" sizes=\"(max-width: 316px) 100vw, 316px\" \/><\/noscript><\/p>\n<p style=\"text-align: justify;\">Inicialmente \u00e9 necess\u00e1rio realizar o preparo da biomassa recebida para as an\u00e1lises de caracteriza\u00e7\u00e3o da sua composi\u00e7\u00e3o qu\u00edmica<sup>1<\/sup>. A biomassa deve passar pelas etapas de secagem, moagem e peneiramento conforme ilustrado no fluxograma acima.<\/p>\n<p style=\"text-align: justify;\">A secagem pode ser feita tanto ao ar livre quanto em estufas de convec\u00e7\u00e3o. Esta etapa \u00e9 necess\u00e1ria a fim de reduzir a umidade da biomassa e, dessa forma, diminuir a chance da prolifera\u00e7\u00e3o de microrganismos.<\/p>\n<p style=\"text-align: justify;\">A moagem \u00e9 importante para diminuir o tamanho das part\u00edculas da biomassa florestal, que normalmente \u00e9 obtida na forma de cavacos, chips ou res\u00edduos florestais. Essa etapa de moagem normalmente \u00e9 realizada em um moinho de facas.<\/p>\n<p style=\"text-align: justify;\">O peneiramento da biomassa para separa\u00e7\u00e3o granulom\u00e9trica \u00e9 importante para padroniza\u00e7\u00e3o do tamanho das part\u00edculas utilizado em cada etapa da caracteriza\u00e7\u00e3o. Peneiras de 20 e 80 mesh s\u00e3o utilizadas para separar a biomassa em tr\u00eas fra\u00e7\u00f5es. A primeira delas, a fra\u00e7\u00e3o que ficou retida na peneira de 20 mesh, ou seja, com maior tamanho de part\u00edcula deve ser mo\u00edda novamente para ser utilizada. A segunda, a fra\u00e7\u00e3o que passou pela peneira de 20 mesh e ficou retida na peneira de 80 mesh, \u00e9 utilizada para remo\u00e7\u00e3o e quantifica\u00e7\u00e3o de extrativos, assim como a determina\u00e7\u00e3o de lignina e carboidratos estruturais. A terceira fra\u00e7\u00e3o, a mais fina dentre elas, \u00e9 aquela que tem as part\u00edculas que passaram pela peneira de 80 mesh. Nesta fra\u00e7\u00e3o \u00e9 realizada a determina\u00e7\u00e3o de cinzas<sup>2<\/sup>.<\/p>\n<p style=\"text-align: justify;\">Nas fra\u00e7\u00f5es utilizadas para caracteriza\u00e7\u00e3o da composi\u00e7\u00e3o qu\u00edmica deve ser realizado tamb\u00e9m a determina\u00e7\u00e3o de s\u00f3lidos totais ou umidade<sup>3<\/sup>, uma vez que todas as an\u00e1lises devem levar em conta a base de massa seca da amostra.<\/p>\n<p style=\"text-align: justify;\">A remo\u00e7\u00e3o e quantifica\u00e7\u00e3o de extrativos na biomassa devem ser realizadas na segunda fra\u00e7\u00e3o, ou seja, aquela que passou pela peneira de 20 mesh e ficou retida na de 80 mesh. A determina\u00e7\u00e3o de extrativos em biomassa proveniente de madeira ou res\u00edduos florestais pode ser realizada de in\u00fameras formas utilizando diferentes solventes<sup>4<\/sup>.<\/p>\n<p style=\"text-align: justify;\">A partir da biomassa livre de extrativos \u00e9 realizada uma hidr\u00f3lise \u00e1cida para quebrar a estrutura lignocelul\u00f3sica e assim \u00e9 poss\u00edvel quantificar os carboidratos estruturais e a lignina sol\u00favel no hidrolisado. A lignina insol\u00favel \u00e9 determinada na fra\u00e7\u00e3o de res\u00edduo s\u00f3lido obtida ap\u00f3s a hidr\u00f3lise \u00e1cida<sup>5<\/sup>.<\/p>\n<p style=\"text-align: justify;\">A Tabela 1 apresenta os resultados da caracteriza\u00e7\u00e3o das biomassas florestais utilizadas nesse projeto, o eucalipto e os res\u00edduos de pinus, realizada na Universidade Federal de Vi\u00e7osa (UFV).<\/p>\n<p style=\"text-align: center;\"><strong>Tabela 1:<\/strong>\u00a0Composi\u00e7\u00e3o qu\u00edmica das amostras de biomassas florestais.<\/p>\n<table width=\"100%\">\n<tbody>\n<tr>\n<td width=\"33%\"><\/td>\n<td colspan=\"2\" width=\"33%\">\n<p style=\"text-align: center;\"><strong>Res\u00edduos de Pinus<\/strong><\/p>\n<\/td>\n<td colspan=\"2\" width=\"33%\">\n<p style=\"text-align: center;\"><strong>Eucalipto<\/strong><\/p>\n<\/td>\n<\/tr>\n<tr>\n<td width=\"33%\"><\/td>\n<td width=\"17%\"><strong>M\u00e9dia (%)<\/strong><\/td>\n<td width=\"15%\"><strong>DP (%)<\/strong><\/td>\n<td width=\"17%\"><strong>M\u00e9dia (%)<\/strong><\/td>\n<td width=\"15%\"><strong>DP (%)<\/strong><\/td>\n<\/tr>\n<tr>\n<td width=\"33%\"><strong>Cinzas Totais (%)<\/strong><\/td>\n<td width=\"17%\">0.3323<\/td>\n<td width=\"15%\">0.0319<\/td>\n<td width=\"17%\">0.3298<\/td>\n<td width=\"15%\">0.0378<\/td>\n<\/tr>\n<tr>\n<td width=\"33%\"><strong>Extrativos (%)<\/strong><\/td>\n<td width=\"17%\">1.6970<\/td>\n<td width=\"15%\">0.1202<\/td>\n<td width=\"17%\">2.5042<\/td>\n<td width=\"15%\">0.0960<\/td>\n<\/tr>\n<tr>\n<td width=\"33%\"><strong>Lignina Insol\u00favel (%)<\/strong><\/td>\n<td width=\"17%\">27.7582<\/td>\n<td width=\"15%\">0.4885<\/td>\n<td width=\"17%\">27.0245<\/td>\n<td width=\"15%\">0.9233<\/td>\n<\/tr>\n<tr>\n<td width=\"33%\"><strong>Lignina Sol\u00favel (%)<\/strong><\/td>\n<td width=\"17%\">1.4656<\/td>\n<td width=\"15%\">0.0332<\/td>\n<td width=\"17%\">1.3390<\/td>\n<td width=\"15%\">0.0436<\/td>\n<\/tr>\n<tr>\n<td width=\"33%\"><strong>Celulose (%)<\/strong><\/td>\n<td width=\"17%\">36.9217<\/td>\n<td width=\"15%\">1.5471<\/td>\n<td width=\"17%\">47.0142<\/td>\n<td width=\"15%\">1.4455<\/td>\n<\/tr>\n<tr>\n<td width=\"33%\"><strong>Hemicelulose (%)<\/strong><\/td>\n<td width=\"17%\">11.7222<\/td>\n<td width=\"15%\">0.1821<\/td>\n<td width=\"17%\">14.1192<\/td>\n<td width=\"15%\">0.3789<\/td>\n<\/tr>\n<\/tbody>\n<\/table>\n<p style=\"text-align: justify;\">DP: desvio padr\u00e3o.<\/p>\n<p style=\"text-align: justify;\"><strong>Refer\u00eancias<\/strong><\/p>\n<ol style=\"text-align: justify;\">\n<li>Hames, R. Ruiz, C. Scarlata, A. Sluiter, J. Sluiter, D. Templeton. Preparation of Samples for Compositional Analysis. Technical Report. NREL\/TP-510-42620, 2008.<\/li>\n<li>Sluiter, B. Hames, R. Ruiz, C. Scarlata, J. Sluiter, D. Templeton. Determination of Ash in Biomass. Technical Report. NREL\/TP-510-42622, 2008.<\/li>\n<li>Sluiter, B. Hames, D. Hyman, C. Payne, R. Ruiz, C. Scarlata, J. Sluiter, D. Templeton, J. Wolfe. Determination of Total Solids in Biomass and Total Dissolved Solids in Liquid Process Samples. Technical Report. NREL\/TP-510-42621, 2008.<\/li>\n<li>Buchanan. Solvent extractives of wood and pulp. TAPPI \u2013 T 204 cm-97, 2007.<\/li>\n<li>Sluiter, B. Hames, R. Ruiz, C. Scarlata, J. Sluiter, D. Templeton, D. Crocker. Determination of Structural Carbohydrates and Lignin in Biomass. Technical Report. NREL\/TP-510-42618, 2012.<\/li>\n<\/ol>\n<p>[\/vc_column_text][\/vc_column_inner][\/vc_row_inner][\/vc_column][vc_column width=&#8221;1\/4&#8243;][vc_accordion active_tab=&#8221;false&#8221; collapsible=&#8221;yes&#8221; style=&#8221;2&#8243;][vc_accordion_tab title=&#8221;IND\u00daSTRIA&#8221;][vc_custom_heading text=&#8221;Inova\u00e7\u00e3o&#8221; font_container=&#8221;tag:p|text_align:left&#8221; google_fonts=&#8221;font_family:Open%20Sans%3A300%2C300italic%2Cregular%2Citalic%2C600%2C600italic%2C700%2C700italic%2C800%2C800italic|font_style:400%20regular%3A400%3Anormal&#8221; link=&#8221;url:https%3A%2F%2Flnbr.cnpem.br%2Fpt-br%2Finovacao%2F|title:LNBR%20%7C%20Inova%C3%A7%C3%A3o&#8221;][vc_custom_heading text=&#8221;BioValue&#8221; font_container=&#8221;tag:p|text_align:left&#8221; google_fonts=&#8221;font_family:Open%20Sans%3A300%2C300italic%2Cregular%2Citalic%2C600%2C600italic%2C700%2C700italic%2C800%2C800italic|font_style:400%20regular%3A400%3Anormal&#8221; link=&#8221;url:https%3A%2F%2Flnbr.cnpem.br%2Fpt-br%2Fbiovalue%2F|title:LNBR%20%7C%20BioValue&#8221;][vc_custom_heading text=&#8221;Projeto SUCRE&#8221; font_container=&#8221;tag:p|text_align:left&#8221; google_fonts=&#8221;font_family:Open%20Sans%3A300%2C300italic%2Cregular%2Citalic%2C600%2C600italic%2C700%2C700italic%2C800%2C800italic|font_style:400%20regular%3A400%3Anormal&#8221; link=&#8221;url:https%3A%2F%2Flnbr.cnpem.br%2Fpt-br%2Fsucre%2F|title:LNBR%20%7C%20Projeto%20SUCRE&#8221;][\/vc_accordion_tab][\/vc_accordion]<div class=\"hr-thin style-line\" style=\"width: 100%;border-color: #606060;border-top-width: 5px;\"><\/div>[vc_accordion active_tab=&#8221;1&#8243; collapsible=&#8221;yes&#8221; style=&#8221;2&#8243;][vc_accordion_tab title=&#8221;BIOVALUE&#8221;][vc_column_text]<a href=\"https:\/\/lnbr.cnpem.br\/pt-br\/biovalue\/biomassas\/\">Biomassas<\/a><br \/>\n<a href=\"https:\/\/lnbr.cnpem.br\/pt-br\/biovalue\/produtos\/\">Produtos<\/a><br \/>\n<a href=\"https:\/\/lnbr.cnpem.br\/pt-br\/biovalue\/rotas-tecnologicas\/\">Rotas Tecnol\u00f3gicas<\/a><br \/>\n<a href=\"https:\/\/lnbr.cnpem.br\/pt-br\/biovalue\/disseminacao\/\">Dissemina\u00e7\u00e3o<\/a><br \/>\n<a href=\"https:\/\/lnbr.cnpem.br\/pt-br\/biovalue\/instalacoes\/\">Instala\u00e7\u00f5es<\/a><br \/>\n<a href=\"https:\/\/lnbr.cnpem.br\/pt-br\/biovalue\/ferramentas\/\">Ferramentas<\/a>[\/vc_column_text][\/vc_accordion_tab][\/vc_accordion]<div class=\"hr-thin style-line\" style=\"width: 100%;border-color: #606060;border-top-width: 5px;\"><\/div>[vc_accordion active_tab=&#8221;1&#8243; collapsible=&#8221;yes&#8221; style=&#8221;2&#8243;][vc_accordion_tab title=&#8221;FALE CONOSCO&#8221;][vc_column_text]<strong>Coordena\u00e7\u00e3o do BioValue<br \/>\n<\/strong>Antonio Bonomi<br \/>\n<a href=\"mailto:lnbr.dir@lnbr.cnpem.br\">lnbr.dir@lnbr.cnpem.br<\/a><\/p>\n<p><strong><a href=\"http:\/\/www.becoolproject.eu\/\" target=\"_blank\" rel=\"noopener noreferrer\">BECOOL<\/a><br \/>\n<\/strong>Parceiro Europeu do BioValue<br \/>\n<a href=\"mailto:info@becoolproject.eu\">info@becoolproject.eu<\/a>[\/vc_column_text][\/vc_accordion_tab][\/vc_accordion]<div class=\"hr-thin style-line\" style=\"width: 100%;border-color: #606060;border-top-width: 5px;\"><\/div>[vc_accordion active_tab=&#8221;false&#8221; collapsible=&#8221;yes&#8221; style=&#8221;2&#8243;][vc_accordion_tab title=&#8221;SHARE&#8221;][vc_column_text]<\/p>\n<div class=\"single-share-box\">\n<div class=\"share-buttons\"><a class=\"linkedin\" title=\"LinkedIn\" href=\"https:\/\/www.linkedin.com\/shareArticle?mini=true&amp;url=https%3A%2F%2Fpages.cnpem.br%2Flnbrteste%2Flideranca%2F&amp;title=Lideran%C3%A7a&amp;summary=&amp;source=LNBR\" target=\"_blank\" rel=\"noopener noreferrer\"><span class=\"social-text\">Share on LinkedIn<\/span><span class=\"screen-reader-text\">Share on LinkedIn<\/span><\/a><br \/>\n<a class=\"facebook\" title=\"Facebook\" href=\"http:\/\/www.facebook.com\/sharer.php?u=https%3A%2F%2Fpages.cnpem.br%2Flnbrteste%2Flideranca%2F&amp;t=Lideran%C3%A7a\" target=\"_blank\" rel=\"noopener noreferrer\"><span class=\"social-text\">Share on Facebook<\/span><span class=\"screen-reader-text\">Share on Facebook<\/span><\/a><br \/>\n<a class=\"twitter\" title=\"Twitter\" href=\"https:\/\/twitter.com\/share?url=https%3A%2F%2Fpages.cnpem.br%2Flnbrteste%2Flideranca%2F&amp;text=Lideran%C3%A7a\" target=\"_blank\" rel=\"noopener noreferrer\"><span class=\"social-text\">Tweet<\/span><span class=\"screen-reader-text\">Share on Twitter<\/span><\/a><br \/>\n<a class=\"whatsapp\" title=\"WhatsApp\" href=\"https:\/\/api.whatsapp.com\/send?text=Lideran%C3%A7a%20-%20https%3A%2F%2Fpages.cnpem.br%2Flnbrteste%2Flideranca%2F\" target=\"_blank\" rel=\"noopener noreferrer\" data-action=\"share\/whatsapp\/share\"><span class=\"social-text\">Share on WhatsApp<\/span><span class=\"screen-reader-text\">Share on WhatsApp<\/span><\/a><\/div>\n<p><!-- #content --><\/p>\n<\/div>\n<p>[\/vc_column_text][\/vc_accordion_tab][\/vc_accordion]<div class=\"hr-thin style-line\" style=\"width: 100%;border-color: #606060;border-top-width: 5px;\"><\/div>[\/vc_column][\/vc_row]<\/p>\n<\/section>","protected":false},"excerpt":{"rendered":"<p>[vc_row][vc_column width=&#8221;3\/4&#8243;][vc_row_inner][vc_column_inner][vc_column_text] Caracteriza\u00e7\u00e3o de biomassas florestais Os principais componentes qu\u00edmicos da biomassa florestal s\u00e3o a celulose, hemicelulose, lignina, al\u00e9m de cinzas e extrativos. Os procedimentos para caracteriza\u00e7\u00e3o desse tipo de biomassa mais utilizados mundialmente s\u00e3o TAPPI (Technical Association of the Pulp and Paper Industry) e NREL (National Renewable Energy Laboratory). O fluxograma abaixo ilustra as&hellip;<\/p>\n","protected":false},"author":3,"featured_media":0,"parent":48007,"menu_order":0,"comment_status":"closed","ping_status":"closed","template":"","meta":{"_acf_changed":false,"_monsterinsights_skip_tracking":false,"_monsterinsights_sitenote_active":false,"_monsterinsights_sitenote_note":"","_monsterinsights_sitenote_category":0,"footnotes":"","_links_to":"","_links_to_target":""},"class_list":["post-48012","page","type-page","status-publish","hentry","description-off"],"acf":[],"_links":{"self":[{"href":"https:\/\/lnbr.cnpem.br\/en\/wp-json\/wp\/v2\/pages\/48012","targetHints":{"allow":["GET"]}}],"collection":[{"href":"https:\/\/lnbr.cnpem.br\/en\/wp-json\/wp\/v2\/pages"}],"about":[{"href":"https:\/\/lnbr.cnpem.br\/en\/wp-json\/wp\/v2\/types\/page"}],"author":[{"embeddable":true,"href":"https:\/\/lnbr.cnpem.br\/en\/wp-json\/wp\/v2\/users\/3"}],"replies":[{"embeddable":true,"href":"https:\/\/lnbr.cnpem.br\/en\/wp-json\/wp\/v2\/comments?post=48012"}],"version-history":[{"count":0,"href":"https:\/\/lnbr.cnpem.br\/en\/wp-json\/wp\/v2\/pages\/48012\/revisions"}],"up":[{"embeddable":true,"href":"https:\/\/lnbr.cnpem.br\/en\/wp-json\/wp\/v2\/pages\/48007"}],"wp:attachment":[{"href":"https:\/\/lnbr.cnpem.br\/en\/wp-json\/wp\/v2\/media?parent=48012"}],"curies":[{"name":"wp","href":"https:\/\/api.w.org\/{rel}","templated":true}]}}