{"id":48153,"date":"2021-02-08T17:53:17","date_gmt":"2021-02-08T17:53:17","guid":{"rendered":"https:\/\/lnbr.cnpem.br\/?page_id=48153"},"modified":"2021-04-01T12:22:49","modified_gmt":"2021-04-01T12:22:49","slug":"gasolina-verde","status":"publish","type":"page","link":"https:\/\/lnbr.cnpem.br\/biovalue\/produtos\/gasolina-verde\/","title":{"rendered":"LNBR | BioValue &#8211; Gasolina Verde"},"content":{"rendered":"<section class=\"wpb-content-wrapper\"><p>[vc_row][vc_column width=&#8221;3\/4&#8243;][vc_row_inner][vc_column_inner][vc_column_text]<\/p>\n<p style=\"text-align: justify;\"><strong>Defini\u00e7\u00e3o e normatiza\u00e7\u00e3o de Gasolina Verde<\/strong><\/p>\n<p style=\"text-align: justify;\">Dentre os biocombust\u00edveis avan\u00e7ados estudados no Projeto BioValue, a Gasolina Verde, obtida como coproduto do Bioquerosene de Avia\u00e7\u00e3o atrav\u00e9s das rotas de Fischer-Tropsch e de coprocessamento de bio-\u00f3leo em unidades FCC \u00e9 tamb\u00e9m valorada na avalia\u00e7\u00e3o da cadeia produtiva e, portanto, a sua normatiza\u00e7\u00e3o \u00e9 um dos objetos de estudo do Projeto. A Gasolina Verde ainda n\u00e3o se encontra em processo de regulamenta\u00e7\u00e3o na ANP. As Resolu\u00e7\u00f5es ANP vigentes s\u00e3o aquelas referentes \u00e0 gasolina de avia\u00e7\u00e3o <a href=\"https:\/\/atosoficiais.com.br\/anp\/resolucao-n-5-2009?origin=instituicao&amp;q=5\/2009\"><strong>(Resolu\u00e7\u00e3o N\u00ba 5\/2009)<\/strong><\/a> e \u00e0 gasolina de uso automotivo <a href=\"https:\/\/atosoficiais.com.br\/anp\/resolucao-n-807-2020-estabelece-a-especificacao-da-gasolina-de-uso-automotivo-e-as-obrigacoes-quanto-ao-controle-da-qualidade-a-serem-atendidas-pelos-agentes-economicos-que-comercializarem-o-produto-em-todo-o-territorio-nacional?origin=instituicao&amp;q=807\/2020\"><strong>(Resolu\u00e7\u00e3o N\u00ba 807\/2020)<\/strong><\/a>. Uma atualiza\u00e7\u00e3o destas duas Normas foi publicada na <strong><a href=\"https:\/\/atosoficiais.com.br\/anp\/resolucao-n-828-2020-dispoe-sobre-as-informacoes-constantes-dos-documentos-da-qualidade-e-o-envio-dos-dados-da-qualidade-dos-combustiveis-produzidos-no-territorio-nacional-ou-importados-e-da-outras-providencias?origin=instituicao\">Resolu\u00e7\u00e3o N\u00ba 828\/2020<\/a><\/strong> e \u201cdisp\u00f5e sobre as informa\u00e7\u00f5es constantes dos documentos da qualidade e o envio dos dados da qualidade dos combust\u00edveis produzidos no territ\u00f3rio nacional ou importados e d\u00e1 outras provid\u00eancias.\u201d<\/p>\n<p><strong>Refer\u00eancias Bibliogr\u00e1ficas Fundamentais<\/strong><\/p>\n<p><a href=\"https:\/\/www.irena.org\/-\/media\/Files\/IRENA\/Agency\/Publication\/2019\/Nov\/IRENA_Advanced-biofuels_2019.pdf\">Advanced biofuels: What holds them back?<\/a><\/p>\n<p><a href=\"https:\/\/www.sciencedirect.com\/science\/article\/pii\/S0016236120329562\">Techno-economic analysis for co-processing fast pyrolysis liquid with vacuum gasoil in FCC units for second-generation biofuel production<\/a>[\/vc_column_text][\/vc_column_inner][\/vc_row_inner][vc_row_inner disable_element=&#8221;yes&#8221;][vc_column_inner width=&#8221;1\/4&#8243;]<style type=\"text\/css\" data-type=\"the7_shortcodes-inline-css\">.shortcode-single-image-wrap.shortcode-single-image-2bc59d2d4fb1e6a532f9b9b66bbdc975.enable-bg-rollover .rollover i,\n.shortcode-single-image-wrap.shortcode-single-image-2bc59d2d4fb1e6a532f9b9b66bbdc975.enable-bg-rollover .rollover-video i {\n  background: -webkit-linear-gradient();\n  background: linear-gradient();\n}\n.shortcode-single-image-wrap.shortcode-single-image-2bc59d2d4fb1e6a532f9b9b66bbdc975 .rollover-icon {\n  font-size: 32px;\n  color: #ffffff;\n  min-width: 44px;\n  min-height: 44px;\n  line-height: 44px;\n  border-radius: 100px;\n  border-style: solid;\n  border-width: 0px;\n}\n.dt-icon-bg-on.shortcode-single-image-wrap.shortcode-single-image-2bc59d2d4fb1e6a532f9b9b66bbdc975 .rollover-icon {\n  background: rgba(255,255,255,0.3);\n  box-shadow: none;\n}\n<\/style><div class=\"shortcode-single-image-wrap shortcode-single-image-2bc59d2d4fb1e6a532f9b9b66bbdc975 alignnone  enable-bg-rollover dt-icon-bg-off\" style=\"margin-top:0px; margin-bottom:0px; margin-left:0px; margin-right:0px; width:200px;\"><div class=\"shortcode-single-image\"><div class=\"fancy-media-wrap\" style=\"\"><a class=\"layzr-bg rollover rollover-zoom dt-pswp-item pswp-image\" href=\"https:\/\/lnbr.cnpem.br\/wp-content\/uploads\/2020\/07\/BioValue-3.jpg\" title=\"\" data-dt-img-description=\"\" data-large_image_width=\"1200\" data-large_image_height = \"800\"  style=\"\"><img decoding=\"async\" class=\"preload-me lazy-load aspect\" src=\"data:image\/svg+xml,%3Csvg%20xmlns%3D&#39;http%3A%2F%2Fwww.w3.org%2F2000%2Fsvg&#39;%20viewBox%3D&#39;0%200%20200%20200&#39;%2F%3E\" data-src=\"https:\/\/lnbr.cnpem.br\/wp-content\/uploads\/2020\/07\/BioValue-3-200x200.jpg\" data-srcset=\"https:\/\/lnbr.cnpem.br\/wp-content\/uploads\/2020\/07\/BioValue-3-200x200.jpg 200w, https:\/\/lnbr.cnpem.br\/wp-content\/uploads\/2020\/07\/BioValue-3-400x400.jpg 400w\" loading=\"eager\" style=\"--ratio: 200 \/ 200\" sizes=\"(max-width: 200px) 100vw, 200px\" width=\"200\" height=\"200\"  data-dt-location=\"https:\/\/lnbr.cnpem.br\/en\/biovalue-3\/\" alt=\"\" \/><\/a><\/div><\/div><\/div><style type=\"text\/css\" data-type=\"the7_shortcodes-inline-css\">#default-btn-d67d08c3f27beb344638fb59e6d536d5.ico-right-side > i {\n  margin-right: 0px;\n  margin-left: 8px;\n}\n#default-btn-d67d08c3f27beb344638fb59e6d536d5 > i {\n  margin-right: 8px;\n}\n<\/style><div class=\"btn-align-center\"><a href=\"https:\/\/lnbr.cnpem.br\/wp-content\/uploads\/2020\/06\/SUCRE-Project-Final-Report.pdf\" class=\"default-btn-shortcode dt-btn dt-btn-s link-hover-off full-width-btn  vc_custom_1607000268002\" target=\"_blank\" id=\"default-btn-d67d08c3f27beb344638fb59e6d536d5\" rel=\"noopener\"><i class=\"icomoon-the7-font-the7-arrow-29-2\"><\/i><span>ROTAS INTEGRADAS<\/span><\/a><\/div>[\/vc_column_inner][vc_column_inner width=&#8221;1\/4&#8243;]<style type=\"text\/css\" data-type=\"the7_shortcodes-inline-css\">.shortcode-single-image-wrap.shortcode-single-image-2bc59d2d4fb1e6a532f9b9b66bbdc975.enable-bg-rollover .rollover i,\n.shortcode-single-image-wrap.shortcode-single-image-2bc59d2d4fb1e6a532f9b9b66bbdc975.enable-bg-rollover .rollover-video i {\n  background: -webkit-linear-gradient();\n  background: linear-gradient();\n}\n.shortcode-single-image-wrap.shortcode-single-image-2bc59d2d4fb1e6a532f9b9b66bbdc975 .rollover-icon {\n  font-size: 32px;\n  color: #ffffff;\n  min-width: 44px;\n  min-height: 44px;\n  line-height: 44px;\n  border-radius: 100px;\n  border-style: solid;\n  border-width: 0px;\n}\n.dt-icon-bg-on.shortcode-single-image-wrap.shortcode-single-image-2bc59d2d4fb1e6a532f9b9b66bbdc975 .rollover-icon {\n  background: rgba(255,255,255,0.3);\n  box-shadow: none;\n}\n<\/style><div class=\"shortcode-single-image-wrap shortcode-single-image-2bc59d2d4fb1e6a532f9b9b66bbdc975 alignnone  enable-bg-rollover dt-icon-bg-off\" style=\"margin-top:0px; margin-bottom:0px; margin-left:0px; margin-right:0px; width:200px;\"><div class=\"shortcode-single-image\"><div class=\"fancy-media-wrap\" style=\"\"><a class=\"layzr-bg rollover rollover-zoom dt-pswp-item pswp-image\" href=\"https:\/\/lnbr.cnpem.br\/wp-content\/uploads\/2020\/07\/BioValue-3.jpg\" title=\"\" data-dt-img-description=\"\" data-large_image_width=\"1200\" data-large_image_height = \"800\"  style=\"\"><img decoding=\"async\" class=\"preload-me lazy-load aspect\" src=\"data:image\/svg+xml,%3Csvg%20xmlns%3D&#39;http%3A%2F%2Fwww.w3.org%2F2000%2Fsvg&#39;%20viewBox%3D&#39;0%200%20200%20200&#39;%2F%3E\" data-src=\"https:\/\/lnbr.cnpem.br\/wp-content\/uploads\/2020\/07\/BioValue-3-200x200.jpg\" data-srcset=\"https:\/\/lnbr.cnpem.br\/wp-content\/uploads\/2020\/07\/BioValue-3-200x200.jpg 200w, https:\/\/lnbr.cnpem.br\/wp-content\/uploads\/2020\/07\/BioValue-3-400x400.jpg 400w\" loading=\"eager\" style=\"--ratio: 200 \/ 200\" sizes=\"(max-width: 200px) 100vw, 200px\" width=\"200\" height=\"200\"  data-dt-location=\"https:\/\/lnbr.cnpem.br\/en\/biovalue-3\/\" alt=\"\" \/><\/a><\/div><\/div><\/div><style type=\"text\/css\" data-type=\"the7_shortcodes-inline-css\">#default-btn-b8386e12aaa2ad3bc0c0763d00f8ce1d.ico-right-side > i {\n  margin-right: 0px;\n  margin-left: 8px;\n}\n#default-btn-b8386e12aaa2ad3bc0c0763d00f8ce1d > i {\n  margin-right: 8px;\n}\n<\/style><div class=\"btn-align-center\"><a href=\"https:\/\/lnbr.cnpem.br\/wp-content\/uploads\/2020\/06\/SUCRE-Project-Final-Report.pdf\" class=\"default-btn-shortcode dt-btn dt-btn-s link-hover-off full-width-btn  vc_custom_1607000257047\" target=\"_blank\" id=\"default-btn-b8386e12aaa2ad3bc0c0763d00f8ce1d\" rel=\"noopener\"><i class=\"icomoon-the7-font-the7-arrow-29-2\"><\/i><span>ROTAS BIOQU\u00cdMICAS<\/span><\/a><\/div>[\/vc_column_inner][vc_column_inner width=&#8221;1\/4&#8243;][\/vc_column_inner][vc_column_inner width=&#8221;1\/4&#8243;][\/vc_column_inner][\/vc_row_inner][\/vc_column][vc_column width=&#8221;1\/4&#8243;][vc_accordion active_tab=&#8221;false&#8221; collapsible=&#8221;yes&#8221; style=&#8221;2&#8243;][vc_accordion_tab title=&#8221;IND\u00daSTRIA&#8221;][vc_custom_heading text=&#8221;Inova\u00e7\u00e3o&#8221; font_container=&#8221;tag:p|text_align:left&#8221; google_fonts=&#8221;font_family:Open%20Sans%3A300%2C300italic%2Cregular%2Citalic%2C600%2C600italic%2C700%2C700italic%2C800%2C800italic|font_style:400%20regular%3A400%3Anormal&#8221; link=&#8221;url:https%3A%2F%2Flnbr.cnpem.br%2Fpt-br%2Finovacao%2F|title:LNBR%20%7C%20Inova%C3%A7%C3%A3o&#8221;][vc_custom_heading text=&#8221;BioValue&#8221; font_container=&#8221;tag:p|text_align:left&#8221; google_fonts=&#8221;font_family:Open%20Sans%3A300%2C300italic%2Cregular%2Citalic%2C600%2C600italic%2C700%2C700italic%2C800%2C800italic|font_style:400%20regular%3A400%3Anormal&#8221; link=&#8221;url:https%3A%2F%2Flnbr.cnpem.br%2Fpt-br%2Fbiovalue%2F|title:LNBR%20%7C%20BioValue&#8221;][vc_custom_heading text=&#8221;Projeto SUCRE&#8221; font_container=&#8221;tag:p|text_align:left&#8221; google_fonts=&#8221;font_family:Open%20Sans%3A300%2C300italic%2Cregular%2Citalic%2C600%2C600italic%2C700%2C700italic%2C800%2C800italic|font_style:400%20regular%3A400%3Anormal&#8221; link=&#8221;url:https%3A%2F%2Flnbr.cnpem.br%2Fpt-br%2Fsucre%2F|title:LNBR%20%7C%20Projeto%20SUCRE&#8221;][\/vc_accordion_tab][\/vc_accordion]<div class=\"hr-thin style-line\" style=\"width: 100%;border-color: #606060;border-top-width: 5px;\"><\/div>[vc_accordion active_tab=&#8221;1&#8243; collapsible=&#8221;yes&#8221; style=&#8221;2&#8243;][vc_accordion_tab title=&#8221;BIOVALUE&#8221;][vc_column_text]<a href=\"https:\/\/lnbr.cnpem.br\/pt-br\/biovalue\/biomassas\/\">Biomassas<\/a><br \/>\n<a href=\"https:\/\/lnbr.cnpem.br\/pt-br\/biovalue\/produtos\/\">Produtos<\/a><br \/>\n<a href=\"https:\/\/lnbr.cnpem.br\/pt-br\/biovalue\/rotas-tecnologicas\/\">Rotas Tecnol\u00f3gicas<\/a><br \/>\n<a href=\"https:\/\/lnbr.cnpem.br\/pt-br\/biovalue\/disseminacao\/\">Dissemina\u00e7\u00e3o<\/a><br \/>\n<a href=\"https:\/\/lnbr.cnpem.br\/pt-br\/biovalue\/instalacoes\/\">Instala\u00e7\u00f5es<\/a><br \/>\n<a href=\"https:\/\/lnbr.cnpem.br\/pt-br\/biovalue\/ferramentas\/\">Ferramentas<\/a>[\/vc_column_text][\/vc_accordion_tab][\/vc_accordion]<div class=\"hr-thin style-line\" style=\"width: 100%;border-color: #606060;border-top-width: 5px;\"><\/div>[vc_accordion active_tab=&#8221;1&#8243; collapsible=&#8221;yes&#8221; style=&#8221;2&#8243;][vc_accordion_tab title=&#8221;FALE CONOSCO&#8221;][vc_column_text]<strong>Coordena\u00e7\u00e3o do BioValue<br \/>\n<\/strong>Antonio Bonomi<br \/>\n<a href=\"mailto:lnbr.dir@lnbr.cnpem.br\">lnbr.dir@lnbr.cnpem.br<\/a><\/p>\n<p><strong><a href=\"http:\/\/www.becoolproject.eu\/\" target=\"_blank\" rel=\"noopener noreferrer\">BECOOL<\/a><br \/>\n<\/strong>Parceiro Europeu do BioValue<br \/>\n<a href=\"mailto:info@becoolproject.eu\">info@becoolproject.eu<\/a>[\/vc_column_text][\/vc_accordion_tab][\/vc_accordion]<div class=\"hr-thin style-line\" style=\"width: 100%;border-color: #606060;border-top-width: 5px;\"><\/div>[vc_accordion active_tab=&#8221;false&#8221; collapsible=&#8221;yes&#8221; style=&#8221;2&#8243;][vc_accordion_tab title=&#8221;SHARE&#8221;][vc_column_text]<\/p>\n<div class=\"single-share-box\">\n<div class=\"share-buttons\"><a class=\"linkedin\" title=\"LinkedIn\" href=\"https:\/\/www.linkedin.com\/shareArticle?mini=true&amp;url=https%3A%2F%2Fpages.cnpem.br%2Flnbrteste%2Flideranca%2F&amp;title=Lideran%C3%A7a&amp;summary=&amp;source=LNBR\" target=\"_blank\" rel=\"noopener noreferrer\"><span class=\"social-text\">Share on LinkedIn<\/span><span class=\"screen-reader-text\">Share on LinkedIn<\/span><\/a><br \/>\n<a class=\"facebook\" title=\"Facebook\" href=\"http:\/\/www.facebook.com\/sharer.php?u=https%3A%2F%2Fpages.cnpem.br%2Flnbrteste%2Flideranca%2F&amp;t=Lideran%C3%A7a\" target=\"_blank\" rel=\"noopener noreferrer\"><span class=\"social-text\">Share on Facebook<\/span><span class=\"screen-reader-text\">Share on Facebook<\/span><\/a><br \/>\n<a class=\"twitter\" title=\"Twitter\" href=\"https:\/\/twitter.com\/share?url=https%3A%2F%2Fpages.cnpem.br%2Flnbrteste%2Flideranca%2F&amp;text=Lideran%C3%A7a\" target=\"_blank\" rel=\"noopener noreferrer\"><span class=\"social-text\">Tweet<\/span><span class=\"screen-reader-text\">Share on Twitter<\/span><\/a><br \/>\n<a class=\"whatsapp\" title=\"WhatsApp\" href=\"https:\/\/api.whatsapp.com\/send?text=Lideran%C3%A7a%20-%20https%3A%2F%2Fpages.cnpem.br%2Flnbrteste%2Flideranca%2F\" target=\"_blank\" rel=\"noopener noreferrer\" data-action=\"share\/whatsapp\/share\"><span class=\"social-text\">Share on WhatsApp<\/span><span class=\"screen-reader-text\">Share on WhatsApp<\/span><\/a><\/div>\n<p><!-- #content --><\/p>\n<\/div>\n<p>[\/vc_column_text][\/vc_accordion_tab][\/vc_accordion]<div class=\"hr-thin style-line\" style=\"width: 100%;border-color: #606060;border-top-width: 5px;\"><\/div>[\/vc_column][\/vc_row]<\/p>\n<\/section>","protected":false},"excerpt":{"rendered":"<p>[vc_row][vc_column width=&#8221;3\/4&#8243;][vc_row_inner][vc_column_inner][vc_column_text] Defini\u00e7\u00e3o e normatiza\u00e7\u00e3o de Gasolina Verde Dentre os biocombust\u00edveis avan\u00e7ados estudados no Projeto BioValue, a Gasolina Verde, obtida como coproduto do Bioquerosene de Avia\u00e7\u00e3o atrav\u00e9s das rotas de Fischer-Tropsch e de coprocessamento de bio-\u00f3leo em unidades FCC \u00e9 tamb\u00e9m valorada na avalia\u00e7\u00e3o da cadeia produtiva e, portanto, a sua normatiza\u00e7\u00e3o \u00e9 um dos&hellip;<\/p>\n","protected":false},"author":3,"featured_media":0,"parent":47981,"menu_order":0,"comment_status":"closed","ping_status":"closed","template":"","meta":{"_acf_changed":false,"_monsterinsights_skip_tracking":false,"_monsterinsights_sitenote_active":false,"_monsterinsights_sitenote_note":"","_monsterinsights_sitenote_category":0,"footnotes":"","_links_to":"","_links_to_target":""},"class_list":["post-48153","page","type-page","status-publish","hentry","description-off"],"acf":[],"_links":{"self":[{"href":"https:\/\/lnbr.cnpem.br\/en\/wp-json\/wp\/v2\/pages\/48153","targetHints":{"allow":["GET"]}}],"collection":[{"href":"https:\/\/lnbr.cnpem.br\/en\/wp-json\/wp\/v2\/pages"}],"about":[{"href":"https:\/\/lnbr.cnpem.br\/en\/wp-json\/wp\/v2\/types\/page"}],"author":[{"embeddable":true,"href":"https:\/\/lnbr.cnpem.br\/en\/wp-json\/wp\/v2\/users\/3"}],"replies":[{"embeddable":true,"href":"https:\/\/lnbr.cnpem.br\/en\/wp-json\/wp\/v2\/comments?post=48153"}],"version-history":[{"count":0,"href":"https:\/\/lnbr.cnpem.br\/en\/wp-json\/wp\/v2\/pages\/48153\/revisions"}],"up":[{"embeddable":true,"href":"https:\/\/lnbr.cnpem.br\/en\/wp-json\/wp\/v2\/pages\/47981"}],"wp:attachment":[{"href":"https:\/\/lnbr.cnpem.br\/en\/wp-json\/wp\/v2\/media?parent=48153"}],"curies":[{"name":"wp","href":"https:\/\/api.w.org\/{rel}","templated":true}]}}