{"id":48397,"date":"2021-07-19T19:16:24","date_gmt":"2021-07-19T19:16:24","guid":{"rendered":"https:\/\/lnbr.cnpem.br\/?page_id=48397"},"modified":"2021-07-20T13:38:38","modified_gmt":"2021-07-20T13:38:38","slug":"sustentabilidade","status":"publish","type":"page","link":"https:\/\/lnbr.cnpem.br\/sustentabilidade\/","title":{"rendered":"LNBR | Sustentabilidade"},"content":{"rendered":"<section class=\"wpb-content-wrapper\"><p>[vc_row][vc_column width=&#8221;3\/4&#8243;][vc_row_inner gap=&#8221;10&#8243; css=&#8221;.vc_custom_1626780633451{margin-top: 3px !important;margin-bottom: 3px !important;border-top-width: 3px !important;border-bottom-width: 3px !important;padding-top: 3px !important;padding-bottom: 3px !important;}&#8221;][vc_column_inner width=&#8221;1\/2&#8243; css=&#8221;.vc_custom_1626780626606{margin-top: 3px !important;margin-bottom: 3px !important;border-top-width: 3px !important;border-bottom-width: 3px !important;padding-top: 3px !important;padding-bottom: 3px !important;background-color: #1e73be !important;}&#8221;][vc_column_text css=&#8221;.vc_custom_1626781651716{margin-top: 3px !important;margin-bottom: 3px !important;border-top-width: 3px !important;border-bottom-width: 3px !important;padding-top: 3px !important;padding-bottom: 3px !important;}&#8221;]<span style=\"font-size: 10pt;\"><strong><span style=\"color: #ffffff;\">ESTUDO EM DESTAQUE<\/span><\/strong><\/span>[\/vc_column_text]<style type=\"text\/css\" data-type=\"the7_shortcodes-inline-css\">.shortcode-single-image-wrap.shortcode-single-image-90b80b04031d7802ddc056d8e8b41f56.enable-bg-rollover .rollover i,\n.shortcode-single-image-wrap.shortcode-single-image-90b80b04031d7802ddc056d8e8b41f56.enable-bg-rollover .rollover-video i {\n  background: -webkit-linear-gradient();\n  background: linear-gradient();\n}\n.shortcode-single-image-wrap.shortcode-single-image-90b80b04031d7802ddc056d8e8b41f56 .rollover-icon {\n  font-size: 32px;\n  color: #ffffff;\n  min-width: 44px;\n  min-height: 44px;\n  line-height: 44px;\n  border-radius: 100px;\n  border-style: solid;\n  border-width: 0px;\n}\n.dt-icon-bg-on.shortcode-single-image-wrap.shortcode-single-image-90b80b04031d7802ddc056d8e8b41f56 .rollover-icon {\n  background: rgba(255,255,255,0.3);\n  box-shadow: none;\n}\n<\/style><div class=\"shortcode-single-image-wrap shortcode-single-image-90b80b04031d7802ddc056d8e8b41f56 alignnone  enable-bg-rollover dt-icon-bg-off\" style=\"margin-top:0px; margin-bottom:0px; margin-left:0px; margin-right:0px; width:500px;\"><div class=\"shortcode-single-image\"><div class=\"fancy-media-wrap\" style=\"\"><a href=\"https:\/\/lnbr.cnpem.br\/estudo-do-cnpem-propoe-novo-fator-para-calculo-de-emissoes-de-carbono-do-etanol-de-cana-de-acucar-no-brasil\/\" class=\" layzr-bg rollover\" style=\"\" target=\"_blank\" rel=\"noopener\" aria-label=\"Image\"><img fetchpriority=\"high\" decoding=\"async\" class=\"preload-me lazy-load aspect\" src=\"data:image\/svg+xml,%3Csvg%20xmlns%3D&#39;http%3A%2F%2Fwww.w3.org%2F2000%2Fsvg&#39;%20viewBox%3D&#39;0%200%20500%20500&#39;%2F%3E\" data-src=\"https:\/\/lnbr.cnpem.br\/wp-content\/uploads\/2021\/07\/Imagem1-fator-carbono-solo-500x500.jpg\" data-srcset=\"https:\/\/lnbr.cnpem.br\/wp-content\/uploads\/2021\/07\/Imagem1-fator-carbono-solo-500x500.jpg 500w, https:\/\/lnbr.cnpem.br\/wp-content\/uploads\/2021\/07\/Imagem1-fator-carbono-solo-1000x1000.jpg 1000w\" loading=\"eager\" style=\"--ratio: 500 \/ 500\" sizes=\"(max-width: 500px) 100vw, 500px\" width=\"500\" height=\"500\"  data-dt-location=\"https:\/\/lnbr.cnpem.br\/en\/sustentabilidade\/imagem1-fator-carbono-solo\/\" alt=\"\" \/><\/a><\/div><\/div><\/div>[vc_empty_space][vc_column_text]<span style=\"font-size: 20pt; color: #ffffff;\"><strong>19% menos GEE: c\u00e1lculo regionalizado revisa emiss\u00f5es do etanol no Brasil<\/strong><\/span><\/p>\n<p><span style=\"color: #ffffff;\">Estudo coordenado pelo LNBR\/CNPEM utiliza dados regionalizados para sustentar fator de emiss\u00e3o com pegada de carbono 19% menor do que a m\u00e9dia calculada pelo IPCC; pesquisa utilizou dados publicados entre 2013 e 2020<\/span>[\/vc_column_text][vc_btn title=&#8221;LEIA AGORA&#8221; shape=&#8221;square&#8221; color=&#8221;white&#8221; size=&#8221;lg&#8221; i_type=&#8221;the7&#8243; i_icon_the7=&#8221;icomoon-the7-font-the7-arrow-11&#8243; add_icon=&#8221;true&#8221; link=&#8221;url:https%3A%2F%2Flnbr.cnpem.br%2Festudo-do-cnpem-propoe-novo-fator-para-calculo-de-emissoes-de-carbono-do-etanol-de-cana-de-acucar-no-brasil%2F&#8221;][\/vc_column_inner][vc_column_inner width=&#8221;1\/2&#8243; css=&#8221;.vc_custom_1626780659745{margin-top: 3px !important;margin-bottom: 3px !important;border-top-width: 3px !important;border-bottom-width: 3px !important;padding-top: 3px !important;padding-bottom: 3px !important;background-color: #81d742 !important;}&#8221;][vc_column_text css=&#8221;.vc_custom_1626781651716{margin-top: 3px !important;margin-bottom: 3px !important;border-top-width: 3px !important;border-bottom-width: 3px !important;padding-top: 3px !important;padding-bottom: 3px !important;}&#8221;]<span style=\"font-size: 10pt;\"><strong><span style=\"color: #ffffff;\">ESTUDO EM DESTAQUE<\/span><\/strong><\/span>[\/vc_column_text]<style type=\"text\/css\" data-type=\"the7_shortcodes-inline-css\">.shortcode-single-image-wrap.shortcode-single-image-981939ac4f6e7799aa5032c54d2ba9f6.enable-bg-rollover .rollover i,\n.shortcode-single-image-wrap.shortcode-single-image-981939ac4f6e7799aa5032c54d2ba9f6.enable-bg-rollover .rollover-video i {\n  background: -webkit-linear-gradient();\n  background: linear-gradient();\n}\n.shortcode-single-image-wrap.shortcode-single-image-981939ac4f6e7799aa5032c54d2ba9f6 .rollover-icon {\n  font-size: 32px;\n  color: #ffffff;\n  min-width: 44px;\n  min-height: 44px;\n  line-height: 44px;\n  border-radius: 100px;\n  border-style: solid;\n  border-width: 0px;\n}\n.dt-icon-bg-on.shortcode-single-image-wrap.shortcode-single-image-981939ac4f6e7799aa5032c54d2ba9f6 .rollover-icon {\n  background: rgba(255,255,255,0.3);\n  box-shadow: none;\n}\n<\/style><div class=\"shortcode-single-image-wrap shortcode-single-image-981939ac4f6e7799aa5032c54d2ba9f6 alignnone  enable-bg-rollover dt-icon-bg-off\" style=\"margin-top:0px; margin-bottom:0px; margin-left:0px; margin-right:0px; width:500px;\"><div class=\"shortcode-single-image\"><div class=\"fancy-media-wrap\" style=\"\"><a href=\"http:\/\/task39.sites.olt.ubc.ca\/files\/2020\/02\/Task-39-Phase-2.2-Ethanol-2G-Comparison-of-Biofuel-Life-Cycle-Analysis-Tools.pdf\" class=\" layzr-bg rollover\" style=\"\" target=\"_blank\" rel=\"noopener\" aria-label=\"Image\"><img decoding=\"async\" class=\"preload-me lazy-load aspect\" src=\"data:image\/svg+xml,%3Csvg%20xmlns%3D&#39;http%3A%2F%2Fwww.w3.org%2F2000%2Fsvg&#39;%20viewBox%3D&#39;0%200%20500%20499&#39;%2F%3E\" data-src=\"https:\/\/lnbr.cnpem.br\/wp-content\/uploads\/2021\/07\/IEA-500x499.png\" data-srcset=\"https:\/\/lnbr.cnpem.br\/wp-content\/uploads\/2021\/07\/IEA-500x499.png 500w, https:\/\/lnbr.cnpem.br\/wp-content\/uploads\/2021\/07\/IEA.png 952w\" loading=\"eager\" style=\"--ratio: 500 \/ 499\" sizes=\"(max-width: 500px) 100vw, 500px\" width=\"500\" height=\"499\"  data-dt-location=\"https:\/\/lnbr.cnpem.br\/en\/sustentabilidade\/iea\/\" alt=\"\" \/><\/a><\/div><\/div><\/div>[vc_empty_space][vc_column_text]<span style=\"font-size: 20pt; color: #ffffff;\"><strong>Compara\u00e7\u00e3o de ferramentas de an\u00e1lise do ciclo de vida de biocombust\u00edveis<\/strong><\/span><\/p>\n<p><span style=\"color: #ffffff;\">Trabalho realizado em parceria com Ag\u00eancia Internacional de Energia (IEA) fornece recomenda\u00e7\u00f5es para promover a transpar\u00eancia e a harmoniza\u00e7\u00e3o dos modelos de an\u00e1lise de ciclo de vida (ACV)<\/span>[\/vc_column_text][vc_btn title=&#8221;LEIA AGORA&#8221; shape=&#8221;square&#8221; color=&#8221;white&#8221; size=&#8221;lg&#8221; i_type=&#8221;the7&#8243; i_icon_the7=&#8221;icomoon-the7-font-the7-arrow-11&#8243; add_icon=&#8221;true&#8221; link=&#8221;url:http%3A%2F%2Ftask39.sites.olt.ubc.ca%2Ffiles%2F2020%2F02%2FTask-39-Phase-2.2-Ethanol-2G-Comparison-of-Biofuel-Life-Cycle-Analysis-Tools.pdf|target:_blank&#8221;][\/vc_column_inner][\/vc_row_inner][vc_row_inner][vc_column_inner][vc_column_text]<\/p>\n<p style=\"text-align: justify;\"><span style=\"text-align: justify;\">A busca por processos, produtos e atividades mais sustent\u00e1veis tem se tornado cada vez mais central nas agendas de desenvolvimento, garantindo as necessidades das gera\u00e7\u00f5es presentes e futuras, promovendo a\u00e7\u00f5es que minimizem os impactos sobre o meio ambiente, otimizem o uso de recursos naturais e gerem benef\u00edcios socioecon\u00f4micos.<\/span><\/p>\n<p style=\"text-align: justify;\">Podemos dizer que o conceito da sustentabilidade est\u00e1 suportado por um trip\u00e9 que engloba aspectos econ\u00f4micos, ambientais e sociais, e somente unindo todas essas diferentes dimens\u00f5es poderemos atingir um desenvolvimento sustent\u00e1vel, como estabelecido pela ONU nos 17 Objetivos de Desenvolvimento Sustent\u00e1vel propostos em sua <a href=\"https:\/\/www.un.org\/sustainabledevelopment\/\"><strong>Agenda 2030<\/strong><\/a>.<\/p>\n<p style=\"text-align: justify;\">Historicamente, a dimens\u00e3o econ\u00f4mica sempre foi muito trabalhada, baseando-se em conceitos como prosperidade econ\u00f4mica, competitividade de mercado, estrat\u00e9gias de crescimento, maximiza\u00e7\u00e3o de lucros e efici\u00eancia na aplica\u00e7\u00e3o de recursos. Aspectos ambientais \u2013 como a conserva\u00e7\u00e3o de recursos naturais, uso de energias renov\u00e1veis, respeito \u00e0 biodiversidade, minimiza\u00e7\u00e3o da gera\u00e7\u00e3o de res\u00edduos e estabelecimento de uma economia circular \u2013 e sociais \u2013 como a valoriza\u00e7\u00e3o dos direitos humanos e do bem-estar social, com bases \u00e9ticas e promo\u00e7\u00e3o de pol\u00edticas inclusivas \u2013 t\u00eam sido incorporados de forma irrevers\u00edvel nas agendas de desenvolvimento sustent\u00e1vel, mesmo em ambientes tradicionalmente dominados pelas quest\u00f5es econ\u00f4micas, como \u00e9 o caso do crescente interesse pelo conceito de <strong>ESG<\/strong>, incorporando quest\u00f5es ambientais (<em>Environmental<\/em>), sociais (<em>Social<\/em>) e de governan\u00e7a (<em>Governance<\/em>) no ambiente empresarial e financeiro.<\/p>\n<p style=\"text-align: justify;\">A fim de orientar os desenvolvimentos tecnol\u00f3gicos e a transi\u00e7\u00e3o para uma economia de base biol\u00f3gica e renov\u00e1vel, \u00e9 fundamental que as quest\u00f5es relativas \u00e0 sustentabilidade sejam levadas sempre em considera\u00e7\u00e3o. No LNBR, por meio do uso de t\u00e9cnicas e ferramentas avan\u00e7adas de modelagem e simula\u00e7\u00e3o computacional, trabalhamos para antecipar e estimar os impactos associados \u00e0 produ\u00e7\u00e3o de biorrenov\u00e1veis, garantindo assim escolhas de processos, produtos e atividades que promovam o desenvolvimento sustent\u00e1vel.<\/p>\n<p>[\/vc_column_text][\/vc_column_inner][\/vc_row_inner][\/vc_column][vc_column width=&#8221;1\/4&#8243;][vc_accordion active_tab=&#8221;0&#8243; collapsible=&#8221;yes&#8221; style=&#8221;2&#8243;][vc_accordion_tab title=&#8221;IND\u00daSTRIA&#8221;][vc_custom_heading text=&#8221;Inova\u00e7\u00e3o&#8221; font_container=&#8221;tag:p|text_align:left&#8221; google_fonts=&#8221;font_family:Open%20Sans%3A300%2C300italic%2Cregular%2Citalic%2C600%2C600italic%2C700%2C700italic%2C800%2C800italic|font_style:400%20regular%3A400%3Anormal&#8221; link=&#8221;url:https%3A%2F%2Flnbr.cnpem.br%2Fpt-br%2Finovacao%2F&#8221;][vc_custom_heading text=&#8221;BioValue&#8221; font_container=&#8221;tag:p|text_align:left&#8221; google_fonts=&#8221;font_family:Open%20Sans%3A300%2C300italic%2Cregular%2Citalic%2C600%2C600italic%2C700%2C700italic%2C800%2C800italic|font_style:400%20regular%3A400%3Anormal&#8221; link=&#8221;url:https%3A%2F%2Flnbr.cnpem.br%2Fpt-br%2Fbiovalue%2F&#8221;][vc_custom_heading text=&#8221;SUCRE&#8221; font_container=&#8221;tag:p|text_align:left&#8221; google_fonts=&#8221;font_family:Open%20Sans%3A300%2C300italic%2Cregular%2Citalic%2C600%2C600italic%2C700%2C700italic%2C800%2C800italic|font_style:400%20regular%3A400%3Anormal&#8221; link=&#8221;url:https%3A%2F%2Flnbr.cnpem.br%2Fpt-br%2Fsucre%2F&#8221;][\/vc_accordion_tab][\/vc_accordion]<div class=\"hr-thin style-line\" style=\"width: 100%;border-color: #606060;border-top-width: 5px;\"><\/div>[vc_accordion active_tab=&#8221;1&#8243; collapsible=&#8221;yes&#8221; style=&#8221;2&#8243;][vc_accordion_tab title=&#8221;CONCEITOS PRINCIPAIS&#8221;][vc_custom_heading text=&#8221;Avalia\u00e7\u00e3o do Ciclo de Vida (ACV)&#8221; font_container=&#8221;tag:p|text_align:left&#8221; google_fonts=&#8221;font_family:Open%20Sans%3A300%2C300italic%2Cregular%2Citalic%2C600%2C600italic%2C700%2C700italic%2C800%2C800italic|font_style:400%20regular%3A400%3Anormal&#8221; link=&#8221;url:https%3A%2F%2Flnbr.cnpem.br%2Fwp-content%2Fuploads%2F2021%2F07%2FAvaliacao-do-Ciclo-de-Vida-ACV_FIM.pdf|target:_blank&#8221;][\/vc_accordion_tab][\/vc_accordion]<div class=\"hr-thin style-line\" style=\"width: 100%;border-color: #606060;border-top-width: 5px;\"><\/div>[vc_accordion active_tab=&#8221;1&#8243; collapsible=&#8221;yes&#8221; style=&#8221;2&#8243;][vc_accordion_tab title=&#8221;FALE CONOSCO&#8221;][vc_column_text]<strong>Sustentabilidade<br \/>\n<\/strong>Mateus F. Chagas<br \/>\n<a href=\"mailto:lnbr.dir@lnbr.cnpem.br\">lnbr.dir@lnbr.cnpem.br<\/a>[\/vc_column_text][\/vc_accordion_tab][\/vc_accordion]<div class=\"hr-thin style-line\" style=\"width: 100%;border-color: #606060;border-top-width: 5px;\"><\/div>[vc_accordion active_tab=&#8221;0&#8243; collapsible=&#8221;yes&#8221; style=&#8221;2&#8243;][vc_accordion_tab title=&#8221;COMPARTILHE&#8221;][vc_column_text]<\/p>\n<div class=\"single-share-box\">\n<div class=\"share-buttons\"><a class=\"linkedin\" title=\"LinkedIn\" href=\"https:\/\/www.linkedin.com\/shareArticle?mini=true&amp;url=https%3A%2F%2Fpages.cnpem.br%2Flnbrteste%2Flideranca%2F&amp;title=Lideran%C3%A7a&amp;summary=&amp;source=LNBR\" target=\"_blank\" rel=\"noopener noreferrer\"><span class=\"social-text\">Share on LinkedIn<\/span><span class=\"screen-reader-text\">Share on LinkedIn<\/span><\/a><br \/>\n<a class=\"facebook\" title=\"Facebook\" href=\"http:\/\/www.facebook.com\/sharer.php?u=https%3A%2F%2Fpages.cnpem.br%2Flnbrteste%2Flideranca%2F&amp;t=Lideran%C3%A7a\" target=\"_blank\" rel=\"noopener noreferrer\"><span class=\"social-text\">Share on Facebook<\/span><span class=\"screen-reader-text\">Share on Facebook<\/span><\/a><br \/>\n<a class=\"twitter\" title=\"Twitter\" href=\"https:\/\/twitter.com\/share?url=https%3A%2F%2Fpages.cnpem.br%2Flnbrteste%2Flideranca%2F&amp;text=Lideran%C3%A7a\" target=\"_blank\" rel=\"noopener noreferrer\"><span class=\"social-text\">Tweet<\/span><span class=\"screen-reader-text\">Share on Twitter<\/span><\/a><br \/>\n<a class=\"whatsapp\" title=\"WhatsApp\" href=\"https:\/\/api.whatsapp.com\/send?text=Lideran%C3%A7a%20-%20https%3A%2F%2Fpages.cnpem.br%2Flnbrteste%2Flideranca%2F\" target=\"_blank\" rel=\"noopener noreferrer\" data-action=\"share\/whatsapp\/share\"><span class=\"social-text\">Share on WhatsApp<\/span><span class=\"screen-reader-text\">Share on WhatsApp<\/span><\/a><\/div>\n<p><!-- #content -->[\/vc_column_text][\/vc_accordion_tab][\/vc_accordion]<div class=\"hr-thin style-line\" style=\"width: 100%;border-color: #606060;border-top-width: 5px;\"><\/div>[\/vc_column][\/vc_row]<\/p>\n<\/div>\n<\/section>","protected":false},"excerpt":{"rendered":"<p>[vc_row][vc_column width=&#8221;3\/4&#8243;][vc_row_inner gap=&#8221;10&#8243; css=&#8221;.vc_custom_1626780633451{margin-top: 3px !important;margin-bottom: 3px !important;border-top-width: 3px !important;border-bottom-width: 3px !important;padding-top: 3px !important;padding-bottom: 3px !important;}&#8221;][vc_column_inner width=&#8221;1\/2&#8243; css=&#8221;.vc_custom_1626780626606{margin-top: 3px !important;margin-bottom: 3px !important;border-top-width: 3px !important;border-bottom-width: 3px !important;padding-top: 3px !important;padding-bottom: 3px !important;background-color: #1e73be !important;}&#8221;][vc_column_text css=&#8221;.vc_custom_1626781651716{margin-top: 3px !important;margin-bottom: 3px !important;border-top-width: 3px !important;border-bottom-width: 3px !important;padding-top: 3px !important;padding-bottom: 3px !important;}&#8221;]ESTUDO EM DESTAQUE[\/vc_column_text][vc_empty_space][vc_column_text]19% menos GEE: c\u00e1lculo regionalizado revisa emiss\u00f5es do etanol&hellip;<\/p>\n","protected":false},"author":3,"featured_media":0,"parent":0,"menu_order":0,"comment_status":"closed","ping_status":"closed","template":"","meta":{"_acf_changed":false,"_monsterinsights_skip_tracking":false,"_monsterinsights_sitenote_active":false,"_monsterinsights_sitenote_note":"","_monsterinsights_sitenote_category":0,"footnotes":"","_links_to":"","_links_to_target":""},"class_list":["post-48397","page","type-page","status-publish","hentry","description-off"],"acf":[],"_links":{"self":[{"href":"https:\/\/lnbr.cnpem.br\/en\/wp-json\/wp\/v2\/pages\/48397","targetHints":{"allow":["GET"]}}],"collection":[{"href":"https:\/\/lnbr.cnpem.br\/en\/wp-json\/wp\/v2\/pages"}],"about":[{"href":"https:\/\/lnbr.cnpem.br\/en\/wp-json\/wp\/v2\/types\/page"}],"author":[{"embeddable":true,"href":"https:\/\/lnbr.cnpem.br\/en\/wp-json\/wp\/v2\/users\/3"}],"replies":[{"embeddable":true,"href":"https:\/\/lnbr.cnpem.br\/en\/wp-json\/wp\/v2\/comments?post=48397"}],"version-history":[{"count":0,"href":"https:\/\/lnbr.cnpem.br\/en\/wp-json\/wp\/v2\/pages\/48397\/revisions"}],"wp:attachment":[{"href":"https:\/\/lnbr.cnpem.br\/en\/wp-json\/wp\/v2\/media?parent=48397"}],"curies":[{"name":"wp","href":"https:\/\/api.w.org\/{rel}","templated":true}]}}